{"id":8,"date":"2024-01-27T02:46:12","date_gmt":"2024-01-27T02:46:12","guid":{"rendered":"https:\/\/dream-balloon.com\/?page_id=8"},"modified":"2024-03-02T15:06:03","modified_gmt":"2024-03-02T15:06:03","slug":"where-to-play-the-balloon-slot","status":"publish","type":"page","link":"https:\/\/dream-balloon.com\/pt\/where-to-play-the-balloon-slot\/","title":{"rendered":"Onde jogar o slot Balloon"},"content":{"rendered":"<p>O software da SmartSoft Gaming est\u00e1 instalado em muitas plataformas para entusiastas do jogo. Para encontrar a m\u00e1quina ca\u00e7a-n\u00edqueis Balloon em um cassino, basta inserir o nome do slot na barra de pesquisa do navegador no dispositivo do usu\u00e1rio. Ao escolher um estabelecimento para apostas com dinheiro real, aten\u00e7\u00e3o deve ser dada a clubes licenciados com boa reputa\u00e7\u00e3o. Voc\u00ea pode jogar o simulador Balloon em cassinos populares como:<\/p>\n<ul>\n<li>1win &#8211; uma das plataformas mais visitadas para jogadores;<\/li>\n<li>Vip Casino &#8211; um clube virtual com presentes generosos para novatos;<\/li>\n<li>Pin Up &#8211; um cassino bem conhecido com uma ampla variedade de m\u00e1quinas ca\u00e7a-n\u00edqueis;<\/li>\n<li>Vavada &#8211; um clube virtual justo e licenciado;<\/li>\n<li>1xBet &#8211; um cassino com os melhores b\u00f4nus de boas-vindas.<\/li>\n<\/ul>\n<p>O v\u00eddeo ca\u00e7a-n\u00edqueis Balloon tamb\u00e9m pode ser lan\u00e7ado em outros cassinos online conhecidos. Para jogar com dinheiro real, o registro no estabelecimento \u00e9 um requisito obrigat\u00f3rio. Tamb\u00e9m \u00e9 necess\u00e1rio depositar fundos. Quase todos os clubes oferecem b\u00f4nus de boas-vindas para novatos, que podem ser usados para apostas no simulador.<\/p>\n<h2>Recursos de Registro para Jogar Balloon<\/h2>\n<p>As regras para criar uma conta em diferentes cassinos online variam ligeiramente. Mas o procedimento de registro ocorre principalmente de maneira semelhante. Para criar uma conta de jogo, voc\u00ea precisa escolher um cassino. Vale a pena usar classifica\u00e7\u00f5es, avalia\u00e7\u00f5es de especialistas para encontrar um estabelecimento justo e verificado. O processo de registro \u00e9 o seguinte:<\/p>\n<ul>\n<li>Acesse o site oficial;<\/li>\n<li>Selecione o bot\u00e3o &#8220;Registro&#8221;;<\/li>\n<li>Insira seu n\u00famero de telefone e\/ou email;<\/li>\n<li>Crie um nome de usu\u00e1rio e senha;<\/li>\n<li>Escolha a moeda da conta de jogo;<\/li>\n<li>Aceite as regras e condi\u00e7\u00f5es do clube.<\/li>\n<\/ul>\n<p>Apenas adultos podem se registrar em cassinos para apostas com dinheiro real. Em muitos estabelecimentos, a verifica\u00e7\u00e3o da conta \u00e9 necess\u00e1ria. V\u00e1rios m\u00e9todos de pagamento est\u00e3o dispon\u00edveis para depositar fundos, para que os jogadores n\u00e3o tenham dificuldades em depositar dinheiro em suas contas. Ap\u00f3s concluir os procedimentos, voc\u00ea pode come\u00e7ar a jogar Balloon com dinheiro real, reivindicar grandes pr\u00eamios e se divertir.<\/p>\n","protected":false},"excerpt":{"rendered":"<p>O software da SmartSoft Gaming est\u00e1 instalado em muitas plataformas para entusiastas do jogo. Para encontrar a m\u00e1quina ca\u00e7a-n\u00edqueis Balloon em um cassino, basta inserir&hellip;<\/p>\n","protected":false},"author":1,"featured_media":0,"parent":0,"menu_order":0,"comment_status":"closed","ping_status":"closed","template":"","meta":{"footnotes":""},"class_list":["post-8","page","type-page","status-publish","hentry"],"yoast_head":"<!-- This site is optimized with the Yoast SEO plugin v27.2 - https:\/\/yoast.com\/product\/yoast-seo-wordpress\/ -->\n<title>\u0420\u0435\u0433\u0438\u0441\u0442\u0440\u0430\u0446\u0438\u044f \u043d\u0430 \u043e\u0444\u0438\u0446\u0438\u0430\u043b\u044c\u043d\u043e\u043c \u0441\u0430\u0439\u0442\u0435 \u0434\u043b\u044f \u0438\u0433\u0440\u044b \u0432 Balloon<\/title>\n<meta name=\"description\" content=\"Onde jogar e se cadastrar no cassino online para o jogo de crash Balloon. Jogue e ganhe agora.\" \/>\n<meta name=\"robots\" content=\"index, follow, max-snippet:-1, max-image-preview:large, max-video-preview:-1\" \/>\n<link rel=\"canonical\" href=\"https:\/\/dream-balloon.com\/pt\/where-to-play-the-balloon-slot\/\" \/>\n<meta property=\"og:locale\" content=\"pt_PT\" \/>\n<meta property=\"og:locale:alternate\" content=\"ru_RU\" \/>\n<meta property=\"og:locale:alternate\" content=\"en_US\" \/>\n<meta property=\"og:locale:alternate\" content=\"es_ES\" \/>\n<meta property=\"og:locale:alternate\" content=\"it_IT\" \/>\n<meta property=\"og:locale:alternate\" content=\"fr_FR\" \/>\n<meta property=\"og:type\" content=\"article\" \/>\n<meta property=\"og:title\" content=\"\u0420\u0435\u0433\u0438\u0441\u0442\u0440\u0430\u0446\u0438\u044f \u043d\u0430 \u043e\u0444\u0438\u0446\u0438\u0430\u043b\u044c\u043d\u043e\u043c \u0441\u0430\u0439\u0442\u0435 \u0434\u043b\u044f \u0438\u0433\u0440\u044b \u0432 Balloon\" \/>\n<meta property=\"og:description\" content=\"\u0413\u0434\u0435 \u0438\u0433\u0440\u0430\u0442\u044c \u0438 \u0440\u0435\u0433\u0438\u0441\u0442\u0440\u0430\u0446\u0438\u044f \u0432 \u043e\u043d\u043b\u0430\u0439\u043d \u043a\u0430\u0437\u0438\u043d\u043e \u0432 \u043a\u0440\u0430\u0448 \u0438\u0433\u0440\u0435 Balloon. \u0418\u0433\u0440\u0430\u0442\u044c \u0438 \u043f\u043e\u0431\u0435\u0436\u0434\u0430\u0442\u044c \u0443\u0436\u0435 \u0441\u0435\u0439\u0447\u0430\u0441\" \/>\n<meta property=\"og:url\" content=\"https:\/\/dream-balloon.com\/pt\/where-to-play-the-balloon-slot\/\" \/>\n<meta property=\"og:site_name\" content=\"Balloon\" \/>\n<meta property=\"article:modified_time\" content=\"2024-03-02T15:06:03+00:00\" \/>\n<meta name=\"twitter:card\" content=\"summary_large_image\" \/>\n<meta name=\"twitter:label1\" content=\"Tempo estimado de leitura\" \/>\n\t<meta name=\"twitter:data1\" content=\"9 minutos\" \/>\n<script type=\"application\/ld+json\" class=\"yoast-schema-graph\">{\"@context\":\"https:\/\/schema.org\",\"@graph\":[{\"@type\":\"WebPage\",\"@id\":\"https:\/\/dream-balloon.com\/where-to-play-the-balloon-slot\/\",\"url\":\"https:\/\/dream-balloon.com\/where-to-play-the-balloon-slot\/\",\"name\":\"\u0420\u0435\u0433\u0438\u0441\u0442\u0440\u0430\u0446\u0438\u044f \u043d\u0430 \u043e\u0444\u0438\u0446\u0438\u0430\u043b\u044c\u043d\u043e\u043c \u0441\u0430\u0439\u0442\u0435 \u0434\u043b\u044f \u0438\u0433\u0440\u044b \u0432 Balloon\",\"isPartOf\":{\"@id\":\"https:\/\/dream-balloon.com\/#website\"},\"datePublished\":\"2024-01-27T02:46:12+00:00\",\"dateModified\":\"2024-03-02T15:06:03+00:00\",\"description\":\"\u0413\u0434\u0435 \u0438\u0433\u0440\u0430\u0442\u044c \u0438 \u0440\u0435\u0433\u0438\u0441\u0442\u0440\u0430\u0446\u0438\u044f \u0432 \u043e\u043d\u043b\u0430\u0439\u043d \u043a\u0430\u0437\u0438\u043d\u043e \u0432 \u043a\u0440\u0430\u0448 \u0438\u0433\u0440\u0435 Balloon. \u0418\u0433\u0440\u0430\u0442\u044c \u0438 \u043f\u043e\u0431\u0435\u0436\u0434\u0430\u0442\u044c \u0443\u0436\u0435 \u0441\u0435\u0439\u0447\u0430\u0441\",\"breadcrumb\":{\"@id\":\"https:\/\/dream-balloon.com\/where-to-play-the-balloon-slot\/#breadcrumb\"},\"inLanguage\":\"pt-PT\",\"potentialAction\":[{\"@type\":\"ReadAction\",\"target\":[\"https:\/\/dream-balloon.com\/where-to-play-the-balloon-slot\/\"]}]},{\"@type\":\"BreadcrumbList\",\"@id\":\"https:\/\/dream-balloon.com\/where-to-play-the-balloon-slot\/#breadcrumb\",\"itemListElement\":[{\"@type\":\"ListItem\",\"position\":1,\"name\":\"Home\",\"item\":\"https:\/\/dream-balloon.com\/fr\/\"},{\"@type\":\"ListItem\",\"position\":2,\"name\":\"\u0413\u0434\u0435 \u0438\u0433\u0440\u0430\u0442\u044c \u0432 \u0441\u043b\u043e\u0442 Balloon\"}]},{\"@type\":\"WebSite\",\"@id\":\"https:\/\/dream-balloon.com\/#website\",\"url\":\"https:\/\/dream-balloon.com\/\",\"name\":\"Balloon\",\"description\":\"\",\"publisher\":{\"@id\":\"https:\/\/dream-balloon.com\/#organization\"},\"potentialAction\":[{\"@type\":\"SearchAction\",\"target\":{\"@type\":\"EntryPoint\",\"urlTemplate\":\"https:\/\/dream-balloon.com\/?s={search_term_string}\"},\"query-input\":{\"@type\":\"PropertyValueSpecification\",\"valueRequired\":true,\"valueName\":\"search_term_string\"}}],\"inLanguage\":\"pt-PT\"},{\"@type\":\"Organization\",\"@id\":\"https:\/\/dream-balloon.com\/#organization\",\"name\":\"Balloon\",\"url\":\"https:\/\/dream-balloon.com\/\",\"logo\":{\"@type\":\"ImageObject\",\"inLanguage\":\"pt-PT\",\"@id\":\"https:\/\/dream-balloon.com\/#\/schema\/logo\/image\/\",\"url\":\"https:\/\/dream-balloon.com\/wp-content\/uploads\/balloon-logo.png\",\"contentUrl\":\"https:\/\/dream-balloon.com\/wp-content\/uploads\/balloon-logo.png\",\"width\":470,\"height\":228,\"caption\":\"Balloon\"},\"image\":{\"@id\":\"https:\/\/dream-balloon.com\/#\/schema\/logo\/image\/\"}}]}<\/script>\n<!-- \/ Yoast SEO plugin. -->","yoast_head_json":{"title":"\u0420\u0435\u0433\u0438\u0441\u0442\u0440\u0430\u0446\u0438\u044f \u043d\u0430 \u043e\u0444\u0438\u0446\u0438\u0430\u043b\u044c\u043d\u043e\u043c \u0441\u0430\u0439\u0442\u0435 \u0434\u043b\u044f \u0438\u0433\u0440\u044b \u0432 Balloon","description":"Onde jogar e se cadastrar no cassino online para o jogo de crash Balloon. Jogue e ganhe agora.","robots":{"index":"index","follow":"follow","max-snippet":"max-snippet:-1","max-image-preview":"max-image-preview:large","max-video-preview":"max-video-preview:-1"},"canonical":"https:\/\/dream-balloon.com\/pt\/where-to-play-the-balloon-slot\/","og_locale":"pt_PT","og_type":"article","og_title":"\u0420\u0435\u0433\u0438\u0441\u0442\u0440\u0430\u0446\u0438\u044f \u043d\u0430 \u043e\u0444\u0438\u0446\u0438\u0430\u043b\u044c\u043d\u043e\u043c \u0441\u0430\u0439\u0442\u0435 \u0434\u043b\u044f \u0438\u0433\u0440\u044b \u0432 Balloon","og_description":"\u0413\u0434\u0435 \u0438\u0433\u0440\u0430\u0442\u044c \u0438 \u0440\u0435\u0433\u0438\u0441\u0442\u0440\u0430\u0446\u0438\u044f \u0432 \u043e\u043d\u043b\u0430\u0439\u043d \u043a\u0430\u0437\u0438\u043d\u043e \u0432 \u043a\u0440\u0430\u0448 \u0438\u0433\u0440\u0435 Balloon. \u0418\u0433\u0440\u0430\u0442\u044c \u0438 \u043f\u043e\u0431\u0435\u0436\u0434\u0430\u0442\u044c \u0443\u0436\u0435 \u0441\u0435\u0439\u0447\u0430\u0441","og_url":"https:\/\/dream-balloon.com\/pt\/where-to-play-the-balloon-slot\/","og_site_name":"Balloon","article_modified_time":"2024-03-02T15:06:03+00:00","twitter_card":"summary_large_image","twitter_misc":{"Tempo estimado de leitura":"9 minutos"},"schema":{"@context":"https:\/\/schema.org","@graph":[{"@type":"WebPage","@id":"https:\/\/dream-balloon.com\/where-to-play-the-balloon-slot\/","url":"https:\/\/dream-balloon.com\/where-to-play-the-balloon-slot\/","name":"\u0420\u0435\u0433\u0438\u0441\u0442\u0440\u0430\u0446\u0438\u044f \u043d\u0430 \u043e\u0444\u0438\u0446\u0438\u0430\u043b\u044c\u043d\u043e\u043c \u0441\u0430\u0439\u0442\u0435 \u0434\u043b\u044f \u0438\u0433\u0440\u044b \u0432 Balloon","isPartOf":{"@id":"https:\/\/dream-balloon.com\/#website"},"datePublished":"2024-01-27T02:46:12+00:00","dateModified":"2024-03-02T15:06:03+00:00","description":"\u0413\u0434\u0435 \u0438\u0433\u0440\u0430\u0442\u044c \u0438 \u0440\u0435\u0433\u0438\u0441\u0442\u0440\u0430\u0446\u0438\u044f \u0432 \u043e\u043d\u043b\u0430\u0439\u043d \u043a\u0430\u0437\u0438\u043d\u043e \u0432 \u043a\u0440\u0430\u0448 \u0438\u0433\u0440\u0435 Balloon. \u0418\u0433\u0440\u0430\u0442\u044c \u0438 \u043f\u043e\u0431\u0435\u0436\u0434\u0430\u0442\u044c \u0443\u0436\u0435 \u0441\u0435\u0439\u0447\u0430\u0441","breadcrumb":{"@id":"https:\/\/dream-balloon.com\/where-to-play-the-balloon-slot\/#breadcrumb"},"inLanguage":"pt-PT","potentialAction":[{"@type":"ReadAction","target":["https:\/\/dream-balloon.com\/where-to-play-the-balloon-slot\/"]}]},{"@type":"BreadcrumbList","@id":"https:\/\/dream-balloon.com\/where-to-play-the-balloon-slot\/#breadcrumb","itemListElement":[{"@type":"ListItem","position":1,"name":"Home","item":"https:\/\/dream-balloon.com\/fr\/"},{"@type":"ListItem","position":2,"name":"\u0413\u0434\u0435 \u0438\u0433\u0440\u0430\u0442\u044c \u0432 \u0441\u043b\u043e\u0442 Balloon"}]},{"@type":"WebSite","@id":"https:\/\/dream-balloon.com\/#website","url":"https:\/\/dream-balloon.com\/","name":"Balloon","description":"","publisher":{"@id":"https:\/\/dream-balloon.com\/#organization"},"potentialAction":[{"@type":"SearchAction","target":{"@type":"EntryPoint","urlTemplate":"https:\/\/dream-balloon.com\/?s={search_term_string}"},"query-input":{"@type":"PropertyValueSpecification","valueRequired":true,"valueName":"search_term_string"}}],"inLanguage":"pt-PT"},{"@type":"Organization","@id":"https:\/\/dream-balloon.com\/#organization","name":"Balloon","url":"https:\/\/dream-balloon.com\/","logo":{"@type":"ImageObject","inLanguage":"pt-PT","@id":"https:\/\/dream-balloon.com\/#\/schema\/logo\/image\/","url":"https:\/\/dream-balloon.com\/wp-content\/uploads\/balloon-logo.png","contentUrl":"https:\/\/dream-balloon.com\/wp-content\/uploads\/balloon-logo.png","width":470,"height":228,"caption":"Balloon"},"image":{"@id":"https:\/\/dream-balloon.com\/#\/schema\/logo\/image\/"}}]}},"_links":{"self":[{"href":"https:\/\/dream-balloon.com\/pt\/wp-json\/wp\/v2\/pages\/8","targetHints":{"allow":["GET"]}}],"collection":[{"href":"https:\/\/dream-balloon.com\/pt\/wp-json\/wp\/v2\/pages"}],"about":[{"href":"https:\/\/dream-balloon.com\/pt\/wp-json\/wp\/v2\/types\/page"}],"author":[{"embeddable":true,"href":"https:\/\/dream-balloon.com\/pt\/wp-json\/wp\/v2\/users\/1"}],"replies":[{"embeddable":true,"href":"https:\/\/dream-balloon.com\/pt\/wp-json\/wp\/v2\/comments?post=8"}],"version-history":[{"count":12,"href":"https:\/\/dream-balloon.com\/pt\/wp-json\/wp\/v2\/pages\/8\/revisions"}],"predecessor-version":[{"id":94,"href":"https:\/\/dream-balloon.com\/pt\/wp-json\/wp\/v2\/pages\/8\/revisions\/94"}],"wp:attachment":[{"href":"https:\/\/dream-balloon.com\/pt\/wp-json\/wp\/v2\/media?parent=8"}],"curies":[{"name":"wp","href":"https:\/\/api.w.org\/{rel}","templated":true}]}}