{"id":6,"date":"2024-01-27T02:41:05","date_gmt":"2024-01-27T02:41:05","guid":{"rendered":"https:\/\/dream-balloon.com\/?page_id=6"},"modified":"2024-03-02T15:07:44","modified_gmt":"2024-03-02T15:07:44","slug":"playing-the-balloon-crash-game-at-an-online-casino","status":"publish","type":"page","link":"https:\/\/dream-balloon.com\/pt\/","title":{"rendered":"Jogando o jogo de crash Balloon em um cassino online"},"content":{"rendered":"<p>A empresa SmartSoft Gaming introduziu o jogo de crash \u00fanico Balloon ao p\u00fablico de jogos de azar em 2019. Este jogo \u00e9 diferente das cl\u00e1ssicas m\u00e1quinas de v\u00eddeo, possuindo mec\u00e2nicas e implementa\u00e7\u00e3o de jogabilidade n\u00e3o convencionais. Os jogadores precisam observar cuidadosamente a infla\u00e7\u00e3o do bal\u00e3o virtual e coletar ganhos \u00e0 medida que os multiplicadores de aposta aumentam. O jogo \u00e9 projetado com um design atraente e cores brilhantes. Os multiplicadores na tela s\u00e3o formados com base no gerador de n\u00fameros aleat\u00f3rios. O crescimento aleat\u00f3rio dos multiplicadores garante a justi\u00e7a e imprevisibilidade de cada rodada. Mas apenas o jogador decide quando parar o jogo e reivindicar a recompensa em dinheiro.<\/p>\n<h2>Enredo do slot Balloon<\/h2>\n<p>Balloon \u00e9 um jogo de crash com um enredo simples, dedicado ao voo de um objeto virtual pela tela. Um bal\u00e3o de ar brilhante aparece no campo de jogo. Ele sobe gradualmente, aumentando de tamanho. Junto com o voo do objeto, os multiplicadores de aposta crescem. O momento mais intrigante \u00e9 a explos\u00e3o inesperada do bal\u00e3o, que pode ocorrer a qualquer momento.<\/p>\n<p>No jogo Balloon, o desenvolvedor usou gr\u00e1ficos v\u00edvidos. O bal\u00e3o voa contra um fundo azul-celeste. Do lado direito, h\u00e1 um grande bot\u00e3o de framboesa com um \u00edcone de palma. O jogador precisa pressionar este bot\u00e3o para iniciar a m\u00e1quina ca\u00e7a-n\u00edqueis. Os coeficientes s\u00e3o exibidos no pr\u00f3prio bal\u00e3o em n\u00fameros brancos. Ao segurar o bot\u00e3o, o jogador infla o bal\u00e3o de ar virtual. \u00c9 importante n\u00e3o exagerar para que o objeto n\u00e3o estoure.<\/p>\n<h2>Caracter\u00edsticas do jogo de crash Balloon<\/h2>\n<p>O jogo Balloon \u00e9 desenvolvido pela SmartSoft Gaming como um simulador. O slot n\u00e3o tem bobinas girat\u00f3rias e linhas de pagamento, nenhum s\u00edmbolo b\u00e1sico ou especial. O jogo n\u00e3o cont\u00e9m b\u00f4nus, jogos de risco, jackpots ou giros gr\u00e1tis. Mas, devido ao formato incomum do processo de jogabilidade e bons retornos, o jogo de crash \u00e9 muito popular entre os visitantes de cassinos. Caracter\u00edsticas e especifica\u00e7\u00f5es do jogo de crash Balloon:<\/p>\n<ul>\n<li>Percentual te\u00f3rico de retorno &#8211; 96%;<\/li>\n<li>N\u00edvel de volatilidade &#8211; n\u00e3o definido;<\/li>\n<li>Tamanho m\u00ednimo de aposta &#8211; 0,2 moedas;<\/li>\n<li>Tamanho m\u00e1ximo de aposta &#8211; 10 moedas;<\/li>\n<li>O m\u00e1ximo ganho do slot &#8211; n\u00e3o definido;<\/li>\n<li>Suporte em todos os tipos de dispositivos modernos;<\/li>\n<li>Regras simples, interface e jogabilidade;<\/li>\n<li>Disponibilidade de uma vers\u00e3o de demonstra\u00e7\u00e3o (gratuita);<\/li>\n<li>Mec\u00e2nica de jogabilidade explosiva;<\/li>\n<li>Vers\u00e3o m\u00f3vel do simulador de crash;<\/li>\n<li>Crescimento imprevis\u00edvel dos multiplicadores de aposta.<\/li>\n<\/ul>\n<p>O jogo Balloon \u00e9 suportado em dispositivos desktop e m\u00f3veis. O simulador pode ser baixado com o aplicativo do cassino ou jogado atrav\u00e9s de um navegador sem instalar a m\u00e1quina ca\u00e7a-n\u00edqueis. O slot est\u00e1 dispon\u00edvel tanto no modo pago quanto na vers\u00e3o de demonstra\u00e7\u00e3o gratuita. O jogo pode ser iniciado no modo de treinamento na plataforma do desenvolvedor ou nos sites de cassinos online, bem como nos portais parceiros do provedor dedicados a temas de jogos.<\/p>\n","protected":false},"excerpt":{"rendered":"<p>A empresa SmartSoft Gaming introduziu o jogo de crash \u00fanico Balloon ao p\u00fablico de jogos de azar em 2019. Este jogo \u00e9 diferente das cl\u00e1ssicas&hellip;<\/p>\n","protected":false},"author":1,"featured_media":0,"parent":0,"menu_order":0,"comment_status":"closed","ping_status":"closed","template":"","meta":{"footnotes":""},"class_list":["post-6","page","type-page","status-publish","hentry"],"yoast_head":"<!-- This site is optimized with the Yoast SEO plugin v27.2 - https:\/\/yoast.com\/product\/yoast-seo-wordpress\/ -->\n<title>Jouez au jeu de crash Balloon dans un casino.<\/title>\n<meta name=\"description\" content=\"Jogue o jogo Balloon online. Baixe, teste, jogue de gra\u00e7a, aplicativo para iPhone e Android. Jogo de colis\u00e3o no smartphone.\" \/>\n<meta name=\"robots\" content=\"index, follow, max-snippet:-1, max-image-preview:large, max-video-preview:-1\" \/>\n<link rel=\"canonical\" href=\"https:\/\/dream-balloon.com\/pt\/\" \/>\n<meta property=\"og:locale\" content=\"pt_PT\" \/>\n<meta property=\"og:locale:alternate\" content=\"ru_RU\" \/>\n<meta property=\"og:locale:alternate\" content=\"en_US\" \/>\n<meta property=\"og:locale:alternate\" content=\"es_ES\" \/>\n<meta property=\"og:locale:alternate\" content=\"it_IT\" \/>\n<meta property=\"og:locale:alternate\" content=\"fr_FR\" \/>\n<meta property=\"og:type\" content=\"article\" \/>\n<meta property=\"og:title\" content=\"Jouez au jeu de crash Balloon dans un casino.\" \/>\n<meta property=\"og:description\" content=\"Jouez au jeu en ligne Balloon. T\u00e9l\u00e9chargez, essayez, jouez gratuitement, application iPhone et Android. Jeu de crash sur smartphone.\" \/>\n<meta property=\"og:url\" content=\"https:\/\/dream-balloon.com\/pt\/\" \/>\n<meta property=\"og:site_name\" content=\"Balloon\" \/>\n<meta property=\"article:modified_time\" content=\"2024-03-02T15:07:44+00:00\" \/>\n<meta name=\"twitter:card\" content=\"summary_large_image\" \/>\n<meta name=\"twitter:label1\" content=\"Tempo estimado de leitura\" \/>\n\t<meta name=\"twitter:data1\" content=\"13 minutos\" \/>\n<script type=\"application\/ld+json\" class=\"yoast-schema-graph\">{\"@context\":\"https:\/\/schema.org\",\"@graph\":[{\"@type\":\"WebPage\",\"@id\":\"https:\/\/dream-balloon.com\/fr\/\",\"url\":\"https:\/\/dream-balloon.com\/fr\/\",\"name\":\"Jouez au jeu de crash Balloon dans un casino.\",\"isPartOf\":{\"@id\":\"https:\/\/dream-balloon.com\/#website\"},\"datePublished\":\"2024-01-27T02:41:05+00:00\",\"dateModified\":\"2024-03-02T15:07:44+00:00\",\"description\":\"Jouez au jeu en ligne Balloon. T\u00e9l\u00e9chargez, essayez, jouez gratuitement, application iPhone et Android. Jeu de crash sur smartphone.\",\"breadcrumb\":{\"@id\":\"https:\/\/dream-balloon.com\/fr\/#breadcrumb\"},\"inLanguage\":\"pt-PT\",\"potentialAction\":[{\"@type\":\"ReadAction\",\"target\":[\"https:\/\/dream-balloon.com\/fr\/\"]}]},{\"@type\":\"BreadcrumbList\",\"@id\":\"https:\/\/dream-balloon.com\/fr\/#breadcrumb\",\"itemListElement\":[{\"@type\":\"ListItem\",\"position\":1,\"name\":\"Home\",\"item\":\"https:\/\/dream-balloon.com\/fr\/\"},{\"@type\":\"ListItem\",\"position\":2,\"name\":\"Jouer au jeu de crash Balloon dans un casino en ligne\"}]},{\"@type\":\"WebSite\",\"@id\":\"https:\/\/dream-balloon.com\/#website\",\"url\":\"https:\/\/dream-balloon.com\/\",\"name\":\"Balloon\",\"description\":\"\",\"publisher\":{\"@id\":\"https:\/\/dream-balloon.com\/#organization\"},\"potentialAction\":[{\"@type\":\"SearchAction\",\"target\":{\"@type\":\"EntryPoint\",\"urlTemplate\":\"https:\/\/dream-balloon.com\/?s={search_term_string}\"},\"query-input\":{\"@type\":\"PropertyValueSpecification\",\"valueRequired\":true,\"valueName\":\"search_term_string\"}}],\"inLanguage\":\"pt-PT\"},{\"@type\":\"Organization\",\"@id\":\"https:\/\/dream-balloon.com\/#organization\",\"name\":\"Balloon\",\"url\":\"https:\/\/dream-balloon.com\/\",\"logo\":{\"@type\":\"ImageObject\",\"inLanguage\":\"pt-PT\",\"@id\":\"https:\/\/dream-balloon.com\/#\/schema\/logo\/image\/\",\"url\":\"https:\/\/dream-balloon.com\/wp-content\/uploads\/balloon-logo.png\",\"contentUrl\":\"https:\/\/dream-balloon.com\/wp-content\/uploads\/balloon-logo.png\",\"width\":470,\"height\":228,\"caption\":\"Balloon\"},\"image\":{\"@id\":\"https:\/\/dream-balloon.com\/#\/schema\/logo\/image\/\"}}]}<\/script>\n<!-- \/ Yoast SEO plugin. -->","yoast_head_json":{"title":"Jouez au jeu de crash Balloon dans un casino.","description":"Jogue o jogo Balloon online. Baixe, teste, jogue de gra\u00e7a, aplicativo para iPhone e Android. Jogo de colis\u00e3o no smartphone.","robots":{"index":"index","follow":"follow","max-snippet":"max-snippet:-1","max-image-preview":"max-image-preview:large","max-video-preview":"max-video-preview:-1"},"canonical":"https:\/\/dream-balloon.com\/pt\/","og_locale":"pt_PT","og_type":"article","og_title":"Jouez au jeu de crash Balloon dans un casino.","og_description":"Jouez au jeu en ligne Balloon. T\u00e9l\u00e9chargez, essayez, jouez gratuitement, application iPhone et Android. Jeu de crash sur smartphone.","og_url":"https:\/\/dream-balloon.com\/pt\/","og_site_name":"Balloon","article_modified_time":"2024-03-02T15:07:44+00:00","twitter_card":"summary_large_image","twitter_misc":{"Tempo estimado de leitura":"13 minutos"},"schema":{"@context":"https:\/\/schema.org","@graph":[{"@type":"WebPage","@id":"https:\/\/dream-balloon.com\/fr\/","url":"https:\/\/dream-balloon.com\/fr\/","name":"Jouez au jeu de crash Balloon dans un casino.","isPartOf":{"@id":"https:\/\/dream-balloon.com\/#website"},"datePublished":"2024-01-27T02:41:05+00:00","dateModified":"2024-03-02T15:07:44+00:00","description":"Jouez au jeu en ligne Balloon. T\u00e9l\u00e9chargez, essayez, jouez gratuitement, application iPhone et Android. Jeu de crash sur smartphone.","breadcrumb":{"@id":"https:\/\/dream-balloon.com\/fr\/#breadcrumb"},"inLanguage":"pt-PT","potentialAction":[{"@type":"ReadAction","target":["https:\/\/dream-balloon.com\/fr\/"]}]},{"@type":"BreadcrumbList","@id":"https:\/\/dream-balloon.com\/fr\/#breadcrumb","itemListElement":[{"@type":"ListItem","position":1,"name":"Home","item":"https:\/\/dream-balloon.com\/fr\/"},{"@type":"ListItem","position":2,"name":"Jouer au jeu de crash Balloon dans un casino en ligne"}]},{"@type":"WebSite","@id":"https:\/\/dream-balloon.com\/#website","url":"https:\/\/dream-balloon.com\/","name":"Balloon","description":"","publisher":{"@id":"https:\/\/dream-balloon.com\/#organization"},"potentialAction":[{"@type":"SearchAction","target":{"@type":"EntryPoint","urlTemplate":"https:\/\/dream-balloon.com\/?s={search_term_string}"},"query-input":{"@type":"PropertyValueSpecification","valueRequired":true,"valueName":"search_term_string"}}],"inLanguage":"pt-PT"},{"@type":"Organization","@id":"https:\/\/dream-balloon.com\/#organization","name":"Balloon","url":"https:\/\/dream-balloon.com\/","logo":{"@type":"ImageObject","inLanguage":"pt-PT","@id":"https:\/\/dream-balloon.com\/#\/schema\/logo\/image\/","url":"https:\/\/dream-balloon.com\/wp-content\/uploads\/balloon-logo.png","contentUrl":"https:\/\/dream-balloon.com\/wp-content\/uploads\/balloon-logo.png","width":470,"height":228,"caption":"Balloon"},"image":{"@id":"https:\/\/dream-balloon.com\/#\/schema\/logo\/image\/"}}]}},"_links":{"self":[{"href":"https:\/\/dream-balloon.com\/pt\/wp-json\/wp\/v2\/pages\/6","targetHints":{"allow":["GET"]}}],"collection":[{"href":"https:\/\/dream-balloon.com\/pt\/wp-json\/wp\/v2\/pages"}],"about":[{"href":"https:\/\/dream-balloon.com\/pt\/wp-json\/wp\/v2\/types\/page"}],"author":[{"embeddable":true,"href":"https:\/\/dream-balloon.com\/pt\/wp-json\/wp\/v2\/users\/1"}],"replies":[{"embeddable":true,"href":"https:\/\/dream-balloon.com\/pt\/wp-json\/wp\/v2\/comments?post=6"}],"version-history":[{"count":11,"href":"https:\/\/dream-balloon.com\/pt\/wp-json\/wp\/v2\/pages\/6\/revisions"}],"predecessor-version":[{"id":95,"href":"https:\/\/dream-balloon.com\/pt\/wp-json\/wp\/v2\/pages\/6\/revisions\/95"}],"wp:attachment":[{"href":"https:\/\/dream-balloon.com\/pt\/wp-json\/wp\/v2\/media?parent=6"}],"curies":[{"name":"wp","href":"https:\/\/api.w.org\/{rel}","templated":true}]}}