{"id":14,"date":"2024-01-27T02:50:27","date_gmt":"2024-01-27T02:50:27","guid":{"rendered":"https:\/\/dream-balloon.com\/?page_id=14"},"modified":"2024-03-02T15:11:25","modified_gmt":"2024-03-02T15:11:25","slug":"game-and-betting-strategy-in-the-balloon-crash-game","status":"publish","type":"page","link":"https:\/\/dream-balloon.com\/pt\/game-and-betting-strategy-in-the-balloon-crash-game\/","title":{"rendered":"Estrat\u00e9gia de jogo e apostas no jogo de crash Balloon"},"content":{"rendered":"<p>O jogo de crash Balloon, assim como outros jogos de crash, representa uma combina\u00e7\u00e3o \u00fanica de sorte, estrat\u00e9gia e rea\u00e7\u00e3o r\u00e1pida. Em tais jogos, o objetivo principal \u00e9 maximizar os ganhos ao mesmo tempo em que se controla os riscos. Aplicar estrat\u00e9gias de apostas eficazes ajuda os jogadores n\u00e3o apenas a aumentar suas chances de sucesso, mas tamb\u00e9m a manter um saldo positivo durante uma longa sess\u00e3o de jogo. Antes de usar qualquer estrat\u00e9gia no jogo real, \u00e9 recomend\u00e1vel testar sua efic\u00e1cia no modo de demonstra\u00e7\u00e3o. Abaixo est\u00e3o tr\u00eas estrat\u00e9gias principais frequentemente usadas por jogadores experientes no jogo Balloon:<\/p>\n<ol>\n<li>\n<h3>Jogar com pequenas apostas e risco m\u00ednimo:<\/h3>\n<p>Esta estrat\u00e9gia \u00e9 perfeita para iniciantes que procuram construir sua banca enquanto minimizam os riscos. Pequenas apostas permitem que os jogadores permane\u00e7am no jogo por um longo tempo e acumulem gradualmente ganhos sem arriscar perdas financeiras significativas.<\/li>\n<li>\n<h3>T\u00e1tica de apostas m\u00e9dias:<\/h3>\n<p>Esta estrat\u00e9gia envolve escolher apostas de tamanho m\u00e9dio. Os jogadores precisam determinar o tamanho de sua banca para a sess\u00e3o de jogo com anteced\u00eancia e fazer apostas que correspondam a esse or\u00e7amento. \u00c9 recomend\u00e1vel bloquear os ganhos ao atingir multiplicadores m\u00e9dios para garantir um lucro moderado e est\u00e1vel.<\/li>\n<li>\n<h3>Jogar com grandes apostas:<\/h3>\n<p>Esta estrat\u00e9gia \u00e9 adequada para jogadores mais experientes e propensos a correr riscos. Envolve fazer grandes apostas, o que pode levar a grandes pagamentos, mas tamb\u00e9m aumenta o risco de perdas. \u00c9 importante coletar pr\u00eamios ao atingir multiplicadores altos para maximizar os ganhos.<\/li>\n<\/ol>\n<p>Independentemente da estrat\u00e9gia escolhida, \u00e9 importante praticar no modo de demonstra\u00e7\u00e3o. Isso permitir\u00e1 que voc\u00ea aprenda rapidamente a identificar o momento ideal para sacar os ganhos e melhorar sua habilidade de prever o momento da explos\u00e3o do bal\u00e3o no jogo. Para iniciantes, \u00e9 recomend\u00e1vel come\u00e7ar com apostas baixas e aumentar gradualmente seu tamanho, construindo confian\u00e7a e experi\u00eancia.<\/p>\n<p>Antes de come\u00e7ar o jogo, \u00e9 necess\u00e1rio definir um or\u00e7amento claro para a sess\u00e3o de jogo e aderir estritamente a ele para evitar exceder o limite da banca alocada. Tamb\u00e9m \u00e9 importante jogar o simulador de forma respons\u00e1vel e disciplinada. Se as perdas come\u00e7arem a se acumular, \u00e9 recomend\u00e1vel fazer uma pausa no jogo e retornar \u00e0s apostas mais tarde quando estiver de bom humor e concentra\u00e7\u00e3o.<\/p>\n<p>Al\u00e9m disso, ao receber um grande pr\u00eamio, \u00e9 aconselh\u00e1vel parar o jogo e sacar os fundos. Isso ajudar\u00e1 a evitar a tenta\u00e7\u00e3o de gastar imediatamente os ganhos e proteg\u00ea-lo de perdas potenciais no futuro.<\/p>\n<p>Portanto, um jogo bem-sucedido no Balloon requer n\u00e3o apenas sorte, mas tamb\u00e9m uma estrat\u00e9gia bem pensada, a capacidade de gerenciar sua banca e a habilidade de controlar as emo\u00e7\u00f5es. Seguindo essas dicas, voc\u00ea pode melhorar significativamente suas chances de sucesso e tornar o processo de jogo mais agrad\u00e1vel e seguro.<\/p>\n","protected":false},"excerpt":{"rendered":"<p>O jogo de crash Balloon, assim como outros jogos de crash, representa uma combina\u00e7\u00e3o \u00fanica de sorte, estrat\u00e9gia e rea\u00e7\u00e3o r\u00e1pida. Em tais jogos, o&hellip;<\/p>\n","protected":false},"author":1,"featured_media":0,"parent":0,"menu_order":0,"comment_status":"closed","ping_status":"closed","template":"","meta":{"footnotes":""},"class_list":["post-14","page","type-page","status-publish","hentry"],"yoast_head":"<!-- This site is optimized with the Yoast SEO plugin v27.2 - https:\/\/yoast.com\/product\/yoast-seo-wordpress\/ -->\n<title>Comment jouer au jeu de crash Balloon.<\/title>\n<meta name=\"description\" content=\"Jogue e ven\u00e7a no jogo de crash do Balloon. Melhores estrat\u00e9gias e t\u00e1ticas para jogar.\" \/>\n<meta name=\"robots\" content=\"index, follow, max-snippet:-1, max-image-preview:large, max-video-preview:-1\" \/>\n<link rel=\"canonical\" href=\"https:\/\/dream-balloon.com\/pt\/game-and-betting-strategy-in-the-balloon-crash-game\/\" \/>\n<meta property=\"og:locale\" content=\"pt_PT\" \/>\n<meta property=\"og:locale:alternate\" content=\"ru_RU\" \/>\n<meta property=\"og:locale:alternate\" content=\"en_US\" \/>\n<meta property=\"og:locale:alternate\" content=\"es_ES\" \/>\n<meta property=\"og:locale:alternate\" content=\"it_IT\" \/>\n<meta property=\"og:locale:alternate\" content=\"fr_FR\" \/>\n<meta property=\"og:type\" content=\"article\" \/>\n<meta property=\"og:title\" content=\"Comment jouer au jeu de crash Balloon.\" \/>\n<meta property=\"og:description\" content=\"Jouez et gagnez dans le jeu de crash Balloon. Meilleures strat\u00e9gies et tactiques pour jouer.\" \/>\n<meta property=\"og:url\" content=\"https:\/\/dream-balloon.com\/pt\/game-and-betting-strategy-in-the-balloon-crash-game\/\" \/>\n<meta property=\"og:site_name\" content=\"Balloon\" \/>\n<meta property=\"article:modified_time\" content=\"2024-03-02T15:11:25+00:00\" \/>\n<meta name=\"twitter:card\" content=\"summary_large_image\" \/>\n<meta name=\"twitter:label1\" content=\"Tempo estimado de leitura\" \/>\n\t<meta name=\"twitter:data1\" content=\"12 minutos\" \/>\n<script type=\"application\/ld+json\" class=\"yoast-schema-graph\">{\"@context\":\"https:\/\/schema.org\",\"@graph\":[{\"@type\":\"WebPage\",\"@id\":\"https:\/\/dream-balloon.com\/fr\/game-and-betting-strategy-in-the-balloon-crash-game\/\",\"url\":\"https:\/\/dream-balloon.com\/fr\/game-and-betting-strategy-in-the-balloon-crash-game\/\",\"name\":\"Comment jouer au jeu de crash Balloon.\",\"isPartOf\":{\"@id\":\"https:\/\/dream-balloon.com\/#website\"},\"datePublished\":\"2024-01-27T02:50:27+00:00\",\"dateModified\":\"2024-03-02T15:11:25+00:00\",\"description\":\"Jouez et gagnez dans le jeu de crash Balloon. Meilleures strat\u00e9gies et tactiques pour jouer.\",\"breadcrumb\":{\"@id\":\"https:\/\/dream-balloon.com\/fr\/game-and-betting-strategy-in-the-balloon-crash-game\/#breadcrumb\"},\"inLanguage\":\"pt-PT\",\"potentialAction\":[{\"@type\":\"ReadAction\",\"target\":[\"https:\/\/dream-balloon.com\/fr\/game-and-betting-strategy-in-the-balloon-crash-game\/\"]}]},{\"@type\":\"BreadcrumbList\",\"@id\":\"https:\/\/dream-balloon.com\/fr\/game-and-betting-strategy-in-the-balloon-crash-game\/#breadcrumb\",\"itemListElement\":[{\"@type\":\"ListItem\",\"position\":1,\"name\":\"Home\",\"item\":\"https:\/\/dream-balloon.com\/fr\/\"},{\"@type\":\"ListItem\",\"position\":2,\"name\":\"Strat\u00e9gie de jeu et de paris dans le jeu de crash Balloon\"}]},{\"@type\":\"WebSite\",\"@id\":\"https:\/\/dream-balloon.com\/#website\",\"url\":\"https:\/\/dream-balloon.com\/\",\"name\":\"Balloon\",\"description\":\"\",\"publisher\":{\"@id\":\"https:\/\/dream-balloon.com\/#organization\"},\"potentialAction\":[{\"@type\":\"SearchAction\",\"target\":{\"@type\":\"EntryPoint\",\"urlTemplate\":\"https:\/\/dream-balloon.com\/?s={search_term_string}\"},\"query-input\":{\"@type\":\"PropertyValueSpecification\",\"valueRequired\":true,\"valueName\":\"search_term_string\"}}],\"inLanguage\":\"pt-PT\"},{\"@type\":\"Organization\",\"@id\":\"https:\/\/dream-balloon.com\/#organization\",\"name\":\"Balloon\",\"url\":\"https:\/\/dream-balloon.com\/\",\"logo\":{\"@type\":\"ImageObject\",\"inLanguage\":\"pt-PT\",\"@id\":\"https:\/\/dream-balloon.com\/#\/schema\/logo\/image\/\",\"url\":\"https:\/\/dream-balloon.com\/wp-content\/uploads\/balloon-logo.png\",\"contentUrl\":\"https:\/\/dream-balloon.com\/wp-content\/uploads\/balloon-logo.png\",\"width\":470,\"height\":228,\"caption\":\"Balloon\"},\"image\":{\"@id\":\"https:\/\/dream-balloon.com\/#\/schema\/logo\/image\/\"}}]}<\/script>\n<!-- \/ Yoast SEO plugin. -->","yoast_head_json":{"title":"Comment jouer au jeu de crash Balloon.","description":"Jogue e ven\u00e7a no jogo de crash do Balloon. Melhores estrat\u00e9gias e t\u00e1ticas para jogar.","robots":{"index":"index","follow":"follow","max-snippet":"max-snippet:-1","max-image-preview":"max-image-preview:large","max-video-preview":"max-video-preview:-1"},"canonical":"https:\/\/dream-balloon.com\/pt\/game-and-betting-strategy-in-the-balloon-crash-game\/","og_locale":"pt_PT","og_type":"article","og_title":"Comment jouer au jeu de crash Balloon.","og_description":"Jouez et gagnez dans le jeu de crash Balloon. Meilleures strat\u00e9gies et tactiques pour jouer.","og_url":"https:\/\/dream-balloon.com\/pt\/game-and-betting-strategy-in-the-balloon-crash-game\/","og_site_name":"Balloon","article_modified_time":"2024-03-02T15:11:25+00:00","twitter_card":"summary_large_image","twitter_misc":{"Tempo estimado de leitura":"12 minutos"},"schema":{"@context":"https:\/\/schema.org","@graph":[{"@type":"WebPage","@id":"https:\/\/dream-balloon.com\/fr\/game-and-betting-strategy-in-the-balloon-crash-game\/","url":"https:\/\/dream-balloon.com\/fr\/game-and-betting-strategy-in-the-balloon-crash-game\/","name":"Comment jouer au jeu de crash Balloon.","isPartOf":{"@id":"https:\/\/dream-balloon.com\/#website"},"datePublished":"2024-01-27T02:50:27+00:00","dateModified":"2024-03-02T15:11:25+00:00","description":"Jouez et gagnez dans le jeu de crash Balloon. Meilleures strat\u00e9gies et tactiques pour jouer.","breadcrumb":{"@id":"https:\/\/dream-balloon.com\/fr\/game-and-betting-strategy-in-the-balloon-crash-game\/#breadcrumb"},"inLanguage":"pt-PT","potentialAction":[{"@type":"ReadAction","target":["https:\/\/dream-balloon.com\/fr\/game-and-betting-strategy-in-the-balloon-crash-game\/"]}]},{"@type":"BreadcrumbList","@id":"https:\/\/dream-balloon.com\/fr\/game-and-betting-strategy-in-the-balloon-crash-game\/#breadcrumb","itemListElement":[{"@type":"ListItem","position":1,"name":"Home","item":"https:\/\/dream-balloon.com\/fr\/"},{"@type":"ListItem","position":2,"name":"Strat\u00e9gie de jeu et de paris dans le jeu de crash Balloon"}]},{"@type":"WebSite","@id":"https:\/\/dream-balloon.com\/#website","url":"https:\/\/dream-balloon.com\/","name":"Balloon","description":"","publisher":{"@id":"https:\/\/dream-balloon.com\/#organization"},"potentialAction":[{"@type":"SearchAction","target":{"@type":"EntryPoint","urlTemplate":"https:\/\/dream-balloon.com\/?s={search_term_string}"},"query-input":{"@type":"PropertyValueSpecification","valueRequired":true,"valueName":"search_term_string"}}],"inLanguage":"pt-PT"},{"@type":"Organization","@id":"https:\/\/dream-balloon.com\/#organization","name":"Balloon","url":"https:\/\/dream-balloon.com\/","logo":{"@type":"ImageObject","inLanguage":"pt-PT","@id":"https:\/\/dream-balloon.com\/#\/schema\/logo\/image\/","url":"https:\/\/dream-balloon.com\/wp-content\/uploads\/balloon-logo.png","contentUrl":"https:\/\/dream-balloon.com\/wp-content\/uploads\/balloon-logo.png","width":470,"height":228,"caption":"Balloon"},"image":{"@id":"https:\/\/dream-balloon.com\/#\/schema\/logo\/image\/"}}]}},"_links":{"self":[{"href":"https:\/\/dream-balloon.com\/pt\/wp-json\/wp\/v2\/pages\/14","targetHints":{"allow":["GET"]}}],"collection":[{"href":"https:\/\/dream-balloon.com\/pt\/wp-json\/wp\/v2\/pages"}],"about":[{"href":"https:\/\/dream-balloon.com\/pt\/wp-json\/wp\/v2\/types\/page"}],"author":[{"embeddable":true,"href":"https:\/\/dream-balloon.com\/pt\/wp-json\/wp\/v2\/users\/1"}],"replies":[{"embeddable":true,"href":"https:\/\/dream-balloon.com\/pt\/wp-json\/wp\/v2\/comments?post=14"}],"version-history":[{"count":14,"href":"https:\/\/dream-balloon.com\/pt\/wp-json\/wp\/v2\/pages\/14\/revisions"}],"predecessor-version":[{"id":98,"href":"https:\/\/dream-balloon.com\/pt\/wp-json\/wp\/v2\/pages\/14\/revisions\/98"}],"wp:attachment":[{"href":"https:\/\/dream-balloon.com\/pt\/wp-json\/wp\/v2\/media?parent=14"}],"curies":[{"name":"wp","href":"https:\/\/api.w.org\/{rel}","templated":true}]}}