{"id":12,"date":"2024-01-27T02:49:34","date_gmt":"2024-01-27T02:49:34","guid":{"rendered":"https:\/\/dream-balloon.com\/?page_id=12"},"modified":"2024-03-02T15:08:57","modified_gmt":"2024-03-02T15:08:57","slug":"how-to-download-the-balloon-game","status":"publish","type":"page","link":"https:\/\/dream-balloon.com\/pt\/how-to-download-the-balloon-game\/","title":{"rendered":"Como baixar o jogo Balloon"},"content":{"rendered":"<p>As m\u00e1quinas ca\u00e7a-n\u00edqueis modernas s\u00e3o suportadas em dispositivos desktop e m\u00f3veis. Os jogadores podem instalar slots em seus dispositivos e jogar a qualquer momento conveniente, desde que tenham uma conex\u00e3o de internet est\u00e1vel. O simulador Balloon pode ser instalado em um PC, smartphone, tablet ou laptop com sistemas operacionais populares como Windows, Android e iOS. No entanto, o download do v\u00eddeo slot deve ser feito junto com o aplicativo do cassino onde este slot est\u00e1 dispon\u00edvel para download. Para fazer isso, voc\u00ea precisa:<\/p>\n<ol>\n<li>Escolher um estabelecimento virtual;<\/li>\n<li>Ir para o site oficial;<\/li>\n<li>Completar um registro r\u00e1pido;<\/li>\n<li>Ir para sua conta pessoal;<\/li>\n<li>Recarregar o saldo da sua conta de jogo;<\/li>\n<li>Ativar os b\u00f4nus dispon\u00edveis;<\/li>\n<li>Encontrar o bot\u00e3o de download;<\/li>\n<li>Instalar o aplicativo do cassino;<\/li>\n<li>Fazer login com seu nome de usu\u00e1rio e senha;<\/li>\n<li>Encontrar o slot Balloon no cat\u00e1logo;<\/li>\n<li>Entrar no processo de jogo.<\/li>\n<\/ol>\n<p>A op\u00e7\u00e3o de baixar o simulador separadamente sem o aplicativo do cassino n\u00e3o \u00e9 fornecida. Se voc\u00ea instalar o jogo atrav\u00e9s de servi\u00e7os de aplicativos m\u00f3veis gratuitos, s\u00f3 poder\u00e1 fazer apostas no modo de demonstra\u00e7\u00e3o. N\u00e3o \u00e9 necess\u00e1rio baixar o jogo para o seu dispositivo &#8211; o slot \u00e9 suportado em dispositivos m\u00f3veis e desktop mesmo sem instala\u00e7\u00e3o. Basta visitar seu cassino online favorito e selecionar a m\u00e1quina ca\u00e7a-n\u00edqueis, e ent\u00e3o escolher se deseja jogar o simulador por dinheiro real ou moedas virtuais.<\/p>\n","protected":false},"excerpt":{"rendered":"<p>As m\u00e1quinas ca\u00e7a-n\u00edqueis modernas s\u00e3o suportadas em dispositivos desktop e m\u00f3veis. Os jogadores podem instalar slots em seus dispositivos e jogar a qualquer momento conveniente,&hellip;<\/p>\n","protected":false},"author":1,"featured_media":0,"parent":0,"menu_order":0,"comment_status":"closed","ping_status":"closed","template":"","meta":{"footnotes":""},"class_list":["post-12","page","type-page","status-publish","hentry"],"yoast_head":"<!-- This site is optimized with the Yoast SEO plugin v27.2 - https:\/\/yoast.com\/product\/yoast-seo-wordpress\/ -->\n<title>\u0421\u043a\u0430\u0447\u0430\u0442\u044c \u043a\u0440\u0430\u0448 \u0438\u0433\u0440\u0443 Balloon<\/title>\n<meta name=\"description\" content=\"Baixe o jogo de colis\u00e3o do Balloon no iPhone, Android, tablet, computador pessoal. Baixando o jogo. Baixe e jogue agora.\" \/>\n<meta name=\"robots\" content=\"index, follow, max-snippet:-1, max-image-preview:large, max-video-preview:-1\" \/>\n<link rel=\"canonical\" href=\"https:\/\/dream-balloon.com\/pt\/how-to-download-the-balloon-game\/\" \/>\n<meta property=\"og:locale\" content=\"pt_PT\" \/>\n<meta property=\"og:locale:alternate\" content=\"ru_RU\" \/>\n<meta property=\"og:locale:alternate\" content=\"en_US\" \/>\n<meta property=\"og:locale:alternate\" content=\"es_ES\" \/>\n<meta property=\"og:locale:alternate\" content=\"it_IT\" \/>\n<meta property=\"og:locale:alternate\" content=\"fr_FR\" \/>\n<meta property=\"og:type\" content=\"article\" \/>\n<meta property=\"og:title\" content=\"\u0421\u043a\u0430\u0447\u0430\u0442\u044c \u043a\u0440\u0430\u0448 \u0438\u0433\u0440\u0443 Balloon\" \/>\n<meta property=\"og:description\" content=\"\u0421\u043a\u0430\u0447\u0430\u0442\u044c \u043a\u0440\u0430\u0448 \u0438\u0433\u0440\u0443 Balloon \u043d\u0430 \u0430\u0439\u0444\u043e\u043d, \u0430\u043d\u0434\u0440\u043e\u0438\u0434, \u043f\u043b\u0430\u043d\u0448\u0435\u0442, \u043f\u0435\u0440\u0441\u043e\u043d\u0430\u043b\u044c\u043d\u044b\u0439 \u043a\u043e\u043c\u043f\u044c\u044e\u0442\u0435\u0440. \u0421\u043a\u0430\u0447\u0438\u0432\u0430\u043d\u0438\u0435 \u0438\u0433\u0440\u044b. \u0421\u043a\u0430\u0447\u0430\u0442\u044c \u0438 \u0438\u0433\u0440\u0430\u0442\u044c \u0441\u0435\u0439\u0447\u0430\u0441\" \/>\n<meta property=\"og:url\" content=\"https:\/\/dream-balloon.com\/pt\/how-to-download-the-balloon-game\/\" \/>\n<meta property=\"og:site_name\" content=\"Balloon\" \/>\n<meta property=\"article:modified_time\" content=\"2024-03-02T15:08:57+00:00\" \/>\n<meta name=\"twitter:card\" content=\"summary_large_image\" \/>\n<meta name=\"twitter:label1\" content=\"Tempo estimado de leitura\" \/>\n\t<meta name=\"twitter:data1\" content=\"6 minutos\" \/>\n<script type=\"application\/ld+json\" class=\"yoast-schema-graph\">{\"@context\":\"https:\/\/schema.org\",\"@graph\":[{\"@type\":\"WebPage\",\"@id\":\"https:\/\/dream-balloon.com\/how-to-download-the-balloon-game\/\",\"url\":\"https:\/\/dream-balloon.com\/how-to-download-the-balloon-game\/\",\"name\":\"\u0421\u043a\u0430\u0447\u0430\u0442\u044c \u043a\u0440\u0430\u0448 \u0438\u0433\u0440\u0443 Balloon\",\"isPartOf\":{\"@id\":\"https:\/\/dream-balloon.com\/#website\"},\"datePublished\":\"2024-01-27T02:49:34+00:00\",\"dateModified\":\"2024-03-02T15:08:57+00:00\",\"description\":\"\u0421\u043a\u0430\u0447\u0430\u0442\u044c \u043a\u0440\u0430\u0448 \u0438\u0433\u0440\u0443 Balloon \u043d\u0430 \u0430\u0439\u0444\u043e\u043d, \u0430\u043d\u0434\u0440\u043e\u0438\u0434, \u043f\u043b\u0430\u043d\u0448\u0435\u0442, \u043f\u0435\u0440\u0441\u043e\u043d\u0430\u043b\u044c\u043d\u044b\u0439 \u043a\u043e\u043c\u043f\u044c\u044e\u0442\u0435\u0440. \u0421\u043a\u0430\u0447\u0438\u0432\u0430\u043d\u0438\u0435 \u0438\u0433\u0440\u044b. \u0421\u043a\u0430\u0447\u0430\u0442\u044c \u0438 \u0438\u0433\u0440\u0430\u0442\u044c \u0441\u0435\u0439\u0447\u0430\u0441\",\"breadcrumb\":{\"@id\":\"https:\/\/dream-balloon.com\/how-to-download-the-balloon-game\/#breadcrumb\"},\"inLanguage\":\"pt-PT\",\"potentialAction\":[{\"@type\":\"ReadAction\",\"target\":[\"https:\/\/dream-balloon.com\/how-to-download-the-balloon-game\/\"]}]},{\"@type\":\"BreadcrumbList\",\"@id\":\"https:\/\/dream-balloon.com\/how-to-download-the-balloon-game\/#breadcrumb\",\"itemListElement\":[{\"@type\":\"ListItem\",\"position\":1,\"name\":\"Home\",\"item\":\"https:\/\/dream-balloon.com\/fr\/\"},{\"@type\":\"ListItem\",\"position\":2,\"name\":\"\u041a\u0430\u043a \u0441\u043a\u0430\u0447\u0430\u0442\u044c \u0438\u0433\u0440\u0443 Balloon\"}]},{\"@type\":\"WebSite\",\"@id\":\"https:\/\/dream-balloon.com\/#website\",\"url\":\"https:\/\/dream-balloon.com\/\",\"name\":\"Balloon\",\"description\":\"\",\"publisher\":{\"@id\":\"https:\/\/dream-balloon.com\/#organization\"},\"potentialAction\":[{\"@type\":\"SearchAction\",\"target\":{\"@type\":\"EntryPoint\",\"urlTemplate\":\"https:\/\/dream-balloon.com\/?s={search_term_string}\"},\"query-input\":{\"@type\":\"PropertyValueSpecification\",\"valueRequired\":true,\"valueName\":\"search_term_string\"}}],\"inLanguage\":\"pt-PT\"},{\"@type\":\"Organization\",\"@id\":\"https:\/\/dream-balloon.com\/#organization\",\"name\":\"Balloon\",\"url\":\"https:\/\/dream-balloon.com\/\",\"logo\":{\"@type\":\"ImageObject\",\"inLanguage\":\"pt-PT\",\"@id\":\"https:\/\/dream-balloon.com\/#\/schema\/logo\/image\/\",\"url\":\"https:\/\/dream-balloon.com\/wp-content\/uploads\/balloon-logo.png\",\"contentUrl\":\"https:\/\/dream-balloon.com\/wp-content\/uploads\/balloon-logo.png\",\"width\":470,\"height\":228,\"caption\":\"Balloon\"},\"image\":{\"@id\":\"https:\/\/dream-balloon.com\/#\/schema\/logo\/image\/\"}}]}<\/script>\n<!-- \/ Yoast SEO plugin. -->","yoast_head_json":{"title":"\u0421\u043a\u0430\u0447\u0430\u0442\u044c \u043a\u0440\u0430\u0448 \u0438\u0433\u0440\u0443 Balloon","description":"Baixe o jogo de colis\u00e3o do Balloon no iPhone, Android, tablet, computador pessoal. Baixando o jogo. Baixe e jogue agora.","robots":{"index":"index","follow":"follow","max-snippet":"max-snippet:-1","max-image-preview":"max-image-preview:large","max-video-preview":"max-video-preview:-1"},"canonical":"https:\/\/dream-balloon.com\/pt\/how-to-download-the-balloon-game\/","og_locale":"pt_PT","og_type":"article","og_title":"\u0421\u043a\u0430\u0447\u0430\u0442\u044c \u043a\u0440\u0430\u0448 \u0438\u0433\u0440\u0443 Balloon","og_description":"\u0421\u043a\u0430\u0447\u0430\u0442\u044c \u043a\u0440\u0430\u0448 \u0438\u0433\u0440\u0443 Balloon \u043d\u0430 \u0430\u0439\u0444\u043e\u043d, \u0430\u043d\u0434\u0440\u043e\u0438\u0434, \u043f\u043b\u0430\u043d\u0448\u0435\u0442, \u043f\u0435\u0440\u0441\u043e\u043d\u0430\u043b\u044c\u043d\u044b\u0439 \u043a\u043e\u043c\u043f\u044c\u044e\u0442\u0435\u0440. \u0421\u043a\u0430\u0447\u0438\u0432\u0430\u043d\u0438\u0435 \u0438\u0433\u0440\u044b. \u0421\u043a\u0430\u0447\u0430\u0442\u044c \u0438 \u0438\u0433\u0440\u0430\u0442\u044c \u0441\u0435\u0439\u0447\u0430\u0441","og_url":"https:\/\/dream-balloon.com\/pt\/how-to-download-the-balloon-game\/","og_site_name":"Balloon","article_modified_time":"2024-03-02T15:08:57+00:00","twitter_card":"summary_large_image","twitter_misc":{"Tempo estimado de leitura":"6 minutos"},"schema":{"@context":"https:\/\/schema.org","@graph":[{"@type":"WebPage","@id":"https:\/\/dream-balloon.com\/how-to-download-the-balloon-game\/","url":"https:\/\/dream-balloon.com\/how-to-download-the-balloon-game\/","name":"\u0421\u043a\u0430\u0447\u0430\u0442\u044c \u043a\u0440\u0430\u0448 \u0438\u0433\u0440\u0443 Balloon","isPartOf":{"@id":"https:\/\/dream-balloon.com\/#website"},"datePublished":"2024-01-27T02:49:34+00:00","dateModified":"2024-03-02T15:08:57+00:00","description":"\u0421\u043a\u0430\u0447\u0430\u0442\u044c \u043a\u0440\u0430\u0448 \u0438\u0433\u0440\u0443 Balloon \u043d\u0430 \u0430\u0439\u0444\u043e\u043d, \u0430\u043d\u0434\u0440\u043e\u0438\u0434, \u043f\u043b\u0430\u043d\u0448\u0435\u0442, \u043f\u0435\u0440\u0441\u043e\u043d\u0430\u043b\u044c\u043d\u044b\u0439 \u043a\u043e\u043c\u043f\u044c\u044e\u0442\u0435\u0440. \u0421\u043a\u0430\u0447\u0438\u0432\u0430\u043d\u0438\u0435 \u0438\u0433\u0440\u044b. \u0421\u043a\u0430\u0447\u0430\u0442\u044c \u0438 \u0438\u0433\u0440\u0430\u0442\u044c \u0441\u0435\u0439\u0447\u0430\u0441","breadcrumb":{"@id":"https:\/\/dream-balloon.com\/how-to-download-the-balloon-game\/#breadcrumb"},"inLanguage":"pt-PT","potentialAction":[{"@type":"ReadAction","target":["https:\/\/dream-balloon.com\/how-to-download-the-balloon-game\/"]}]},{"@type":"BreadcrumbList","@id":"https:\/\/dream-balloon.com\/how-to-download-the-balloon-game\/#breadcrumb","itemListElement":[{"@type":"ListItem","position":1,"name":"Home","item":"https:\/\/dream-balloon.com\/fr\/"},{"@type":"ListItem","position":2,"name":"\u041a\u0430\u043a \u0441\u043a\u0430\u0447\u0430\u0442\u044c \u0438\u0433\u0440\u0443 Balloon"}]},{"@type":"WebSite","@id":"https:\/\/dream-balloon.com\/#website","url":"https:\/\/dream-balloon.com\/","name":"Balloon","description":"","publisher":{"@id":"https:\/\/dream-balloon.com\/#organization"},"potentialAction":[{"@type":"SearchAction","target":{"@type":"EntryPoint","urlTemplate":"https:\/\/dream-balloon.com\/?s={search_term_string}"},"query-input":{"@type":"PropertyValueSpecification","valueRequired":true,"valueName":"search_term_string"}}],"inLanguage":"pt-PT"},{"@type":"Organization","@id":"https:\/\/dream-balloon.com\/#organization","name":"Balloon","url":"https:\/\/dream-balloon.com\/","logo":{"@type":"ImageObject","inLanguage":"pt-PT","@id":"https:\/\/dream-balloon.com\/#\/schema\/logo\/image\/","url":"https:\/\/dream-balloon.com\/wp-content\/uploads\/balloon-logo.png","contentUrl":"https:\/\/dream-balloon.com\/wp-content\/uploads\/balloon-logo.png","width":470,"height":228,"caption":"Balloon"},"image":{"@id":"https:\/\/dream-balloon.com\/#\/schema\/logo\/image\/"}}]}},"_links":{"self":[{"href":"https:\/\/dream-balloon.com\/pt\/wp-json\/wp\/v2\/pages\/12","targetHints":{"allow":["GET"]}}],"collection":[{"href":"https:\/\/dream-balloon.com\/pt\/wp-json\/wp\/v2\/pages"}],"about":[{"href":"https:\/\/dream-balloon.com\/pt\/wp-json\/wp\/v2\/types\/page"}],"author":[{"embeddable":true,"href":"https:\/\/dream-balloon.com\/pt\/wp-json\/wp\/v2\/users\/1"}],"replies":[{"embeddable":true,"href":"https:\/\/dream-balloon.com\/pt\/wp-json\/wp\/v2\/comments?post=12"}],"version-history":[{"count":12,"href":"https:\/\/dream-balloon.com\/pt\/wp-json\/wp\/v2\/pages\/12\/revisions"}],"predecessor-version":[{"id":99,"href":"https:\/\/dream-balloon.com\/pt\/wp-json\/wp\/v2\/pages\/12\/revisions\/99"}],"wp:attachment":[{"href":"https:\/\/dream-balloon.com\/pt\/wp-json\/wp\/v2\/media?parent=12"}],"curies":[{"name":"wp","href":"https:\/\/api.w.org\/{rel}","templated":true}]}}