{"id":10,"date":"2024-01-27T02:48:47","date_gmt":"2024-01-27T02:48:47","guid":{"rendered":"https:\/\/dream-balloon.com\/?page_id=10"},"modified":"2024-03-02T15:10:20","modified_gmt":"2024-03-02T15:10:20","slug":"reviews-from-real-players-about-the-balloon-crash-game","status":"publish","type":"page","link":"https:\/\/dream-balloon.com\/pt\/reviews-from-real-players-about-the-balloon-crash-game\/","title":{"rendered":"Avalia\u00e7\u00f5es de jogadores reais sobre o jogo de crash Balloon"},"content":{"rendered":"<p>Antes de come\u00e7ar a jogar em um cassino online, \u00e9 importante reunir o m\u00e1ximo poss\u00edvel de avalia\u00e7\u00f5es para ter uma compreens\u00e3o completa do jogo e das possibilidades que ele oferece. Coletamos avalia\u00e7\u00f5es de jogadores reais sobre o jogo Balloon Crash. Abaixo est\u00e3o as opini\u00f5es dos jogadores.<\/p>\n<h3>O jogo Balloon Crash \u00e9 muito cativante.<\/h3>\n<p>Um jogo muito envolvente! A adrenalina no jogo Balloon sobe toda vez que o bal\u00e3o sobe mais alto, mas sempre h\u00e1 o risco de um &#8216;crash&#8217; repentino. Uma \u00f3tima maneira de se divertir se voc\u00ea jogar moderadamente e n\u00e3o apostar como louco.<\/p>\n<p>Ivan, 23 anos<\/p>\n<h3>Regras muito simples no jogo Balloon.<\/h3>\n<p>Balloon \u00e9 um jogo com regras simples, mas requer um bom senso de timing e sorte. \u00c0s vezes parece que uma vit\u00f3ria est\u00e1 pr\u00f3xima, mas tudo muda em um segundo. Muito f\u00e1cil de jogar.<\/p>\n<p>Anastasia, 23 anos<\/p>\n<h3>Desapontamento no jogo Balloon.<\/h3>\n<p>Estou decepcionada com este jogo. Muita coisa depende do acaso, e parece que as chances de ganhar s\u00e3o irrealisticamente pequenas. Parece que n\u00e3o consigo ganhar neste jogo.<\/p>\n<p>Maria, 20 anos<\/p>\n<h3>Meu jogo favorito de Balloon Crash.<\/h3>\n<p>Este \u00e9 o meu jogo favorito de Balloon Crash! Os gr\u00e1ficos s\u00e3o simples, mas agrad\u00e1veis, e a sensa\u00e7\u00e3o de risco \u00e9 realmente fascinante. Mas voc\u00ea precisa lembrar que ainda \u00e9 um jogo de azar.<\/p>\n<p>Maxim, 23 anos<\/p>\n<h3>Jogou e continuar\u00e1 jogando Balloon.<\/h3>\n<p>Joguei Balloon v\u00e1rias vezes e perdi o interesse rapidamente. No in\u00edcio, parecia emocionante, mas ent\u00e3o percebi que \u00e9 mais sobre aleatoriedade do que estrat\u00e9gia. Parei de jogar.<\/p>\n<p>Mark, 23 anos<\/p>\n<h3>Gosto de jogar o jogo online Balloon.<\/h3>\n<p>Uma \u00f3tima maneira de passar o tempo, e \u00e0s vezes voc\u00ea at\u00e9 consegue ganhar. Mas eu n\u00e3o recomendaria investir muito dinheiro neste jogo. O risco de perder \u00e9 muito alto.<\/p>\n<p>Elena, 23 anos<\/p>\n<h3>O jogo Balloon \u00e9 muito estressante.<\/h3>\n<p>Balloon n\u00e3o \u00e9 apenas um jogo, \u00e9 um verdadeiro teste de nervos! Incrivelmente emocionante ver seus ganhos crescerem, mas voc\u00ea precisa ter cuidado para parar a tempo.<\/p>\n<p>Carlos, 25 anos<\/p>\n<h3>Jogo Balloon.<\/h3>\n<p>O jogo \u00e9 interessante, mas eu preferiria que houvesse mais elementos de controle ou estrat\u00e9gia. Agora parece mais uma loteria do que um jogo em que voc\u00ea, como jogador, pode controlar o jogo.<\/p>\n<p>Michael, 27 anos<\/p>\n<h3>Jogo de azar Balloon &#8211; n\u00e3o \u00e9 para mim.<\/h3>\n<p>Depois de algumas partidas de Balloon, percebi que jogos de azar n\u00e3o s\u00e3o para mim. Muito estresse e incerteza.<\/p>\n<p>Tamara, 20 anos<\/p>\n<h3>Eu adoro o jogo Balloon.<\/h3>\n<p>Eu adoro o Balloon por sua din\u00e2mica e imprevisibilidade. Cada jogo \u00e9 \u00fanico, e isso o torna incrivelmente emocionante, embora arriscado.<\/p>\n<p>Chris, 21 anos<\/p>\n","protected":false},"excerpt":{"rendered":"<p>Antes de come\u00e7ar a jogar em um cassino online, \u00e9 importante reunir o m\u00e1ximo poss\u00edvel de avalia\u00e7\u00f5es para ter uma compreens\u00e3o completa do jogo e&hellip;<\/p>\n","protected":false},"author":1,"featured_media":0,"parent":0,"menu_order":0,"comment_status":"closed","ping_status":"closed","template":"","meta":{"footnotes":""},"class_list":["post-10","page","type-page","status-publish","hentry"],"yoast_head":"<!-- This site is optimized with the Yoast SEO plugin v27.2 - https:\/\/yoast.com\/product\/yoast-seo-wordpress\/ -->\n<title>\u041e\u0442\u0437\u044b\u0432\u044b \u0440\u0435\u0430\u043b\u044c\u043d\u044b\u0445 \u0438\u0433\u0440\u043e\u043a\u043e\u0432 \u043e \u043a\u0440\u0430\u0448 \u0438\u0433\u0440\u0435 Balloon<\/title>\n<meta name=\"description\" content=\"Opini\u00f5es, avalia\u00e7\u00f5es e vis\u00e3o geral do jogo de crash Balloon para jogar com dinheiro real. O que os jogadores reais de cassinos online pensam sobre o jogo online Balloon. Jogue agora.\" \/>\n<meta name=\"robots\" content=\"index, follow, max-snippet:-1, max-image-preview:large, max-video-preview:-1\" \/>\n<link rel=\"canonical\" href=\"https:\/\/dream-balloon.com\/pt\/reviews-from-real-players-about-the-balloon-crash-game\/\" \/>\n<meta property=\"og:locale\" content=\"pt_PT\" \/>\n<meta property=\"og:locale:alternate\" content=\"ru_RU\" \/>\n<meta property=\"og:locale:alternate\" content=\"en_US\" \/>\n<meta property=\"og:locale:alternate\" content=\"es_ES\" \/>\n<meta property=\"og:locale:alternate\" content=\"it_IT\" \/>\n<meta property=\"og:locale:alternate\" content=\"fr_FR\" \/>\n<meta property=\"og:type\" content=\"article\" \/>\n<meta property=\"og:title\" content=\"\u041e\u0442\u0437\u044b\u0432\u044b \u0440\u0435\u0430\u043b\u044c\u043d\u044b\u0445 \u0438\u0433\u0440\u043e\u043a\u043e\u0432 \u043e \u043a\u0440\u0430\u0448 \u0438\u0433\u0440\u0435 Balloon\" \/>\n<meta property=\"og:description\" content=\"\u041c\u043d\u0435\u043d\u0438\u044f, \u043e\u0442\u0437\u044b\u0432\u044b \u0438 \u043e\u0431\u0437\u043e\u0440 \u043a\u0440\u0430\u0448 \u0438\u0433\u0440\u044b Balloon \u0434\u043b\u044f \u0438\u0433\u0440\u044b \u043d\u0430 \u0440\u0435\u0430\u043b\u044c\u043d\u044b\u0435 \u0434\u0435\u043d\u044c\u0433\u0438. \u0427\u0442\u043e \u0434\u0443\u043c\u0430\u044e\u0442 \u043d\u0430\u0441\u0442\u043e\u044f\u0449\u0438\u0435 \u0438\u0433\u0440\u043e\u043a\u0438 \u043e\u043d\u043b\u0430\u0439\u043d \u043a\u0430\u0437\u0438\u043d\u043e \u043e\u0431 \u043e\u043d\u043b\u0430\u0439\u043d \u0438\u0433\u0440\u0435 Balloon. \u0418\u0433\u0440\u0430\u0442\u044c \u0441\u0435\u0439\u0447\u0430\u0441\" \/>\n<meta property=\"og:url\" content=\"https:\/\/dream-balloon.com\/pt\/reviews-from-real-players-about-the-balloon-crash-game\/\" \/>\n<meta property=\"og:site_name\" content=\"Balloon\" \/>\n<meta property=\"article:modified_time\" content=\"2024-03-02T15:10:20+00:00\" \/>\n<meta name=\"twitter:card\" content=\"summary_large_image\" \/>\n<meta name=\"twitter:label1\" content=\"Tempo estimado de leitura\" \/>\n\t<meta name=\"twitter:data1\" content=\"11 minutos\" \/>\n<script type=\"application\/ld+json\" class=\"yoast-schema-graph\">{\"@context\":\"https:\/\/schema.org\",\"@graph\":[{\"@type\":\"WebPage\",\"@id\":\"https:\/\/dream-balloon.com\/reviews-from-real-players-about-the-balloon-crash-game\/\",\"url\":\"https:\/\/dream-balloon.com\/reviews-from-real-players-about-the-balloon-crash-game\/\",\"name\":\"\u041e\u0442\u0437\u044b\u0432\u044b \u0440\u0435\u0430\u043b\u044c\u043d\u044b\u0445 \u0438\u0433\u0440\u043e\u043a\u043e\u0432 \u043e \u043a\u0440\u0430\u0448 \u0438\u0433\u0440\u0435 Balloon\",\"isPartOf\":{\"@id\":\"https:\/\/dream-balloon.com\/#website\"},\"datePublished\":\"2024-01-27T02:48:47+00:00\",\"dateModified\":\"2024-03-02T15:10:20+00:00\",\"description\":\"\u041c\u043d\u0435\u043d\u0438\u044f, \u043e\u0442\u0437\u044b\u0432\u044b \u0438 \u043e\u0431\u0437\u043e\u0440 \u043a\u0440\u0430\u0448 \u0438\u0433\u0440\u044b Balloon \u0434\u043b\u044f \u0438\u0433\u0440\u044b \u043d\u0430 \u0440\u0435\u0430\u043b\u044c\u043d\u044b\u0435 \u0434\u0435\u043d\u044c\u0433\u0438. \u0427\u0442\u043e \u0434\u0443\u043c\u0430\u044e\u0442 \u043d\u0430\u0441\u0442\u043e\u044f\u0449\u0438\u0435 \u0438\u0433\u0440\u043e\u043a\u0438 \u043e\u043d\u043b\u0430\u0439\u043d \u043a\u0430\u0437\u0438\u043d\u043e \u043e\u0431 \u043e\u043d\u043b\u0430\u0439\u043d \u0438\u0433\u0440\u0435 Balloon. \u0418\u0433\u0440\u0430\u0442\u044c \u0441\u0435\u0439\u0447\u0430\u0441\",\"breadcrumb\":{\"@id\":\"https:\/\/dream-balloon.com\/reviews-from-real-players-about-the-balloon-crash-game\/#breadcrumb\"},\"inLanguage\":\"pt-PT\",\"potentialAction\":[{\"@type\":\"ReadAction\",\"target\":[\"https:\/\/dream-balloon.com\/reviews-from-real-players-about-the-balloon-crash-game\/\"]}]},{\"@type\":\"BreadcrumbList\",\"@id\":\"https:\/\/dream-balloon.com\/reviews-from-real-players-about-the-balloon-crash-game\/#breadcrumb\",\"itemListElement\":[{\"@type\":\"ListItem\",\"position\":1,\"name\":\"Home\",\"item\":\"https:\/\/dream-balloon.com\/fr\/\"},{\"@type\":\"ListItem\",\"position\":2,\"name\":\"\u041e\u0442\u0437\u044b\u0432\u044b \u0440\u0435\u0430\u043b\u044c\u043d\u044b\u0445 \u0438\u0433\u0440\u043e\u043a\u043e\u0432 \u043e \u043a\u0440\u0430\u0448 \u0438\u0433\u0440\u0435 Balloon\"}]},{\"@type\":\"WebSite\",\"@id\":\"https:\/\/dream-balloon.com\/#website\",\"url\":\"https:\/\/dream-balloon.com\/\",\"name\":\"Balloon\",\"description\":\"\",\"publisher\":{\"@id\":\"https:\/\/dream-balloon.com\/#organization\"},\"potentialAction\":[{\"@type\":\"SearchAction\",\"target\":{\"@type\":\"EntryPoint\",\"urlTemplate\":\"https:\/\/dream-balloon.com\/?s={search_term_string}\"},\"query-input\":{\"@type\":\"PropertyValueSpecification\",\"valueRequired\":true,\"valueName\":\"search_term_string\"}}],\"inLanguage\":\"pt-PT\"},{\"@type\":\"Organization\",\"@id\":\"https:\/\/dream-balloon.com\/#organization\",\"name\":\"Balloon\",\"url\":\"https:\/\/dream-balloon.com\/\",\"logo\":{\"@type\":\"ImageObject\",\"inLanguage\":\"pt-PT\",\"@id\":\"https:\/\/dream-balloon.com\/#\/schema\/logo\/image\/\",\"url\":\"https:\/\/dream-balloon.com\/wp-content\/uploads\/balloon-logo.png\",\"contentUrl\":\"https:\/\/dream-balloon.com\/wp-content\/uploads\/balloon-logo.png\",\"width\":470,\"height\":228,\"caption\":\"Balloon\"},\"image\":{\"@id\":\"https:\/\/dream-balloon.com\/#\/schema\/logo\/image\/\"}}]}<\/script>\n<!-- \/ Yoast SEO plugin. -->","yoast_head_json":{"title":"\u041e\u0442\u0437\u044b\u0432\u044b \u0440\u0435\u0430\u043b\u044c\u043d\u044b\u0445 \u0438\u0433\u0440\u043e\u043a\u043e\u0432 \u043e \u043a\u0440\u0430\u0448 \u0438\u0433\u0440\u0435 Balloon","description":"Opini\u00f5es, avalia\u00e7\u00f5es e vis\u00e3o geral do jogo de crash Balloon para jogar com dinheiro real. O que os jogadores reais de cassinos online pensam sobre o jogo online Balloon. Jogue agora.","robots":{"index":"index","follow":"follow","max-snippet":"max-snippet:-1","max-image-preview":"max-image-preview:large","max-video-preview":"max-video-preview:-1"},"canonical":"https:\/\/dream-balloon.com\/pt\/reviews-from-real-players-about-the-balloon-crash-game\/","og_locale":"pt_PT","og_type":"article","og_title":"\u041e\u0442\u0437\u044b\u0432\u044b \u0440\u0435\u0430\u043b\u044c\u043d\u044b\u0445 \u0438\u0433\u0440\u043e\u043a\u043e\u0432 \u043e \u043a\u0440\u0430\u0448 \u0438\u0433\u0440\u0435 Balloon","og_description":"\u041c\u043d\u0435\u043d\u0438\u044f, \u043e\u0442\u0437\u044b\u0432\u044b \u0438 \u043e\u0431\u0437\u043e\u0440 \u043a\u0440\u0430\u0448 \u0438\u0433\u0440\u044b Balloon \u0434\u043b\u044f \u0438\u0433\u0440\u044b \u043d\u0430 \u0440\u0435\u0430\u043b\u044c\u043d\u044b\u0435 \u0434\u0435\u043d\u044c\u0433\u0438. \u0427\u0442\u043e \u0434\u0443\u043c\u0430\u044e\u0442 \u043d\u0430\u0441\u0442\u043e\u044f\u0449\u0438\u0435 \u0438\u0433\u0440\u043e\u043a\u0438 \u043e\u043d\u043b\u0430\u0439\u043d \u043a\u0430\u0437\u0438\u043d\u043e \u043e\u0431 \u043e\u043d\u043b\u0430\u0439\u043d \u0438\u0433\u0440\u0435 Balloon. \u0418\u0433\u0440\u0430\u0442\u044c \u0441\u0435\u0439\u0447\u0430\u0441","og_url":"https:\/\/dream-balloon.com\/pt\/reviews-from-real-players-about-the-balloon-crash-game\/","og_site_name":"Balloon","article_modified_time":"2024-03-02T15:10:20+00:00","twitter_card":"summary_large_image","twitter_misc":{"Tempo estimado de leitura":"11 minutos"},"schema":{"@context":"https:\/\/schema.org","@graph":[{"@type":"WebPage","@id":"https:\/\/dream-balloon.com\/reviews-from-real-players-about-the-balloon-crash-game\/","url":"https:\/\/dream-balloon.com\/reviews-from-real-players-about-the-balloon-crash-game\/","name":"\u041e\u0442\u0437\u044b\u0432\u044b \u0440\u0435\u0430\u043b\u044c\u043d\u044b\u0445 \u0438\u0433\u0440\u043e\u043a\u043e\u0432 \u043e \u043a\u0440\u0430\u0448 \u0438\u0433\u0440\u0435 Balloon","isPartOf":{"@id":"https:\/\/dream-balloon.com\/#website"},"datePublished":"2024-01-27T02:48:47+00:00","dateModified":"2024-03-02T15:10:20+00:00","description":"\u041c\u043d\u0435\u043d\u0438\u044f, \u043e\u0442\u0437\u044b\u0432\u044b \u0438 \u043e\u0431\u0437\u043e\u0440 \u043a\u0440\u0430\u0448 \u0438\u0433\u0440\u044b Balloon \u0434\u043b\u044f \u0438\u0433\u0440\u044b \u043d\u0430 \u0440\u0435\u0430\u043b\u044c\u043d\u044b\u0435 \u0434\u0435\u043d\u044c\u0433\u0438. \u0427\u0442\u043e \u0434\u0443\u043c\u0430\u044e\u0442 \u043d\u0430\u0441\u0442\u043e\u044f\u0449\u0438\u0435 \u0438\u0433\u0440\u043e\u043a\u0438 \u043e\u043d\u043b\u0430\u0439\u043d \u043a\u0430\u0437\u0438\u043d\u043e \u043e\u0431 \u043e\u043d\u043b\u0430\u0439\u043d \u0438\u0433\u0440\u0435 Balloon. \u0418\u0433\u0440\u0430\u0442\u044c \u0441\u0435\u0439\u0447\u0430\u0441","breadcrumb":{"@id":"https:\/\/dream-balloon.com\/reviews-from-real-players-about-the-balloon-crash-game\/#breadcrumb"},"inLanguage":"pt-PT","potentialAction":[{"@type":"ReadAction","target":["https:\/\/dream-balloon.com\/reviews-from-real-players-about-the-balloon-crash-game\/"]}]},{"@type":"BreadcrumbList","@id":"https:\/\/dream-balloon.com\/reviews-from-real-players-about-the-balloon-crash-game\/#breadcrumb","itemListElement":[{"@type":"ListItem","position":1,"name":"Home","item":"https:\/\/dream-balloon.com\/fr\/"},{"@type":"ListItem","position":2,"name":"\u041e\u0442\u0437\u044b\u0432\u044b \u0440\u0435\u0430\u043b\u044c\u043d\u044b\u0445 \u0438\u0433\u0440\u043e\u043a\u043e\u0432 \u043e \u043a\u0440\u0430\u0448 \u0438\u0433\u0440\u0435 Balloon"}]},{"@type":"WebSite","@id":"https:\/\/dream-balloon.com\/#website","url":"https:\/\/dream-balloon.com\/","name":"Balloon","description":"","publisher":{"@id":"https:\/\/dream-balloon.com\/#organization"},"potentialAction":[{"@type":"SearchAction","target":{"@type":"EntryPoint","urlTemplate":"https:\/\/dream-balloon.com\/?s={search_term_string}"},"query-input":{"@type":"PropertyValueSpecification","valueRequired":true,"valueName":"search_term_string"}}],"inLanguage":"pt-PT"},{"@type":"Organization","@id":"https:\/\/dream-balloon.com\/#organization","name":"Balloon","url":"https:\/\/dream-balloon.com\/","logo":{"@type":"ImageObject","inLanguage":"pt-PT","@id":"https:\/\/dream-balloon.com\/#\/schema\/logo\/image\/","url":"https:\/\/dream-balloon.com\/wp-content\/uploads\/balloon-logo.png","contentUrl":"https:\/\/dream-balloon.com\/wp-content\/uploads\/balloon-logo.png","width":470,"height":228,"caption":"Balloon"},"image":{"@id":"https:\/\/dream-balloon.com\/#\/schema\/logo\/image\/"}}]}},"_links":{"self":[{"href":"https:\/\/dream-balloon.com\/pt\/wp-json\/wp\/v2\/pages\/10","targetHints":{"allow":["GET"]}}],"collection":[{"href":"https:\/\/dream-balloon.com\/pt\/wp-json\/wp\/v2\/pages"}],"about":[{"href":"https:\/\/dream-balloon.com\/pt\/wp-json\/wp\/v2\/types\/page"}],"author":[{"embeddable":true,"href":"https:\/\/dream-balloon.com\/pt\/wp-json\/wp\/v2\/users\/1"}],"replies":[{"embeddable":true,"href":"https:\/\/dream-balloon.com\/pt\/wp-json\/wp\/v2\/comments?post=10"}],"version-history":[{"count":13,"href":"https:\/\/dream-balloon.com\/pt\/wp-json\/wp\/v2\/pages\/10\/revisions"}],"predecessor-version":[{"id":97,"href":"https:\/\/dream-balloon.com\/pt\/wp-json\/wp\/v2\/pages\/10\/revisions\/97"}],"wp:attachment":[{"href":"https:\/\/dream-balloon.com\/pt\/wp-json\/wp\/v2\/media?parent=10"}],"curies":[{"name":"wp","href":"https:\/\/api.w.org\/{rel}","templated":true}]}}