{"id":8,"date":"2024-01-27T02:46:12","date_gmt":"2024-01-27T02:46:12","guid":{"rendered":"https:\/\/dream-balloon.com\/?page_id=8"},"modified":"2024-03-02T15:06:03","modified_gmt":"2024-03-02T15:06:03","slug":"where-to-play-the-balloon-slot","status":"publish","type":"page","link":"https:\/\/dream-balloon.com\/it\/where-to-play-the-balloon-slot\/","title":{"rendered":"Dove giocare alla slot Balloon"},"content":{"rendered":"<p>Il software di SmartSoft Gaming \u00e8 installato su molte piattaforme per gli appassionati di gioco d&#8217;azzardo. Per trovare la slot Balloon in un casin\u00f2, \u00e8 sufficiente inserire il nome della slot nella barra di ricerca del browser sul dispositivo dell&#8217;utente. Nella scelta di un locale per le scommesse con denaro reale, si dovrebbe prestare attenzione ai club con licenza e una buona reputazione. \u00c8 possibile giocare al simulatore Balloon in casin\u00f2 popolari come:<\/p>\n<ul>\n<li>1win: una delle piattaforme pi\u00f9 visitate dai giocatori;<\/li>\n<li>Vip Casino: un club virtuale con generosi regali per i nuovi arrivati;<\/li>\n<li>Pin Up: un casin\u00f2 ben noto con una vasta gamma di slot machine;<\/li>\n<li>Vavada: un club virtuale equo e con licenza;<\/li>\n<li>1xBet: un casin\u00f2 con i migliori bonus di benvenuto.<\/li>\n<\/ul>\n<p>La slot video Balloon pu\u00f2 anche essere avviata in altri noti casin\u00f2 online. Per giocare con denaro reale, la registrazione presso il locale \u00e8 un requisito obbligatorio. \u00c8 anche necessario depositare fondi. Quasi tutti i club offrono bonus di benvenuto ai nuovi arrivati, che possono essere utilizzati per le scommesse sul simulatore.<\/p>\n<h2><strong>Caratteristiche della registrazione per giocare a Balloon<\/strong><\/h2>\n<p>Le regole per la creazione di un account in diversi casin\u00f2 online variano leggermente. Ma la procedura di registrazione avviene principalmente in modo simile. Per creare un account di gioco, \u00e8 necessario scegliere un casin\u00f2. Vale la pena utilizzare le valutazioni e le recensioni degli esperti per trovare un locale equo e verificato. Il processo di registrazione \u00e8 il seguente:<\/p>\n<ul>\n<li>Andare al sito ufficiale;<\/li>\n<li>Selezionare il pulsante &#8220;Registrazione&#8221;;<\/li>\n<li>Inserire il numero di telefono e\/o l&#8217;email;<\/li>\n<li>Creare un nome utente e una password;<\/li>\n<li>Scegliere la valuta dell&#8217;account di gioco;<\/li>\n<li>Accettare le regole e le condizioni del club.<\/li>\n<\/ul>\n<p>Solo gli adulti possono registrarsi nei casin\u00f2 per scommesse con denaro reale. In molti locali \u00e8 richiesta la verifica dell&#8217;account. Sono disponibili vari metodi di pagamento per depositare fondi, quindi i giocatori non hanno difficolt\u00e0 a depositare denaro sui loro account. Dopo aver completato le formalit\u00e0, \u00e8 possibile iniziare a giocare a Balloon con denaro reale, reclamare grandi vincite e trascorrere un piacevole momento.<\/p>\n","protected":false},"excerpt":{"rendered":"<p>Il software di SmartSoft Gaming \u00e8 installato su molte piattaforme per gli appassionati di gioco d&#8217;azzardo. Per trovare la slot Balloon in un casin\u00f2, \u00e8&hellip;<\/p>\n","protected":false},"author":1,"featured_media":0,"parent":0,"menu_order":0,"comment_status":"closed","ping_status":"closed","template":"","meta":{"footnotes":""},"class_list":["post-8","page","type-page","status-publish","hentry"],"yoast_head":"<!-- This site is optimized with the Yoast SEO plugin v27.2 - https:\/\/yoast.com\/product\/yoast-seo-wordpress\/ -->\n<title>\u0420\u0435\u0433\u0438\u0441\u0442\u0440\u0430\u0446\u0438\u044f \u043d\u0430 \u043e\u0444\u0438\u0446\u0438\u0430\u043b\u044c\u043d\u043e\u043c \u0441\u0430\u0439\u0442\u0435 \u0434\u043b\u044f \u0438\u0433\u0440\u044b \u0432 Balloon<\/title>\n<meta name=\"description\" content=\"Dove giocare e registrarsi nel casin\u00f2 online per il gioco d&#039;azzardo Balloon. Gioca e vinci ora.\" \/>\n<meta name=\"robots\" content=\"index, follow, max-snippet:-1, max-image-preview:large, max-video-preview:-1\" \/>\n<link rel=\"canonical\" href=\"https:\/\/dream-balloon.com\/it\/where-to-play-the-balloon-slot\/\" \/>\n<meta property=\"og:locale\" content=\"it_IT\" \/>\n<meta property=\"og:locale:alternate\" content=\"ru_RU\" \/>\n<meta property=\"og:locale:alternate\" content=\"en_US\" \/>\n<meta property=\"og:locale:alternate\" content=\"pt_PT\" \/>\n<meta property=\"og:locale:alternate\" content=\"es_ES\" \/>\n<meta property=\"og:locale:alternate\" content=\"fr_FR\" \/>\n<meta property=\"og:type\" content=\"article\" \/>\n<meta property=\"og:title\" content=\"\u0420\u0435\u0433\u0438\u0441\u0442\u0440\u0430\u0446\u0438\u044f \u043d\u0430 \u043e\u0444\u0438\u0446\u0438\u0430\u043b\u044c\u043d\u043e\u043c \u0441\u0430\u0439\u0442\u0435 \u0434\u043b\u044f \u0438\u0433\u0440\u044b \u0432 Balloon\" \/>\n<meta property=\"og:description\" content=\"\u0413\u0434\u0435 \u0438\u0433\u0440\u0430\u0442\u044c \u0438 \u0440\u0435\u0433\u0438\u0441\u0442\u0440\u0430\u0446\u0438\u044f \u0432 \u043e\u043d\u043b\u0430\u0439\u043d \u043a\u0430\u0437\u0438\u043d\u043e \u0432 \u043a\u0440\u0430\u0448 \u0438\u0433\u0440\u0435 Balloon. \u0418\u0433\u0440\u0430\u0442\u044c \u0438 \u043f\u043e\u0431\u0435\u0436\u0434\u0430\u0442\u044c \u0443\u0436\u0435 \u0441\u0435\u0439\u0447\u0430\u0441\" \/>\n<meta property=\"og:url\" content=\"https:\/\/dream-balloon.com\/it\/where-to-play-the-balloon-slot\/\" \/>\n<meta property=\"og:site_name\" content=\"Balloon\" \/>\n<meta property=\"article:modified_time\" content=\"2024-03-02T15:06:03+00:00\" \/>\n<meta name=\"twitter:card\" content=\"summary_large_image\" \/>\n<meta name=\"twitter:label1\" content=\"Tempo di lettura stimato\" \/>\n\t<meta name=\"twitter:data1\" content=\"9 minuti\" \/>\n<script type=\"application\/ld+json\" class=\"yoast-schema-graph\">{\"@context\":\"https:\/\/schema.org\",\"@graph\":[{\"@type\":\"WebPage\",\"@id\":\"https:\/\/dream-balloon.com\/where-to-play-the-balloon-slot\/\",\"url\":\"https:\/\/dream-balloon.com\/where-to-play-the-balloon-slot\/\",\"name\":\"\u0420\u0435\u0433\u0438\u0441\u0442\u0440\u0430\u0446\u0438\u044f \u043d\u0430 \u043e\u0444\u0438\u0446\u0438\u0430\u043b\u044c\u043d\u043e\u043c \u0441\u0430\u0439\u0442\u0435 \u0434\u043b\u044f \u0438\u0433\u0440\u044b \u0432 Balloon\",\"isPartOf\":{\"@id\":\"https:\/\/dream-balloon.com\/#website\"},\"datePublished\":\"2024-01-27T02:46:12+00:00\",\"dateModified\":\"2024-03-02T15:06:03+00:00\",\"description\":\"\u0413\u0434\u0435 \u0438\u0433\u0440\u0430\u0442\u044c \u0438 \u0440\u0435\u0433\u0438\u0441\u0442\u0440\u0430\u0446\u0438\u044f \u0432 \u043e\u043d\u043b\u0430\u0439\u043d \u043a\u0430\u0437\u0438\u043d\u043e \u0432 \u043a\u0440\u0430\u0448 \u0438\u0433\u0440\u0435 Balloon. \u0418\u0433\u0440\u0430\u0442\u044c \u0438 \u043f\u043e\u0431\u0435\u0436\u0434\u0430\u0442\u044c \u0443\u0436\u0435 \u0441\u0435\u0439\u0447\u0430\u0441\",\"breadcrumb\":{\"@id\":\"https:\/\/dream-balloon.com\/where-to-play-the-balloon-slot\/#breadcrumb\"},\"inLanguage\":\"it-IT\",\"potentialAction\":[{\"@type\":\"ReadAction\",\"target\":[\"https:\/\/dream-balloon.com\/where-to-play-the-balloon-slot\/\"]}]},{\"@type\":\"BreadcrumbList\",\"@id\":\"https:\/\/dream-balloon.com\/where-to-play-the-balloon-slot\/#breadcrumb\",\"itemListElement\":[{\"@type\":\"ListItem\",\"position\":1,\"name\":\"Home\",\"item\":\"https:\/\/dream-balloon.com\/fr\/\"},{\"@type\":\"ListItem\",\"position\":2,\"name\":\"\u0413\u0434\u0435 \u0438\u0433\u0440\u0430\u0442\u044c \u0432 \u0441\u043b\u043e\u0442 Balloon\"}]},{\"@type\":\"WebSite\",\"@id\":\"https:\/\/dream-balloon.com\/#website\",\"url\":\"https:\/\/dream-balloon.com\/\",\"name\":\"Balloon\",\"description\":\"\",\"publisher\":{\"@id\":\"https:\/\/dream-balloon.com\/#organization\"},\"potentialAction\":[{\"@type\":\"SearchAction\",\"target\":{\"@type\":\"EntryPoint\",\"urlTemplate\":\"https:\/\/dream-balloon.com\/?s={search_term_string}\"},\"query-input\":{\"@type\":\"PropertyValueSpecification\",\"valueRequired\":true,\"valueName\":\"search_term_string\"}}],\"inLanguage\":\"it-IT\"},{\"@type\":\"Organization\",\"@id\":\"https:\/\/dream-balloon.com\/#organization\",\"name\":\"Balloon\",\"url\":\"https:\/\/dream-balloon.com\/\",\"logo\":{\"@type\":\"ImageObject\",\"inLanguage\":\"it-IT\",\"@id\":\"https:\/\/dream-balloon.com\/#\/schema\/logo\/image\/\",\"url\":\"https:\/\/dream-balloon.com\/wp-content\/uploads\/balloon-logo.png\",\"contentUrl\":\"https:\/\/dream-balloon.com\/wp-content\/uploads\/balloon-logo.png\",\"width\":470,\"height\":228,\"caption\":\"Balloon\"},\"image\":{\"@id\":\"https:\/\/dream-balloon.com\/#\/schema\/logo\/image\/\"}}]}<\/script>\n<!-- \/ Yoast SEO plugin. -->","yoast_head_json":{"title":"\u0420\u0435\u0433\u0438\u0441\u0442\u0440\u0430\u0446\u0438\u044f \u043d\u0430 \u043e\u0444\u0438\u0446\u0438\u0430\u043b\u044c\u043d\u043e\u043c \u0441\u0430\u0439\u0442\u0435 \u0434\u043b\u044f \u0438\u0433\u0440\u044b \u0432 Balloon","description":"Dove giocare e registrarsi nel casin\u00f2 online per il gioco d'azzardo Balloon. Gioca e vinci ora.","robots":{"index":"index","follow":"follow","max-snippet":"max-snippet:-1","max-image-preview":"max-image-preview:large","max-video-preview":"max-video-preview:-1"},"canonical":"https:\/\/dream-balloon.com\/it\/where-to-play-the-balloon-slot\/","og_locale":"it_IT","og_type":"article","og_title":"\u0420\u0435\u0433\u0438\u0441\u0442\u0440\u0430\u0446\u0438\u044f \u043d\u0430 \u043e\u0444\u0438\u0446\u0438\u0430\u043b\u044c\u043d\u043e\u043c \u0441\u0430\u0439\u0442\u0435 \u0434\u043b\u044f \u0438\u0433\u0440\u044b \u0432 Balloon","og_description":"\u0413\u0434\u0435 \u0438\u0433\u0440\u0430\u0442\u044c \u0438 \u0440\u0435\u0433\u0438\u0441\u0442\u0440\u0430\u0446\u0438\u044f \u0432 \u043e\u043d\u043b\u0430\u0439\u043d \u043a\u0430\u0437\u0438\u043d\u043e \u0432 \u043a\u0440\u0430\u0448 \u0438\u0433\u0440\u0435 Balloon. \u0418\u0433\u0440\u0430\u0442\u044c \u0438 \u043f\u043e\u0431\u0435\u0436\u0434\u0430\u0442\u044c \u0443\u0436\u0435 \u0441\u0435\u0439\u0447\u0430\u0441","og_url":"https:\/\/dream-balloon.com\/it\/where-to-play-the-balloon-slot\/","og_site_name":"Balloon","article_modified_time":"2024-03-02T15:06:03+00:00","twitter_card":"summary_large_image","twitter_misc":{"Tempo di lettura stimato":"9 minuti"},"schema":{"@context":"https:\/\/schema.org","@graph":[{"@type":"WebPage","@id":"https:\/\/dream-balloon.com\/where-to-play-the-balloon-slot\/","url":"https:\/\/dream-balloon.com\/where-to-play-the-balloon-slot\/","name":"\u0420\u0435\u0433\u0438\u0441\u0442\u0440\u0430\u0446\u0438\u044f \u043d\u0430 \u043e\u0444\u0438\u0446\u0438\u0430\u043b\u044c\u043d\u043e\u043c \u0441\u0430\u0439\u0442\u0435 \u0434\u043b\u044f \u0438\u0433\u0440\u044b \u0432 Balloon","isPartOf":{"@id":"https:\/\/dream-balloon.com\/#website"},"datePublished":"2024-01-27T02:46:12+00:00","dateModified":"2024-03-02T15:06:03+00:00","description":"\u0413\u0434\u0435 \u0438\u0433\u0440\u0430\u0442\u044c \u0438 \u0440\u0435\u0433\u0438\u0441\u0442\u0440\u0430\u0446\u0438\u044f \u0432 \u043e\u043d\u043b\u0430\u0439\u043d \u043a\u0430\u0437\u0438\u043d\u043e \u0432 \u043a\u0440\u0430\u0448 \u0438\u0433\u0440\u0435 Balloon. \u0418\u0433\u0440\u0430\u0442\u044c \u0438 \u043f\u043e\u0431\u0435\u0436\u0434\u0430\u0442\u044c \u0443\u0436\u0435 \u0441\u0435\u0439\u0447\u0430\u0441","breadcrumb":{"@id":"https:\/\/dream-balloon.com\/where-to-play-the-balloon-slot\/#breadcrumb"},"inLanguage":"it-IT","potentialAction":[{"@type":"ReadAction","target":["https:\/\/dream-balloon.com\/where-to-play-the-balloon-slot\/"]}]},{"@type":"BreadcrumbList","@id":"https:\/\/dream-balloon.com\/where-to-play-the-balloon-slot\/#breadcrumb","itemListElement":[{"@type":"ListItem","position":1,"name":"Home","item":"https:\/\/dream-balloon.com\/fr\/"},{"@type":"ListItem","position":2,"name":"\u0413\u0434\u0435 \u0438\u0433\u0440\u0430\u0442\u044c \u0432 \u0441\u043b\u043e\u0442 Balloon"}]},{"@type":"WebSite","@id":"https:\/\/dream-balloon.com\/#website","url":"https:\/\/dream-balloon.com\/","name":"Balloon","description":"","publisher":{"@id":"https:\/\/dream-balloon.com\/#organization"},"potentialAction":[{"@type":"SearchAction","target":{"@type":"EntryPoint","urlTemplate":"https:\/\/dream-balloon.com\/?s={search_term_string}"},"query-input":{"@type":"PropertyValueSpecification","valueRequired":true,"valueName":"search_term_string"}}],"inLanguage":"it-IT"},{"@type":"Organization","@id":"https:\/\/dream-balloon.com\/#organization","name":"Balloon","url":"https:\/\/dream-balloon.com\/","logo":{"@type":"ImageObject","inLanguage":"it-IT","@id":"https:\/\/dream-balloon.com\/#\/schema\/logo\/image\/","url":"https:\/\/dream-balloon.com\/wp-content\/uploads\/balloon-logo.png","contentUrl":"https:\/\/dream-balloon.com\/wp-content\/uploads\/balloon-logo.png","width":470,"height":228,"caption":"Balloon"},"image":{"@id":"https:\/\/dream-balloon.com\/#\/schema\/logo\/image\/"}}]}},"_links":{"self":[{"href":"https:\/\/dream-balloon.com\/it\/wp-json\/wp\/v2\/pages\/8","targetHints":{"allow":["GET"]}}],"collection":[{"href":"https:\/\/dream-balloon.com\/it\/wp-json\/wp\/v2\/pages"}],"about":[{"href":"https:\/\/dream-balloon.com\/it\/wp-json\/wp\/v2\/types\/page"}],"author":[{"embeddable":true,"href":"https:\/\/dream-balloon.com\/it\/wp-json\/wp\/v2\/users\/1"}],"replies":[{"embeddable":true,"href":"https:\/\/dream-balloon.com\/it\/wp-json\/wp\/v2\/comments?post=8"}],"version-history":[{"count":12,"href":"https:\/\/dream-balloon.com\/it\/wp-json\/wp\/v2\/pages\/8\/revisions"}],"predecessor-version":[{"id":94,"href":"https:\/\/dream-balloon.com\/it\/wp-json\/wp\/v2\/pages\/8\/revisions\/94"}],"wp:attachment":[{"href":"https:\/\/dream-balloon.com\/it\/wp-json\/wp\/v2\/media?parent=8"}],"curies":[{"name":"wp","href":"https:\/\/api.w.org\/{rel}","templated":true}]}}