{"id":12,"date":"2024-01-27T02:49:34","date_gmt":"2024-01-27T02:49:34","guid":{"rendered":"https:\/\/dream-balloon.com\/?page_id=12"},"modified":"2024-03-02T15:08:57","modified_gmt":"2024-03-02T15:08:57","slug":"how-to-download-the-balloon-game","status":"publish","type":"page","link":"https:\/\/dream-balloon.com\/it\/how-to-download-the-balloon-game\/","title":{"rendered":"Come scaricare il gioco Balloon"},"content":{"rendered":"<p>Le moderne slot machine sono supportate sia su dispositivi desktop che mobili. I giocatori possono installare le slot sui loro dispositivi e giocare in qualsiasi momento comodo, purch\u00e9 abbiano una connessione internet stabile. Il simulatore Balloon pu\u00f2 essere installato su un PC, smartphone, tablet o laptop con sistemi operativi popolari come Windows, Android e iOS. Tuttavia, il download della video slot deve essere effettuato insieme all&#8217;app del casin\u00f2 dove questa slot \u00e8 disponibile per il download. Per fare ci\u00f2, \u00e8 necessario:<\/p>\n<ul>\n<li>Scegliere un&#8217;azienda virtuale;<\/li>\n<li>Andare al sito ufficiale;<\/li>\n<li>Completare una rapida registrazione;<\/li>\n<li>Accedere al proprio account personale;<\/li>\n<li>Ricaricare il saldo del proprio conto di gioco;<\/li>\n<li>Attivare i bonus disponibili;<\/li>\n<li>Trova il pulsante di download;<\/li>\n<li>Installare l&#8217;app del casin\u00f2;<\/li>\n<li>Accedi con il tuo nome utente e password;<\/li>\n<li>Trova la slot Balloon nel catalogo;<\/li>\n<li>Unisciti al processo di gioco.<\/li>\n<\/ul>\n<p>Non \u00e8 prevista l&#8217;opzione di scaricare il simulatore separatamente senza l&#8217;app del casin\u00f2. Se si installa il gioco tramite servizi di app mobili gratuiti, \u00e8 possibile effettuare solo scommesse in modalit\u00e0 demo. Non \u00e8 necessario scaricare il gioco sul proprio dispositivo: la slot \u00e8 supportata su gadget mobili e dispositivi desktop anche senza installazione. Basta visitare il proprio casin\u00f2 online preferito e selezionare la slot machine, quindi scegliere se giocare al simulatore con denaro reale o monete virtuali.<\/p>\n","protected":false},"excerpt":{"rendered":"<p>Le moderne slot machine sono supportate sia su dispositivi desktop che mobili. I giocatori possono installare le slot sui loro dispositivi e giocare in qualsiasi&hellip;<\/p>\n","protected":false},"author":1,"featured_media":0,"parent":0,"menu_order":0,"comment_status":"closed","ping_status":"closed","template":"","meta":{"footnotes":""},"class_list":["post-12","page","type-page","status-publish","hentry"],"yoast_head":"<!-- This site is optimized with the Yoast SEO plugin v27.2 - https:\/\/yoast.com\/product\/yoast-seo-wordpress\/ -->\n<title>\u0421\u043a\u0430\u0447\u0430\u0442\u044c \u043a\u0440\u0430\u0448 \u0438\u0433\u0440\u0443 Balloon<\/title>\n<meta name=\"description\" content=\"Scarica il gioco Balloon crash su iPhone, Android, tablet, computer personale. Scaricando il gioco. Scarica e gioca ora.\" \/>\n<meta name=\"robots\" content=\"index, follow, max-snippet:-1, max-image-preview:large, max-video-preview:-1\" \/>\n<link rel=\"canonical\" href=\"https:\/\/dream-balloon.com\/it\/how-to-download-the-balloon-game\/\" \/>\n<meta property=\"og:locale\" content=\"it_IT\" \/>\n<meta property=\"og:locale:alternate\" content=\"ru_RU\" \/>\n<meta property=\"og:locale:alternate\" content=\"en_US\" \/>\n<meta property=\"og:locale:alternate\" content=\"pt_PT\" \/>\n<meta property=\"og:locale:alternate\" content=\"es_ES\" \/>\n<meta property=\"og:locale:alternate\" content=\"fr_FR\" \/>\n<meta property=\"og:type\" content=\"article\" \/>\n<meta property=\"og:title\" content=\"\u0421\u043a\u0430\u0447\u0430\u0442\u044c \u043a\u0440\u0430\u0448 \u0438\u0433\u0440\u0443 Balloon\" \/>\n<meta property=\"og:description\" content=\"\u0421\u043a\u0430\u0447\u0430\u0442\u044c \u043a\u0440\u0430\u0448 \u0438\u0433\u0440\u0443 Balloon \u043d\u0430 \u0430\u0439\u0444\u043e\u043d, \u0430\u043d\u0434\u0440\u043e\u0438\u0434, \u043f\u043b\u0430\u043d\u0448\u0435\u0442, \u043f\u0435\u0440\u0441\u043e\u043d\u0430\u043b\u044c\u043d\u044b\u0439 \u043a\u043e\u043c\u043f\u044c\u044e\u0442\u0435\u0440. \u0421\u043a\u0430\u0447\u0438\u0432\u0430\u043d\u0438\u0435 \u0438\u0433\u0440\u044b. \u0421\u043a\u0430\u0447\u0430\u0442\u044c \u0438 \u0438\u0433\u0440\u0430\u0442\u044c \u0441\u0435\u0439\u0447\u0430\u0441\" \/>\n<meta property=\"og:url\" content=\"https:\/\/dream-balloon.com\/it\/how-to-download-the-balloon-game\/\" \/>\n<meta property=\"og:site_name\" content=\"Balloon\" \/>\n<meta property=\"article:modified_time\" content=\"2024-03-02T15:08:57+00:00\" \/>\n<meta name=\"twitter:card\" content=\"summary_large_image\" \/>\n<meta name=\"twitter:label1\" content=\"Tempo di lettura stimato\" \/>\n\t<meta name=\"twitter:data1\" content=\"6 minuti\" \/>\n<script type=\"application\/ld+json\" class=\"yoast-schema-graph\">{\"@context\":\"https:\/\/schema.org\",\"@graph\":[{\"@type\":\"WebPage\",\"@id\":\"https:\/\/dream-balloon.com\/how-to-download-the-balloon-game\/\",\"url\":\"https:\/\/dream-balloon.com\/how-to-download-the-balloon-game\/\",\"name\":\"\u0421\u043a\u0430\u0447\u0430\u0442\u044c \u043a\u0440\u0430\u0448 \u0438\u0433\u0440\u0443 Balloon\",\"isPartOf\":{\"@id\":\"https:\/\/dream-balloon.com\/#website\"},\"datePublished\":\"2024-01-27T02:49:34+00:00\",\"dateModified\":\"2024-03-02T15:08:57+00:00\",\"description\":\"\u0421\u043a\u0430\u0447\u0430\u0442\u044c \u043a\u0440\u0430\u0448 \u0438\u0433\u0440\u0443 Balloon \u043d\u0430 \u0430\u0439\u0444\u043e\u043d, \u0430\u043d\u0434\u0440\u043e\u0438\u0434, \u043f\u043b\u0430\u043d\u0448\u0435\u0442, \u043f\u0435\u0440\u0441\u043e\u043d\u0430\u043b\u044c\u043d\u044b\u0439 \u043a\u043e\u043c\u043f\u044c\u044e\u0442\u0435\u0440. \u0421\u043a\u0430\u0447\u0438\u0432\u0430\u043d\u0438\u0435 \u0438\u0433\u0440\u044b. \u0421\u043a\u0430\u0447\u0430\u0442\u044c \u0438 \u0438\u0433\u0440\u0430\u0442\u044c \u0441\u0435\u0439\u0447\u0430\u0441\",\"breadcrumb\":{\"@id\":\"https:\/\/dream-balloon.com\/how-to-download-the-balloon-game\/#breadcrumb\"},\"inLanguage\":\"it-IT\",\"potentialAction\":[{\"@type\":\"ReadAction\",\"target\":[\"https:\/\/dream-balloon.com\/how-to-download-the-balloon-game\/\"]}]},{\"@type\":\"BreadcrumbList\",\"@id\":\"https:\/\/dream-balloon.com\/how-to-download-the-balloon-game\/#breadcrumb\",\"itemListElement\":[{\"@type\":\"ListItem\",\"position\":1,\"name\":\"Home\",\"item\":\"https:\/\/dream-balloon.com\/fr\/\"},{\"@type\":\"ListItem\",\"position\":2,\"name\":\"\u041a\u0430\u043a \u0441\u043a\u0430\u0447\u0430\u0442\u044c \u0438\u0433\u0440\u0443 Balloon\"}]},{\"@type\":\"WebSite\",\"@id\":\"https:\/\/dream-balloon.com\/#website\",\"url\":\"https:\/\/dream-balloon.com\/\",\"name\":\"Balloon\",\"description\":\"\",\"publisher\":{\"@id\":\"https:\/\/dream-balloon.com\/#organization\"},\"potentialAction\":[{\"@type\":\"SearchAction\",\"target\":{\"@type\":\"EntryPoint\",\"urlTemplate\":\"https:\/\/dream-balloon.com\/?s={search_term_string}\"},\"query-input\":{\"@type\":\"PropertyValueSpecification\",\"valueRequired\":true,\"valueName\":\"search_term_string\"}}],\"inLanguage\":\"it-IT\"},{\"@type\":\"Organization\",\"@id\":\"https:\/\/dream-balloon.com\/#organization\",\"name\":\"Balloon\",\"url\":\"https:\/\/dream-balloon.com\/\",\"logo\":{\"@type\":\"ImageObject\",\"inLanguage\":\"it-IT\",\"@id\":\"https:\/\/dream-balloon.com\/#\/schema\/logo\/image\/\",\"url\":\"https:\/\/dream-balloon.com\/wp-content\/uploads\/balloon-logo.png\",\"contentUrl\":\"https:\/\/dream-balloon.com\/wp-content\/uploads\/balloon-logo.png\",\"width\":470,\"height\":228,\"caption\":\"Balloon\"},\"image\":{\"@id\":\"https:\/\/dream-balloon.com\/#\/schema\/logo\/image\/\"}}]}<\/script>\n<!-- \/ Yoast SEO plugin. -->","yoast_head_json":{"title":"\u0421\u043a\u0430\u0447\u0430\u0442\u044c \u043a\u0440\u0430\u0448 \u0438\u0433\u0440\u0443 Balloon","description":"Scarica il gioco Balloon crash su iPhone, Android, tablet, computer personale. Scaricando il gioco. Scarica e gioca ora.","robots":{"index":"index","follow":"follow","max-snippet":"max-snippet:-1","max-image-preview":"max-image-preview:large","max-video-preview":"max-video-preview:-1"},"canonical":"https:\/\/dream-balloon.com\/it\/how-to-download-the-balloon-game\/","og_locale":"it_IT","og_type":"article","og_title":"\u0421\u043a\u0430\u0447\u0430\u0442\u044c \u043a\u0440\u0430\u0448 \u0438\u0433\u0440\u0443 Balloon","og_description":"\u0421\u043a\u0430\u0447\u0430\u0442\u044c \u043a\u0440\u0430\u0448 \u0438\u0433\u0440\u0443 Balloon \u043d\u0430 \u0430\u0439\u0444\u043e\u043d, \u0430\u043d\u0434\u0440\u043e\u0438\u0434, \u043f\u043b\u0430\u043d\u0448\u0435\u0442, \u043f\u0435\u0440\u0441\u043e\u043d\u0430\u043b\u044c\u043d\u044b\u0439 \u043a\u043e\u043c\u043f\u044c\u044e\u0442\u0435\u0440. \u0421\u043a\u0430\u0447\u0438\u0432\u0430\u043d\u0438\u0435 \u0438\u0433\u0440\u044b. \u0421\u043a\u0430\u0447\u0430\u0442\u044c \u0438 \u0438\u0433\u0440\u0430\u0442\u044c \u0441\u0435\u0439\u0447\u0430\u0441","og_url":"https:\/\/dream-balloon.com\/it\/how-to-download-the-balloon-game\/","og_site_name":"Balloon","article_modified_time":"2024-03-02T15:08:57+00:00","twitter_card":"summary_large_image","twitter_misc":{"Tempo di lettura stimato":"6 minuti"},"schema":{"@context":"https:\/\/schema.org","@graph":[{"@type":"WebPage","@id":"https:\/\/dream-balloon.com\/how-to-download-the-balloon-game\/","url":"https:\/\/dream-balloon.com\/how-to-download-the-balloon-game\/","name":"\u0421\u043a\u0430\u0447\u0430\u0442\u044c \u043a\u0440\u0430\u0448 \u0438\u0433\u0440\u0443 Balloon","isPartOf":{"@id":"https:\/\/dream-balloon.com\/#website"},"datePublished":"2024-01-27T02:49:34+00:00","dateModified":"2024-03-02T15:08:57+00:00","description":"\u0421\u043a\u0430\u0447\u0430\u0442\u044c \u043a\u0440\u0430\u0448 \u0438\u0433\u0440\u0443 Balloon \u043d\u0430 \u0430\u0439\u0444\u043e\u043d, \u0430\u043d\u0434\u0440\u043e\u0438\u0434, \u043f\u043b\u0430\u043d\u0448\u0435\u0442, \u043f\u0435\u0440\u0441\u043e\u043d\u0430\u043b\u044c\u043d\u044b\u0439 \u043a\u043e\u043c\u043f\u044c\u044e\u0442\u0435\u0440. \u0421\u043a\u0430\u0447\u0438\u0432\u0430\u043d\u0438\u0435 \u0438\u0433\u0440\u044b. \u0421\u043a\u0430\u0447\u0430\u0442\u044c \u0438 \u0438\u0433\u0440\u0430\u0442\u044c \u0441\u0435\u0439\u0447\u0430\u0441","breadcrumb":{"@id":"https:\/\/dream-balloon.com\/how-to-download-the-balloon-game\/#breadcrumb"},"inLanguage":"it-IT","potentialAction":[{"@type":"ReadAction","target":["https:\/\/dream-balloon.com\/how-to-download-the-balloon-game\/"]}]},{"@type":"BreadcrumbList","@id":"https:\/\/dream-balloon.com\/how-to-download-the-balloon-game\/#breadcrumb","itemListElement":[{"@type":"ListItem","position":1,"name":"Home","item":"https:\/\/dream-balloon.com\/fr\/"},{"@type":"ListItem","position":2,"name":"\u041a\u0430\u043a \u0441\u043a\u0430\u0447\u0430\u0442\u044c \u0438\u0433\u0440\u0443 Balloon"}]},{"@type":"WebSite","@id":"https:\/\/dream-balloon.com\/#website","url":"https:\/\/dream-balloon.com\/","name":"Balloon","description":"","publisher":{"@id":"https:\/\/dream-balloon.com\/#organization"},"potentialAction":[{"@type":"SearchAction","target":{"@type":"EntryPoint","urlTemplate":"https:\/\/dream-balloon.com\/?s={search_term_string}"},"query-input":{"@type":"PropertyValueSpecification","valueRequired":true,"valueName":"search_term_string"}}],"inLanguage":"it-IT"},{"@type":"Organization","@id":"https:\/\/dream-balloon.com\/#organization","name":"Balloon","url":"https:\/\/dream-balloon.com\/","logo":{"@type":"ImageObject","inLanguage":"it-IT","@id":"https:\/\/dream-balloon.com\/#\/schema\/logo\/image\/","url":"https:\/\/dream-balloon.com\/wp-content\/uploads\/balloon-logo.png","contentUrl":"https:\/\/dream-balloon.com\/wp-content\/uploads\/balloon-logo.png","width":470,"height":228,"caption":"Balloon"},"image":{"@id":"https:\/\/dream-balloon.com\/#\/schema\/logo\/image\/"}}]}},"_links":{"self":[{"href":"https:\/\/dream-balloon.com\/it\/wp-json\/wp\/v2\/pages\/12","targetHints":{"allow":["GET"]}}],"collection":[{"href":"https:\/\/dream-balloon.com\/it\/wp-json\/wp\/v2\/pages"}],"about":[{"href":"https:\/\/dream-balloon.com\/it\/wp-json\/wp\/v2\/types\/page"}],"author":[{"embeddable":true,"href":"https:\/\/dream-balloon.com\/it\/wp-json\/wp\/v2\/users\/1"}],"replies":[{"embeddable":true,"href":"https:\/\/dream-balloon.com\/it\/wp-json\/wp\/v2\/comments?post=12"}],"version-history":[{"count":12,"href":"https:\/\/dream-balloon.com\/it\/wp-json\/wp\/v2\/pages\/12\/revisions"}],"predecessor-version":[{"id":99,"href":"https:\/\/dream-balloon.com\/it\/wp-json\/wp\/v2\/pages\/12\/revisions\/99"}],"wp:attachment":[{"href":"https:\/\/dream-balloon.com\/it\/wp-json\/wp\/v2\/media?parent=12"}],"curies":[{"name":"wp","href":"https:\/\/api.w.org\/{rel}","templated":true}]}}