{"id":10,"date":"2024-01-27T02:48:47","date_gmt":"2024-01-27T02:48:47","guid":{"rendered":"https:\/\/dream-balloon.com\/?page_id=10"},"modified":"2024-03-02T15:10:20","modified_gmt":"2024-03-02T15:10:20","slug":"reviews-from-real-players-about-the-balloon-crash-game","status":"publish","type":"page","link":"https:\/\/dream-balloon.com\/it\/reviews-from-real-players-about-the-balloon-crash-game\/","title":{"rendered":"Recensioni da veri giocatori sul gioco d&#8217;azzardo Balloon"},"content":{"rendered":"<p>Prima di iniziare a giocare in un casin\u00f2 online, \u00e8 importante raccogliere il maggior numero possibile di recensioni per avere una comprensione completa del gioco e delle sue possibilit\u00e0. Abbiamo raccolto le recensioni dei veri giocatori sul gioco d&#8217;azzardo Balloon. Di seguito le opinioni dei giocatori.<\/p>\n<h3>Il gioco d&#8217;azzardo Balloon \u00e8 molto coinvolgente.<\/h3>\n<p>Un gioco molto coinvolgente! L&#8217;adrenalina nel gioco Balloon schizza ogni volta che la mongolfiera sale pi\u00f9 in alto, ma c&#8217;\u00e8 sempre il rischio di un&#8217;improvvisa &#8216;caduta.&#8217; Un ottimo modo per divertirsi se si gioca moderatamente e non si scommette come pazzi.<\/p>\n<p>Ivan, 23 anni<\/p>\n<h3>Regole molto semplici nel gioco Balloon.<\/h3>\n<p>Balloon \u00e8 un gioco con regole semplici, ma richiede un buon senso del tempismo e della fortuna. A volte sembra che la vittoria sia vicina, ma tutto cambia in un secondo. Molto facile da giocare.<\/p>\n<p>Anastasia, 23 anni<\/p>\n<h3>Delusione nel gioco Balloon.<\/h3>\n<p>Sono delusa da questo gioco. Troppo dipende dalla fortuna, e sembra che le possibilit\u00e0 di vincere siano irrealisticamente piccole. Non riesco a vincere in questo gioco.<\/p>\n<p>Maria, 20 anni<\/p>\n<h3>Il mio gioco d&#8217;azzardo preferito Balloon.<\/h3>\n<p>Questo \u00e8 il mio gioco d&#8217;azzardo preferito Balloon! La grafica \u00e8 semplice ma piacevole, e la sensazione di rischio \u00e8 veramente ipnotica. Ma bisogna ricordare che \u00e8 comunque un gioco d&#8217;azzardo.<\/p>\n<p>Massimo, 23 anni<\/p>\n<h3>Ho giocato e continuer\u00f2 a giocare a Balloon.<\/h3>\n<p>Ho giocato a Balloon diverse volte e ho perso rapidamente interesse. All&#8217;inizio sembrava eccitante, ma poi ho capito che si tratta pi\u00f9 di casualit\u00e0 che di strategia. Ho smesso di giocare.<\/p>\n<p>Marco, 23 anni<\/p>\n<h3>Mi piace giocare al gioco online Balloon.<\/h3>\n<p>Un ottimo modo per passare il tempo, e talvolta riesci anche a vincere. Ma non consiglierei di investire soldi seri in questo gioco. Il rischio di perdere \u00e8 troppo alto.<\/p>\n<p>Elena, 23 anni<\/p>\n<h3>Il gioco Balloon \u00e8 molto stressante.<\/h3>\n<p>Balloon non \u00e8 solo un gioco, \u00e8 un vero e proprio test di nervi! Incredibilmente emozionante guardare crescere le proprie vincite, ma bisogna essere attenti a fermarsi in tempo.<\/p>\n<p>Carlo, 25 anni<\/p>\n<h3>Gioco Balloon.<\/h3>\n<p>Il gioco \u00e8 interessante, ma preferirei che ci fossero pi\u00f9 elementi di controllo o strategia. Al momento sembra pi\u00f9 una lotteria che un gioco in cui tu, come giocatore, possa controllare il gioco.<\/p>\n<p>Michele, 27 anni<\/p>\n<h3>Gioco d&#8217;azzardo Balloon &#8211; non fa per me.<\/h3>\n<p>Dopo alcuni giochi di Balloon, ho capito che i giochi d&#8217;azzardo non fanno per me. Troppo stress e incertezza.<\/p>\n<p>Tamara, 20 anni<\/p>\n<h3>Adoro il gioco Balloon.<\/h3>\n<p>Adoro Balloon per la sua dinamicit\u00e0 e imprevedibilit\u00e0. Ogni partita \u00e8 unica, e questo la rende incredibilmente emozionante, sebbene rischiosa.<\/p>\n<p>Chris, 21 anni<\/p>\n","protected":false},"excerpt":{"rendered":"<p>Prima di iniziare a giocare in un casin\u00f2 online, \u00e8 importante raccogliere il maggior numero possibile di recensioni per avere una comprensione completa del gioco&hellip;<\/p>\n","protected":false},"author":1,"featured_media":0,"parent":0,"menu_order":0,"comment_status":"closed","ping_status":"closed","template":"","meta":{"footnotes":""},"class_list":["post-10","page","type-page","status-publish","hentry"],"yoast_head":"<!-- This site is optimized with the Yoast SEO plugin v27.2 - https:\/\/yoast.com\/product\/yoast-seo-wordpress\/ -->\n<title>\u041e\u0442\u0437\u044b\u0432\u044b \u0440\u0435\u0430\u043b\u044c\u043d\u044b\u0445 \u0438\u0433\u0440\u043e\u043a\u043e\u0432 \u043e \u043a\u0440\u0430\u0448 \u0438\u0433\u0440\u0435 Balloon<\/title>\n<meta name=\"description\" content=\"Opinioni, recensioni e panoramica del gioco Balloon crash per giocare con soldi veri. Cosa pensano i veri giocatori di casin\u00f2 online del gioco online Balloon. Gioca ora.\" \/>\n<meta name=\"robots\" content=\"index, follow, max-snippet:-1, max-image-preview:large, max-video-preview:-1\" \/>\n<link rel=\"canonical\" href=\"https:\/\/dream-balloon.com\/it\/reviews-from-real-players-about-the-balloon-crash-game\/\" \/>\n<meta property=\"og:locale\" content=\"it_IT\" \/>\n<meta property=\"og:locale:alternate\" content=\"ru_RU\" \/>\n<meta property=\"og:locale:alternate\" content=\"en_US\" \/>\n<meta property=\"og:locale:alternate\" content=\"pt_PT\" \/>\n<meta property=\"og:locale:alternate\" content=\"es_ES\" \/>\n<meta property=\"og:locale:alternate\" content=\"fr_FR\" \/>\n<meta property=\"og:type\" content=\"article\" \/>\n<meta property=\"og:title\" content=\"\u041e\u0442\u0437\u044b\u0432\u044b \u0440\u0435\u0430\u043b\u044c\u043d\u044b\u0445 \u0438\u0433\u0440\u043e\u043a\u043e\u0432 \u043e \u043a\u0440\u0430\u0448 \u0438\u0433\u0440\u0435 Balloon\" \/>\n<meta property=\"og:description\" content=\"\u041c\u043d\u0435\u043d\u0438\u044f, \u043e\u0442\u0437\u044b\u0432\u044b \u0438 \u043e\u0431\u0437\u043e\u0440 \u043a\u0440\u0430\u0448 \u0438\u0433\u0440\u044b Balloon \u0434\u043b\u044f \u0438\u0433\u0440\u044b \u043d\u0430 \u0440\u0435\u0430\u043b\u044c\u043d\u044b\u0435 \u0434\u0435\u043d\u044c\u0433\u0438. \u0427\u0442\u043e \u0434\u0443\u043c\u0430\u044e\u0442 \u043d\u0430\u0441\u0442\u043e\u044f\u0449\u0438\u0435 \u0438\u0433\u0440\u043e\u043a\u0438 \u043e\u043d\u043b\u0430\u0439\u043d \u043a\u0430\u0437\u0438\u043d\u043e \u043e\u0431 \u043e\u043d\u043b\u0430\u0439\u043d \u0438\u0433\u0440\u0435 Balloon. \u0418\u0433\u0440\u0430\u0442\u044c \u0441\u0435\u0439\u0447\u0430\u0441\" \/>\n<meta property=\"og:url\" content=\"https:\/\/dream-balloon.com\/it\/reviews-from-real-players-about-the-balloon-crash-game\/\" \/>\n<meta property=\"og:site_name\" content=\"Balloon\" \/>\n<meta property=\"article:modified_time\" content=\"2024-03-02T15:10:20+00:00\" \/>\n<meta name=\"twitter:card\" content=\"summary_large_image\" \/>\n<meta name=\"twitter:label1\" content=\"Tempo di lettura stimato\" \/>\n\t<meta name=\"twitter:data1\" content=\"11 minuti\" \/>\n<script type=\"application\/ld+json\" class=\"yoast-schema-graph\">{\"@context\":\"https:\/\/schema.org\",\"@graph\":[{\"@type\":\"WebPage\",\"@id\":\"https:\/\/dream-balloon.com\/reviews-from-real-players-about-the-balloon-crash-game\/\",\"url\":\"https:\/\/dream-balloon.com\/reviews-from-real-players-about-the-balloon-crash-game\/\",\"name\":\"\u041e\u0442\u0437\u044b\u0432\u044b \u0440\u0435\u0430\u043b\u044c\u043d\u044b\u0445 \u0438\u0433\u0440\u043e\u043a\u043e\u0432 \u043e \u043a\u0440\u0430\u0448 \u0438\u0433\u0440\u0435 Balloon\",\"isPartOf\":{\"@id\":\"https:\/\/dream-balloon.com\/#website\"},\"datePublished\":\"2024-01-27T02:48:47+00:00\",\"dateModified\":\"2024-03-02T15:10:20+00:00\",\"description\":\"\u041c\u043d\u0435\u043d\u0438\u044f, \u043e\u0442\u0437\u044b\u0432\u044b \u0438 \u043e\u0431\u0437\u043e\u0440 \u043a\u0440\u0430\u0448 \u0438\u0433\u0440\u044b Balloon \u0434\u043b\u044f \u0438\u0433\u0440\u044b \u043d\u0430 \u0440\u0435\u0430\u043b\u044c\u043d\u044b\u0435 \u0434\u0435\u043d\u044c\u0433\u0438. \u0427\u0442\u043e \u0434\u0443\u043c\u0430\u044e\u0442 \u043d\u0430\u0441\u0442\u043e\u044f\u0449\u0438\u0435 \u0438\u0433\u0440\u043e\u043a\u0438 \u043e\u043d\u043b\u0430\u0439\u043d \u043a\u0430\u0437\u0438\u043d\u043e \u043e\u0431 \u043e\u043d\u043b\u0430\u0439\u043d \u0438\u0433\u0440\u0435 Balloon. \u0418\u0433\u0440\u0430\u0442\u044c \u0441\u0435\u0439\u0447\u0430\u0441\",\"breadcrumb\":{\"@id\":\"https:\/\/dream-balloon.com\/reviews-from-real-players-about-the-balloon-crash-game\/#breadcrumb\"},\"inLanguage\":\"it-IT\",\"potentialAction\":[{\"@type\":\"ReadAction\",\"target\":[\"https:\/\/dream-balloon.com\/reviews-from-real-players-about-the-balloon-crash-game\/\"]}]},{\"@type\":\"BreadcrumbList\",\"@id\":\"https:\/\/dream-balloon.com\/reviews-from-real-players-about-the-balloon-crash-game\/#breadcrumb\",\"itemListElement\":[{\"@type\":\"ListItem\",\"position\":1,\"name\":\"Home\",\"item\":\"https:\/\/dream-balloon.com\/fr\/\"},{\"@type\":\"ListItem\",\"position\":2,\"name\":\"\u041e\u0442\u0437\u044b\u0432\u044b \u0440\u0435\u0430\u043b\u044c\u043d\u044b\u0445 \u0438\u0433\u0440\u043e\u043a\u043e\u0432 \u043e \u043a\u0440\u0430\u0448 \u0438\u0433\u0440\u0435 Balloon\"}]},{\"@type\":\"WebSite\",\"@id\":\"https:\/\/dream-balloon.com\/#website\",\"url\":\"https:\/\/dream-balloon.com\/\",\"name\":\"Balloon\",\"description\":\"\",\"publisher\":{\"@id\":\"https:\/\/dream-balloon.com\/#organization\"},\"potentialAction\":[{\"@type\":\"SearchAction\",\"target\":{\"@type\":\"EntryPoint\",\"urlTemplate\":\"https:\/\/dream-balloon.com\/?s={search_term_string}\"},\"query-input\":{\"@type\":\"PropertyValueSpecification\",\"valueRequired\":true,\"valueName\":\"search_term_string\"}}],\"inLanguage\":\"it-IT\"},{\"@type\":\"Organization\",\"@id\":\"https:\/\/dream-balloon.com\/#organization\",\"name\":\"Balloon\",\"url\":\"https:\/\/dream-balloon.com\/\",\"logo\":{\"@type\":\"ImageObject\",\"inLanguage\":\"it-IT\",\"@id\":\"https:\/\/dream-balloon.com\/#\/schema\/logo\/image\/\",\"url\":\"https:\/\/dream-balloon.com\/wp-content\/uploads\/balloon-logo.png\",\"contentUrl\":\"https:\/\/dream-balloon.com\/wp-content\/uploads\/balloon-logo.png\",\"width\":470,\"height\":228,\"caption\":\"Balloon\"},\"image\":{\"@id\":\"https:\/\/dream-balloon.com\/#\/schema\/logo\/image\/\"}}]}<\/script>\n<!-- \/ Yoast SEO plugin. -->","yoast_head_json":{"title":"\u041e\u0442\u0437\u044b\u0432\u044b \u0440\u0435\u0430\u043b\u044c\u043d\u044b\u0445 \u0438\u0433\u0440\u043e\u043a\u043e\u0432 \u043e \u043a\u0440\u0430\u0448 \u0438\u0433\u0440\u0435 Balloon","description":"Opinioni, recensioni e panoramica del gioco Balloon crash per giocare con soldi veri. Cosa pensano i veri giocatori di casin\u00f2 online del gioco online Balloon. Gioca ora.","robots":{"index":"index","follow":"follow","max-snippet":"max-snippet:-1","max-image-preview":"max-image-preview:large","max-video-preview":"max-video-preview:-1"},"canonical":"https:\/\/dream-balloon.com\/it\/reviews-from-real-players-about-the-balloon-crash-game\/","og_locale":"it_IT","og_type":"article","og_title":"\u041e\u0442\u0437\u044b\u0432\u044b \u0440\u0435\u0430\u043b\u044c\u043d\u044b\u0445 \u0438\u0433\u0440\u043e\u043a\u043e\u0432 \u043e \u043a\u0440\u0430\u0448 \u0438\u0433\u0440\u0435 Balloon","og_description":"\u041c\u043d\u0435\u043d\u0438\u044f, \u043e\u0442\u0437\u044b\u0432\u044b \u0438 \u043e\u0431\u0437\u043e\u0440 \u043a\u0440\u0430\u0448 \u0438\u0433\u0440\u044b Balloon \u0434\u043b\u044f \u0438\u0433\u0440\u044b \u043d\u0430 \u0440\u0435\u0430\u043b\u044c\u043d\u044b\u0435 \u0434\u0435\u043d\u044c\u0433\u0438. \u0427\u0442\u043e \u0434\u0443\u043c\u0430\u044e\u0442 \u043d\u0430\u0441\u0442\u043e\u044f\u0449\u0438\u0435 \u0438\u0433\u0440\u043e\u043a\u0438 \u043e\u043d\u043b\u0430\u0439\u043d \u043a\u0430\u0437\u0438\u043d\u043e \u043e\u0431 \u043e\u043d\u043b\u0430\u0439\u043d \u0438\u0433\u0440\u0435 Balloon. \u0418\u0433\u0440\u0430\u0442\u044c \u0441\u0435\u0439\u0447\u0430\u0441","og_url":"https:\/\/dream-balloon.com\/it\/reviews-from-real-players-about-the-balloon-crash-game\/","og_site_name":"Balloon","article_modified_time":"2024-03-02T15:10:20+00:00","twitter_card":"summary_large_image","twitter_misc":{"Tempo di lettura stimato":"11 minuti"},"schema":{"@context":"https:\/\/schema.org","@graph":[{"@type":"WebPage","@id":"https:\/\/dream-balloon.com\/reviews-from-real-players-about-the-balloon-crash-game\/","url":"https:\/\/dream-balloon.com\/reviews-from-real-players-about-the-balloon-crash-game\/","name":"\u041e\u0442\u0437\u044b\u0432\u044b \u0440\u0435\u0430\u043b\u044c\u043d\u044b\u0445 \u0438\u0433\u0440\u043e\u043a\u043e\u0432 \u043e \u043a\u0440\u0430\u0448 \u0438\u0433\u0440\u0435 Balloon","isPartOf":{"@id":"https:\/\/dream-balloon.com\/#website"},"datePublished":"2024-01-27T02:48:47+00:00","dateModified":"2024-03-02T15:10:20+00:00","description":"\u041c\u043d\u0435\u043d\u0438\u044f, \u043e\u0442\u0437\u044b\u0432\u044b \u0438 \u043e\u0431\u0437\u043e\u0440 \u043a\u0440\u0430\u0448 \u0438\u0433\u0440\u044b Balloon \u0434\u043b\u044f \u0438\u0433\u0440\u044b \u043d\u0430 \u0440\u0435\u0430\u043b\u044c\u043d\u044b\u0435 \u0434\u0435\u043d\u044c\u0433\u0438. \u0427\u0442\u043e \u0434\u0443\u043c\u0430\u044e\u0442 \u043d\u0430\u0441\u0442\u043e\u044f\u0449\u0438\u0435 \u0438\u0433\u0440\u043e\u043a\u0438 \u043e\u043d\u043b\u0430\u0439\u043d \u043a\u0430\u0437\u0438\u043d\u043e \u043e\u0431 \u043e\u043d\u043b\u0430\u0439\u043d \u0438\u0433\u0440\u0435 Balloon. \u0418\u0433\u0440\u0430\u0442\u044c \u0441\u0435\u0439\u0447\u0430\u0441","breadcrumb":{"@id":"https:\/\/dream-balloon.com\/reviews-from-real-players-about-the-balloon-crash-game\/#breadcrumb"},"inLanguage":"it-IT","potentialAction":[{"@type":"ReadAction","target":["https:\/\/dream-balloon.com\/reviews-from-real-players-about-the-balloon-crash-game\/"]}]},{"@type":"BreadcrumbList","@id":"https:\/\/dream-balloon.com\/reviews-from-real-players-about-the-balloon-crash-game\/#breadcrumb","itemListElement":[{"@type":"ListItem","position":1,"name":"Home","item":"https:\/\/dream-balloon.com\/fr\/"},{"@type":"ListItem","position":2,"name":"\u041e\u0442\u0437\u044b\u0432\u044b \u0440\u0435\u0430\u043b\u044c\u043d\u044b\u0445 \u0438\u0433\u0440\u043e\u043a\u043e\u0432 \u043e \u043a\u0440\u0430\u0448 \u0438\u0433\u0440\u0435 Balloon"}]},{"@type":"WebSite","@id":"https:\/\/dream-balloon.com\/#website","url":"https:\/\/dream-balloon.com\/","name":"Balloon","description":"","publisher":{"@id":"https:\/\/dream-balloon.com\/#organization"},"potentialAction":[{"@type":"SearchAction","target":{"@type":"EntryPoint","urlTemplate":"https:\/\/dream-balloon.com\/?s={search_term_string}"},"query-input":{"@type":"PropertyValueSpecification","valueRequired":true,"valueName":"search_term_string"}}],"inLanguage":"it-IT"},{"@type":"Organization","@id":"https:\/\/dream-balloon.com\/#organization","name":"Balloon","url":"https:\/\/dream-balloon.com\/","logo":{"@type":"ImageObject","inLanguage":"it-IT","@id":"https:\/\/dream-balloon.com\/#\/schema\/logo\/image\/","url":"https:\/\/dream-balloon.com\/wp-content\/uploads\/balloon-logo.png","contentUrl":"https:\/\/dream-balloon.com\/wp-content\/uploads\/balloon-logo.png","width":470,"height":228,"caption":"Balloon"},"image":{"@id":"https:\/\/dream-balloon.com\/#\/schema\/logo\/image\/"}}]}},"_links":{"self":[{"href":"https:\/\/dream-balloon.com\/it\/wp-json\/wp\/v2\/pages\/10","targetHints":{"allow":["GET"]}}],"collection":[{"href":"https:\/\/dream-balloon.com\/it\/wp-json\/wp\/v2\/pages"}],"about":[{"href":"https:\/\/dream-balloon.com\/it\/wp-json\/wp\/v2\/types\/page"}],"author":[{"embeddable":true,"href":"https:\/\/dream-balloon.com\/it\/wp-json\/wp\/v2\/users\/1"}],"replies":[{"embeddable":true,"href":"https:\/\/dream-balloon.com\/it\/wp-json\/wp\/v2\/comments?post=10"}],"version-history":[{"count":13,"href":"https:\/\/dream-balloon.com\/it\/wp-json\/wp\/v2\/pages\/10\/revisions"}],"predecessor-version":[{"id":97,"href":"https:\/\/dream-balloon.com\/it\/wp-json\/wp\/v2\/pages\/10\/revisions\/97"}],"wp:attachment":[{"href":"https:\/\/dream-balloon.com\/it\/wp-json\/wp\/v2\/media?parent=10"}],"curies":[{"name":"wp","href":"https:\/\/api.w.org\/{rel}","templated":true}]}}