{"id":8,"date":"2024-01-27T02:46:12","date_gmt":"2024-01-27T02:46:12","guid":{"rendered":"https:\/\/dream-balloon.com\/?page_id=8"},"modified":"2024-03-02T15:06:03","modified_gmt":"2024-03-02T15:06:03","slug":"where-to-play-the-balloon-slot","status":"publish","type":"page","link":"https:\/\/dream-balloon.com\/fr\/where-to-play-the-balloon-slot\/","title":{"rendered":"O\u00f9 jouer \u00e0 la machine \u00e0 sous Balloon"},"content":{"rendered":"<p>Le logiciel de SmartSoft Gaming est install\u00e9 sur de nombreuses plateformes pour les amateurs de jeu. Pour trouver la machine \u00e0 sous Balloon dans un casino, il suffit d&rsquo;entrer le nom de la machine dans la barre de recherche du navigateur sur l&rsquo;appareil de l&rsquo;utilisateur. Lors du choix d&rsquo;un \u00e9tablissement pour des paris en argent r\u00e9el, il convient de pr\u00eater attention aux clubs licenci\u00e9s avec une bonne r\u00e9putation. Vous pouvez jouer au simulateur de Ballon dans des casinos populaires tels que :<\/p>\n<ul>\n<li>1win &#8211; l&rsquo;une des plateformes les plus visit\u00e9es par les joueurs ;<\/li>\n<li>Vip Casino &#8211; un club virtuel avec des cadeaux g\u00e9n\u00e9reux pour les nouveaux venus ;<\/li>\n<li>Pin Up &#8211; un casino bien connu avec une large gamme de machines \u00e0 sous ;<\/li>\n<li>Vavada &#8211; un club virtuel \u00e9quitable et licenci\u00e9 ;<\/li>\n<li>1xBet &#8211; un casino avec les meilleurs bonus de bienvenue.<\/li>\n<\/ul>\n<p>La machine \u00e0 sous vid\u00e9o Balloon peut \u00e9galement \u00eatre lanc\u00e9e dans d&rsquo;autres casinos en ligne bien connus. Pour jouer en argent r\u00e9el, l&rsquo;inscription \u00e0 l&rsquo;\u00e9tablissement est une exigence obligatoire. Il est \u00e9galement n\u00e9cessaire de d\u00e9poser des fonds. Presque tous les clubs offrent des bonus de bienvenue aux nouveaux venus, qui peuvent \u00eatre utilis\u00e9s pour des paris sur le simulateur.<\/p>\n<h2><strong>Caract\u00e9ristiques d&rsquo;inscription pour jouer \u00e0 Balloon<\/strong><\/h2>\n<p>Les r\u00e8gles de cr\u00e9ation de compte dans diff\u00e9rents casinos en ligne varient l\u00e9g\u00e8rement. Mais la proc\u00e9dure d&rsquo;inscription se d\u00e9roule g\u00e9n\u00e9ralement de mani\u00e8re similaire. Pour cr\u00e9er un compte de jeu, vous devez choisir un casino. Il vaut la peine d&rsquo;utiliser des classements, des avis d&rsquo;experts pour trouver un \u00e9tablissement juste et v\u00e9rifi\u00e9. Le processus d&rsquo;inscription est le suivant :<\/p>\n<ul>\n<li>Acc\u00e9dez au site officiel ;<\/li>\n<li>S\u00e9lectionnez le bouton \u00ab\u00a0Inscription\u00a0\u00bb ;<\/li>\n<li>Entrez votre num\u00e9ro de t\u00e9l\u00e9phone et\/ou votre e-mail ;<\/li>\n<li>Cr\u00e9ez un nom d&rsquo;utilisateur et un mot de passe ;<\/li>\n<li>Choisissez la devise du compte de jeu ;<\/li>\n<li>Acceptez les r\u00e8gles et conditions du club.<\/li>\n<\/ul>\n<p>Seuls les adultes peuvent s&rsquo;inscrire dans les casinos pour des paris en argent r\u00e9el. Dans de nombreux \u00e9tablissements, une v\u00e9rification de compte est requise. Diverses m\u00e9thodes de paiement sont disponibles pour d\u00e9poser des fonds, donc les joueurs n&rsquo;ont pas de difficult\u00e9s \u00e0 d\u00e9poser de l&rsquo;argent sur leur compte. Apr\u00e8s avoir compl\u00e9t\u00e9 les formalit\u00e9s, vous pouvez commencer \u00e0 jouer \u00e0 Balloon pour de l&rsquo;argent r\u00e9el, r\u00e9clamer de gros gains et passer un bon moment.<\/p>\n","protected":false},"excerpt":{"rendered":"<p>Le logiciel de SmartSoft Gaming est install\u00e9 sur de nombreuses plateformes pour les amateurs de jeu. Pour trouver la machine \u00e0 sous Balloon dans un&hellip;<\/p>\n","protected":false},"author":1,"featured_media":0,"parent":0,"menu_order":0,"comment_status":"closed","ping_status":"closed","template":"","meta":{"footnotes":""},"class_list":["post-8","page","type-page","status-publish","hentry"],"yoast_head":"<!-- This site is optimized with the Yoast SEO plugin v27.2 - https:\/\/yoast.com\/product\/yoast-seo-wordpress\/ -->\n<title>\u0420\u0435\u0433\u0438\u0441\u0442\u0440\u0430\u0446\u0438\u044f \u043d\u0430 \u043e\u0444\u0438\u0446\u0438\u0430\u043b\u044c\u043d\u043e\u043c \u0441\u0430\u0439\u0442\u0435 \u0434\u043b\u044f \u0438\u0433\u0440\u044b \u0432 Balloon<\/title>\n<meta name=\"description\" content=\"O\u00f9 jouer et s&#039;inscrire dans le casino en ligne pour le jeu de crash Balloon. Jouez et gagnez maintenant.\" \/>\n<meta name=\"robots\" content=\"index, follow, max-snippet:-1, max-image-preview:large, max-video-preview:-1\" \/>\n<link rel=\"canonical\" href=\"https:\/\/dream-balloon.com\/fr\/where-to-play-the-balloon-slot\/\" \/>\n<meta property=\"og:locale\" content=\"fr_FR\" \/>\n<meta property=\"og:locale:alternate\" content=\"ru_RU\" \/>\n<meta property=\"og:locale:alternate\" content=\"en_US\" \/>\n<meta property=\"og:locale:alternate\" content=\"pt_PT\" \/>\n<meta property=\"og:locale:alternate\" content=\"es_ES\" \/>\n<meta property=\"og:locale:alternate\" content=\"it_IT\" \/>\n<meta property=\"og:type\" content=\"article\" \/>\n<meta property=\"og:title\" content=\"\u0420\u0435\u0433\u0438\u0441\u0442\u0440\u0430\u0446\u0438\u044f \u043d\u0430 \u043e\u0444\u0438\u0446\u0438\u0430\u043b\u044c\u043d\u043e\u043c \u0441\u0430\u0439\u0442\u0435 \u0434\u043b\u044f \u0438\u0433\u0440\u044b \u0432 Balloon\" \/>\n<meta property=\"og:description\" content=\"\u0413\u0434\u0435 \u0438\u0433\u0440\u0430\u0442\u044c \u0438 \u0440\u0435\u0433\u0438\u0441\u0442\u0440\u0430\u0446\u0438\u044f \u0432 \u043e\u043d\u043b\u0430\u0439\u043d \u043a\u0430\u0437\u0438\u043d\u043e \u0432 \u043a\u0440\u0430\u0448 \u0438\u0433\u0440\u0435 Balloon. \u0418\u0433\u0440\u0430\u0442\u044c \u0438 \u043f\u043e\u0431\u0435\u0436\u0434\u0430\u0442\u044c \u0443\u0436\u0435 \u0441\u0435\u0439\u0447\u0430\u0441\" \/>\n<meta property=\"og:url\" content=\"https:\/\/dream-balloon.com\/fr\/where-to-play-the-balloon-slot\/\" \/>\n<meta property=\"og:site_name\" content=\"Balloon\" \/>\n<meta property=\"article:modified_time\" content=\"2024-03-02T15:06:03+00:00\" \/>\n<meta name=\"twitter:card\" content=\"summary_large_image\" \/>\n<meta name=\"twitter:label1\" content=\"Dur\u00e9e de lecture estim\u00e9e\" \/>\n\t<meta name=\"twitter:data1\" content=\"9 minutes\" \/>\n<script type=\"application\/ld+json\" class=\"yoast-schema-graph\">{\"@context\":\"https:\/\/schema.org\",\"@graph\":[{\"@type\":\"WebPage\",\"@id\":\"https:\/\/dream-balloon.com\/where-to-play-the-balloon-slot\/\",\"url\":\"https:\/\/dream-balloon.com\/where-to-play-the-balloon-slot\/\",\"name\":\"\u0420\u0435\u0433\u0438\u0441\u0442\u0440\u0430\u0446\u0438\u044f \u043d\u0430 \u043e\u0444\u0438\u0446\u0438\u0430\u043b\u044c\u043d\u043e\u043c \u0441\u0430\u0439\u0442\u0435 \u0434\u043b\u044f \u0438\u0433\u0440\u044b \u0432 Balloon\",\"isPartOf\":{\"@id\":\"https:\/\/dream-balloon.com\/#website\"},\"datePublished\":\"2024-01-27T02:46:12+00:00\",\"dateModified\":\"2024-03-02T15:06:03+00:00\",\"description\":\"\u0413\u0434\u0435 \u0438\u0433\u0440\u0430\u0442\u044c \u0438 \u0440\u0435\u0433\u0438\u0441\u0442\u0440\u0430\u0446\u0438\u044f \u0432 \u043e\u043d\u043b\u0430\u0439\u043d \u043a\u0430\u0437\u0438\u043d\u043e \u0432 \u043a\u0440\u0430\u0448 \u0438\u0433\u0440\u0435 Balloon. \u0418\u0433\u0440\u0430\u0442\u044c \u0438 \u043f\u043e\u0431\u0435\u0436\u0434\u0430\u0442\u044c \u0443\u0436\u0435 \u0441\u0435\u0439\u0447\u0430\u0441\",\"breadcrumb\":{\"@id\":\"https:\/\/dream-balloon.com\/where-to-play-the-balloon-slot\/#breadcrumb\"},\"inLanguage\":\"fr-FR\",\"potentialAction\":[{\"@type\":\"ReadAction\",\"target\":[\"https:\/\/dream-balloon.com\/where-to-play-the-balloon-slot\/\"]}]},{\"@type\":\"BreadcrumbList\",\"@id\":\"https:\/\/dream-balloon.com\/where-to-play-the-balloon-slot\/#breadcrumb\",\"itemListElement\":[{\"@type\":\"ListItem\",\"position\":1,\"name\":\"Home\",\"item\":\"https:\/\/dream-balloon.com\/fr\/\"},{\"@type\":\"ListItem\",\"position\":2,\"name\":\"\u0413\u0434\u0435 \u0438\u0433\u0440\u0430\u0442\u044c \u0432 \u0441\u043b\u043e\u0442 Balloon\"}]},{\"@type\":\"WebSite\",\"@id\":\"https:\/\/dream-balloon.com\/#website\",\"url\":\"https:\/\/dream-balloon.com\/\",\"name\":\"Balloon\",\"description\":\"\",\"publisher\":{\"@id\":\"https:\/\/dream-balloon.com\/#organization\"},\"potentialAction\":[{\"@type\":\"SearchAction\",\"target\":{\"@type\":\"EntryPoint\",\"urlTemplate\":\"https:\/\/dream-balloon.com\/?s={search_term_string}\"},\"query-input\":{\"@type\":\"PropertyValueSpecification\",\"valueRequired\":true,\"valueName\":\"search_term_string\"}}],\"inLanguage\":\"fr-FR\"},{\"@type\":\"Organization\",\"@id\":\"https:\/\/dream-balloon.com\/#organization\",\"name\":\"Balloon\",\"url\":\"https:\/\/dream-balloon.com\/\",\"logo\":{\"@type\":\"ImageObject\",\"inLanguage\":\"fr-FR\",\"@id\":\"https:\/\/dream-balloon.com\/#\/schema\/logo\/image\/\",\"url\":\"https:\/\/dream-balloon.com\/wp-content\/uploads\/balloon-logo.png\",\"contentUrl\":\"https:\/\/dream-balloon.com\/wp-content\/uploads\/balloon-logo.png\",\"width\":470,\"height\":228,\"caption\":\"Balloon\"},\"image\":{\"@id\":\"https:\/\/dream-balloon.com\/#\/schema\/logo\/image\/\"}}]}<\/script>\n<!-- \/ Yoast SEO plugin. -->","yoast_head_json":{"title":"\u0420\u0435\u0433\u0438\u0441\u0442\u0440\u0430\u0446\u0438\u044f \u043d\u0430 \u043e\u0444\u0438\u0446\u0438\u0430\u043b\u044c\u043d\u043e\u043c \u0441\u0430\u0439\u0442\u0435 \u0434\u043b\u044f \u0438\u0433\u0440\u044b \u0432 Balloon","description":"O\u00f9 jouer et s'inscrire dans le casino en ligne pour le jeu de crash Balloon. Jouez et gagnez maintenant.","robots":{"index":"index","follow":"follow","max-snippet":"max-snippet:-1","max-image-preview":"max-image-preview:large","max-video-preview":"max-video-preview:-1"},"canonical":"https:\/\/dream-balloon.com\/fr\/where-to-play-the-balloon-slot\/","og_locale":"fr_FR","og_type":"article","og_title":"\u0420\u0435\u0433\u0438\u0441\u0442\u0440\u0430\u0446\u0438\u044f \u043d\u0430 \u043e\u0444\u0438\u0446\u0438\u0430\u043b\u044c\u043d\u043e\u043c \u0441\u0430\u0439\u0442\u0435 \u0434\u043b\u044f \u0438\u0433\u0440\u044b \u0432 Balloon","og_description":"\u0413\u0434\u0435 \u0438\u0433\u0440\u0430\u0442\u044c \u0438 \u0440\u0435\u0433\u0438\u0441\u0442\u0440\u0430\u0446\u0438\u044f \u0432 \u043e\u043d\u043b\u0430\u0439\u043d \u043a\u0430\u0437\u0438\u043d\u043e \u0432 \u043a\u0440\u0430\u0448 \u0438\u0433\u0440\u0435 Balloon. \u0418\u0433\u0440\u0430\u0442\u044c \u0438 \u043f\u043e\u0431\u0435\u0436\u0434\u0430\u0442\u044c \u0443\u0436\u0435 \u0441\u0435\u0439\u0447\u0430\u0441","og_url":"https:\/\/dream-balloon.com\/fr\/where-to-play-the-balloon-slot\/","og_site_name":"Balloon","article_modified_time":"2024-03-02T15:06:03+00:00","twitter_card":"summary_large_image","twitter_misc":{"Dur\u00e9e de lecture estim\u00e9e":"9 minutes"},"schema":{"@context":"https:\/\/schema.org","@graph":[{"@type":"WebPage","@id":"https:\/\/dream-balloon.com\/where-to-play-the-balloon-slot\/","url":"https:\/\/dream-balloon.com\/where-to-play-the-balloon-slot\/","name":"\u0420\u0435\u0433\u0438\u0441\u0442\u0440\u0430\u0446\u0438\u044f \u043d\u0430 \u043e\u0444\u0438\u0446\u0438\u0430\u043b\u044c\u043d\u043e\u043c \u0441\u0430\u0439\u0442\u0435 \u0434\u043b\u044f \u0438\u0433\u0440\u044b \u0432 Balloon","isPartOf":{"@id":"https:\/\/dream-balloon.com\/#website"},"datePublished":"2024-01-27T02:46:12+00:00","dateModified":"2024-03-02T15:06:03+00:00","description":"\u0413\u0434\u0435 \u0438\u0433\u0440\u0430\u0442\u044c \u0438 \u0440\u0435\u0433\u0438\u0441\u0442\u0440\u0430\u0446\u0438\u044f \u0432 \u043e\u043d\u043b\u0430\u0439\u043d \u043a\u0430\u0437\u0438\u043d\u043e \u0432 \u043a\u0440\u0430\u0448 \u0438\u0433\u0440\u0435 Balloon. \u0418\u0433\u0440\u0430\u0442\u044c \u0438 \u043f\u043e\u0431\u0435\u0436\u0434\u0430\u0442\u044c \u0443\u0436\u0435 \u0441\u0435\u0439\u0447\u0430\u0441","breadcrumb":{"@id":"https:\/\/dream-balloon.com\/where-to-play-the-balloon-slot\/#breadcrumb"},"inLanguage":"fr-FR","potentialAction":[{"@type":"ReadAction","target":["https:\/\/dream-balloon.com\/where-to-play-the-balloon-slot\/"]}]},{"@type":"BreadcrumbList","@id":"https:\/\/dream-balloon.com\/where-to-play-the-balloon-slot\/#breadcrumb","itemListElement":[{"@type":"ListItem","position":1,"name":"Home","item":"https:\/\/dream-balloon.com\/fr\/"},{"@type":"ListItem","position":2,"name":"\u0413\u0434\u0435 \u0438\u0433\u0440\u0430\u0442\u044c \u0432 \u0441\u043b\u043e\u0442 Balloon"}]},{"@type":"WebSite","@id":"https:\/\/dream-balloon.com\/#website","url":"https:\/\/dream-balloon.com\/","name":"Balloon","description":"","publisher":{"@id":"https:\/\/dream-balloon.com\/#organization"},"potentialAction":[{"@type":"SearchAction","target":{"@type":"EntryPoint","urlTemplate":"https:\/\/dream-balloon.com\/?s={search_term_string}"},"query-input":{"@type":"PropertyValueSpecification","valueRequired":true,"valueName":"search_term_string"}}],"inLanguage":"fr-FR"},{"@type":"Organization","@id":"https:\/\/dream-balloon.com\/#organization","name":"Balloon","url":"https:\/\/dream-balloon.com\/","logo":{"@type":"ImageObject","inLanguage":"fr-FR","@id":"https:\/\/dream-balloon.com\/#\/schema\/logo\/image\/","url":"https:\/\/dream-balloon.com\/wp-content\/uploads\/balloon-logo.png","contentUrl":"https:\/\/dream-balloon.com\/wp-content\/uploads\/balloon-logo.png","width":470,"height":228,"caption":"Balloon"},"image":{"@id":"https:\/\/dream-balloon.com\/#\/schema\/logo\/image\/"}}]}},"_links":{"self":[{"href":"https:\/\/dream-balloon.com\/fr\/wp-json\/wp\/v2\/pages\/8","targetHints":{"allow":["GET"]}}],"collection":[{"href":"https:\/\/dream-balloon.com\/fr\/wp-json\/wp\/v2\/pages"}],"about":[{"href":"https:\/\/dream-balloon.com\/fr\/wp-json\/wp\/v2\/types\/page"}],"author":[{"embeddable":true,"href":"https:\/\/dream-balloon.com\/fr\/wp-json\/wp\/v2\/users\/1"}],"replies":[{"embeddable":true,"href":"https:\/\/dream-balloon.com\/fr\/wp-json\/wp\/v2\/comments?post=8"}],"version-history":[{"count":12,"href":"https:\/\/dream-balloon.com\/fr\/wp-json\/wp\/v2\/pages\/8\/revisions"}],"predecessor-version":[{"id":94,"href":"https:\/\/dream-balloon.com\/fr\/wp-json\/wp\/v2\/pages\/8\/revisions\/94"}],"wp:attachment":[{"href":"https:\/\/dream-balloon.com\/fr\/wp-json\/wp\/v2\/media?parent=8"}],"curies":[{"name":"wp","href":"https:\/\/api.w.org\/{rel}","templated":true}]}}