{"id":6,"date":"2024-01-27T02:41:05","date_gmt":"2024-01-27T02:41:05","guid":{"rendered":"https:\/\/dream-balloon.com\/?page_id=6"},"modified":"2024-03-02T15:07:44","modified_gmt":"2024-03-02T15:07:44","slug":"playing-the-balloon-crash-game-at-an-online-casino","status":"publish","type":"page","link":"https:\/\/dream-balloon.com\/fr\/","title":{"rendered":"Jouer au jeu de crash Balloon dans un casino en ligne"},"content":{"rendered":"<p>La soci\u00e9t\u00e9 SmartSoft Gaming a pr\u00e9sent\u00e9 le jeu de crash unique Balloon au public des joueurs en 2019. Ce jeu est diff\u00e9rent des machines \u00e0 sous vid\u00e9o classiques, poss\u00e9dant des m\u00e9canismes et une impl\u00e9mentation de gameplay non conventionnels. Les joueurs doivent observer attentivement l&rsquo;inflation du ballon virtuel et collecter des gains \u00e0 mesure que les multiplicateurs de mise augmentent. Le jeu est con\u00e7u dans un design attrayant et des couleurs vives. Les multiplicateurs \u00e0 l&rsquo;\u00e9cran sont form\u00e9s sur la base du g\u00e9n\u00e9rateur de nombres al\u00e9atoires. La croissance al\u00e9atoire des multiplicateurs assure l&rsquo;\u00e9quit\u00e9 et l&rsquo;impr\u00e9visibilit\u00e9 de chaque tour. Mais seul le joueur d\u00e9cide quand arr\u00eater le jeu et r\u00e9clamer la r\u00e9compense en esp\u00e8ces.<\/p>\n<h2><strong>Intrigue de la machine \u00e0 sous Balloon<\/strong><\/h2>\n<p>Balloon est un jeu de crash avec un sc\u00e9nario simple, d\u00e9di\u00e9 au vol d&rsquo;un objet virtuel \u00e0 travers l&rsquo;\u00e9cran. Un ballon \u00e0 air lumineux appara\u00eet sur le champ de jeu. Il monte progressivement, augmentant de taille. Avec le vol de l&rsquo;objet, les multiplicateurs de mise augmentent. Le moment le plus intrigant est l&rsquo;explosion inattendue du ballon, qui peut se produire \u00e0 tout moment.<\/p>\n<p>Dans le jeu Balloon, le d\u00e9veloppeur a utilis\u00e9 des graphismes vifs. Le ballon vole contre un \u00e9cran de fond bleu ciel. Sur le c\u00f4t\u00e9 droit se trouve un gros bouton framboise avec une ic\u00f4ne de paume. Le joueur doit appuyer sur ce bouton pour d\u00e9marrer la machine \u00e0 sous. Les coefficients sont affich\u00e9s sur le ballon lui-m\u00eame en chiffres blancs. En maintenant le bouton, le joueur gonfle le ballon \u00e0 air virtuel. Il est important de ne pas exag\u00e9rer pour que l&rsquo;objet n&rsquo;\u00e9clate pas.<\/p>\n<h2><strong>Caract\u00e9ristiques du jeu de crash Balloon<\/strong><\/h2>\n<p>Le jeu Balloon est d\u00e9velopp\u00e9 par SmartSoft Gaming en tant que simulateur. La machine \u00e0 sous n&rsquo;a ni rouleaux tournants ni lignes de paiement, ni symboles de base et sp\u00e9ciaux. Le jeu ne contient pas de bonus, de jeux de risque, de jackpots ou de tours gratuits. Mais en raison du format inhabituel du processus de jeu et de bons retours, le jeu de crash est extr\u00eamement populaire parmi les visiteurs de casino. Caract\u00e9ristiques et caract\u00e9ristiques du jeu de crash Balloon :<\/p>\n<ul>\n<li>Pourcentage de retour th\u00e9orique &#8211; 96 % ;<\/li>\n<li>Niveau de volatilit\u00e9 &#8211; non d\u00e9fini ;<\/li>\n<li>Taille de mise minimale &#8211; 0,2 pi\u00e8ces ;<\/li>\n<li>Taille de mise maximale &#8211; 10 pi\u00e8ces ;<\/li>\n<li>Gain maximum de la machine \u00e0 sous &#8211; non d\u00e9fini ;<\/li>\n<li>Support sur tous les types de dispositifs modernes ;<\/li>\n<li>R\u00e8gles, interface et gameplay simples ;<\/li>\n<li>Disponibilit\u00e9 d&rsquo;une version de d\u00e9monstration (gratuite) ;<\/li>\n<li>M\u00e9canique de gameplay explosive ;<\/li>\n<li>Version mobile du simulateur de crash ;<\/li>\n<li>Croissance impr\u00e9visible des multiplicateurs de mise.<\/li>\n<\/ul>\n<p>Le jeu Balloon est pris en charge \u00e0 la fois sur les ordinateurs de bureau et sur les appareils mobiles. Le simulateur peut \u00eatre t\u00e9l\u00e9charg\u00e9 avec l&rsquo;application de casino ou jou\u00e9 via un navigateur sans installer la machine \u00e0 sous. La machine \u00e0 sous est disponible \u00e0 la fois en mode payant et en version de d\u00e9monstration gratuite. Le jeu peut \u00eatre lanc\u00e9 en mode d&rsquo;entra\u00eenement sur la plateforme du d\u00e9veloppeur ou sur les sites de casino en ligne, ainsi que sur les portails partenaires du fournisseur d\u00e9di\u00e9s aux th\u00e8mes du jeu.<\/p>\n","protected":false},"excerpt":{"rendered":"<p>La soci\u00e9t\u00e9 SmartSoft Gaming a pr\u00e9sent\u00e9 le jeu de crash unique Balloon au public des joueurs en 2019. Ce jeu est diff\u00e9rent des machines \u00e0&hellip;<\/p>\n","protected":false},"author":1,"featured_media":0,"parent":0,"menu_order":0,"comment_status":"closed","ping_status":"closed","template":"","meta":{"footnotes":""},"class_list":["post-6","page","type-page","status-publish","hentry"],"yoast_head":"<!-- This site is optimized with the Yoast SEO plugin v27.2 - https:\/\/yoast.com\/product\/yoast-seo-wordpress\/ -->\n<title>Jouez au jeu de crash Balloon dans un casino.<\/title>\n<meta name=\"description\" content=\"Jouez au jeu en ligne Balloon. T\u00e9l\u00e9chargez, essayez, jouez gratuitement, application iPhone et Android. Jeu de crash sur smartphone.\" \/>\n<meta name=\"robots\" content=\"index, follow, max-snippet:-1, max-image-preview:large, max-video-preview:-1\" \/>\n<link rel=\"canonical\" href=\"https:\/\/dream-balloon.com\/fr\/\" \/>\n<meta property=\"og:locale\" content=\"fr_FR\" \/>\n<meta property=\"og:locale:alternate\" content=\"ru_RU\" \/>\n<meta property=\"og:locale:alternate\" content=\"en_US\" \/>\n<meta property=\"og:locale:alternate\" content=\"pt_PT\" \/>\n<meta property=\"og:locale:alternate\" content=\"es_ES\" \/>\n<meta property=\"og:locale:alternate\" content=\"it_IT\" \/>\n<meta property=\"og:type\" content=\"article\" \/>\n<meta property=\"og:title\" content=\"Jouez au jeu de crash Balloon dans un casino.\" \/>\n<meta property=\"og:description\" content=\"Jouez au jeu en ligne Balloon. T\u00e9l\u00e9chargez, essayez, jouez gratuitement, application iPhone et Android. Jeu de crash sur smartphone.\" \/>\n<meta property=\"og:url\" content=\"https:\/\/dream-balloon.com\/fr\/\" \/>\n<meta property=\"og:site_name\" content=\"Balloon\" \/>\n<meta property=\"article:modified_time\" content=\"2024-03-02T15:07:44+00:00\" \/>\n<meta name=\"twitter:card\" content=\"summary_large_image\" \/>\n<meta name=\"twitter:label1\" content=\"Dur\u00e9e de lecture estim\u00e9e\" \/>\n\t<meta name=\"twitter:data1\" content=\"13 minutes\" \/>\n<script type=\"application\/ld+json\" class=\"yoast-schema-graph\">{\"@context\":\"https:\/\/schema.org\",\"@graph\":[{\"@type\":\"WebPage\",\"@id\":\"https:\/\/dream-balloon.com\/fr\/\",\"url\":\"https:\/\/dream-balloon.com\/fr\/\",\"name\":\"Jouez au jeu de crash Balloon dans un casino.\",\"isPartOf\":{\"@id\":\"https:\/\/dream-balloon.com\/#website\"},\"datePublished\":\"2024-01-27T02:41:05+00:00\",\"dateModified\":\"2024-03-02T15:07:44+00:00\",\"description\":\"Jouez au jeu en ligne Balloon. T\u00e9l\u00e9chargez, essayez, jouez gratuitement, application iPhone et Android. Jeu de crash sur smartphone.\",\"breadcrumb\":{\"@id\":\"https:\/\/dream-balloon.com\/fr\/#breadcrumb\"},\"inLanguage\":\"fr-FR\",\"potentialAction\":[{\"@type\":\"ReadAction\",\"target\":[\"https:\/\/dream-balloon.com\/fr\/\"]}]},{\"@type\":\"BreadcrumbList\",\"@id\":\"https:\/\/dream-balloon.com\/fr\/#breadcrumb\",\"itemListElement\":[{\"@type\":\"ListItem\",\"position\":1,\"name\":\"Home\",\"item\":\"https:\/\/dream-balloon.com\/fr\/\"},{\"@type\":\"ListItem\",\"position\":2,\"name\":\"Jouer au jeu de crash Balloon dans un casino en ligne\"}]},{\"@type\":\"WebSite\",\"@id\":\"https:\/\/dream-balloon.com\/#website\",\"url\":\"https:\/\/dream-balloon.com\/\",\"name\":\"Balloon\",\"description\":\"\",\"publisher\":{\"@id\":\"https:\/\/dream-balloon.com\/#organization\"},\"potentialAction\":[{\"@type\":\"SearchAction\",\"target\":{\"@type\":\"EntryPoint\",\"urlTemplate\":\"https:\/\/dream-balloon.com\/?s={search_term_string}\"},\"query-input\":{\"@type\":\"PropertyValueSpecification\",\"valueRequired\":true,\"valueName\":\"search_term_string\"}}],\"inLanguage\":\"fr-FR\"},{\"@type\":\"Organization\",\"@id\":\"https:\/\/dream-balloon.com\/#organization\",\"name\":\"Balloon\",\"url\":\"https:\/\/dream-balloon.com\/\",\"logo\":{\"@type\":\"ImageObject\",\"inLanguage\":\"fr-FR\",\"@id\":\"https:\/\/dream-balloon.com\/#\/schema\/logo\/image\/\",\"url\":\"https:\/\/dream-balloon.com\/wp-content\/uploads\/balloon-logo.png\",\"contentUrl\":\"https:\/\/dream-balloon.com\/wp-content\/uploads\/balloon-logo.png\",\"width\":470,\"height\":228,\"caption\":\"Balloon\"},\"image\":{\"@id\":\"https:\/\/dream-balloon.com\/#\/schema\/logo\/image\/\"}}]}<\/script>\n<!-- \/ Yoast SEO plugin. -->","yoast_head_json":{"title":"Jouez au jeu de crash Balloon dans un casino.","description":"Jouez au jeu en ligne Balloon. T\u00e9l\u00e9chargez, essayez, jouez gratuitement, application iPhone et Android. Jeu de crash sur smartphone.","robots":{"index":"index","follow":"follow","max-snippet":"max-snippet:-1","max-image-preview":"max-image-preview:large","max-video-preview":"max-video-preview:-1"},"canonical":"https:\/\/dream-balloon.com\/fr\/","og_locale":"fr_FR","og_type":"article","og_title":"Jouez au jeu de crash Balloon dans un casino.","og_description":"Jouez au jeu en ligne Balloon. T\u00e9l\u00e9chargez, essayez, jouez gratuitement, application iPhone et Android. Jeu de crash sur smartphone.","og_url":"https:\/\/dream-balloon.com\/fr\/","og_site_name":"Balloon","article_modified_time":"2024-03-02T15:07:44+00:00","twitter_card":"summary_large_image","twitter_misc":{"Dur\u00e9e de lecture estim\u00e9e":"13 minutes"},"schema":{"@context":"https:\/\/schema.org","@graph":[{"@type":"WebPage","@id":"https:\/\/dream-balloon.com\/fr\/","url":"https:\/\/dream-balloon.com\/fr\/","name":"Jouez au jeu de crash Balloon dans un casino.","isPartOf":{"@id":"https:\/\/dream-balloon.com\/#website"},"datePublished":"2024-01-27T02:41:05+00:00","dateModified":"2024-03-02T15:07:44+00:00","description":"Jouez au jeu en ligne Balloon. T\u00e9l\u00e9chargez, essayez, jouez gratuitement, application iPhone et Android. Jeu de crash sur smartphone.","breadcrumb":{"@id":"https:\/\/dream-balloon.com\/fr\/#breadcrumb"},"inLanguage":"fr-FR","potentialAction":[{"@type":"ReadAction","target":["https:\/\/dream-balloon.com\/fr\/"]}]},{"@type":"BreadcrumbList","@id":"https:\/\/dream-balloon.com\/fr\/#breadcrumb","itemListElement":[{"@type":"ListItem","position":1,"name":"Home","item":"https:\/\/dream-balloon.com\/fr\/"},{"@type":"ListItem","position":2,"name":"Jouer au jeu de crash Balloon dans un casino en ligne"}]},{"@type":"WebSite","@id":"https:\/\/dream-balloon.com\/#website","url":"https:\/\/dream-balloon.com\/","name":"Balloon","description":"","publisher":{"@id":"https:\/\/dream-balloon.com\/#organization"},"potentialAction":[{"@type":"SearchAction","target":{"@type":"EntryPoint","urlTemplate":"https:\/\/dream-balloon.com\/?s={search_term_string}"},"query-input":{"@type":"PropertyValueSpecification","valueRequired":true,"valueName":"search_term_string"}}],"inLanguage":"fr-FR"},{"@type":"Organization","@id":"https:\/\/dream-balloon.com\/#organization","name":"Balloon","url":"https:\/\/dream-balloon.com\/","logo":{"@type":"ImageObject","inLanguage":"fr-FR","@id":"https:\/\/dream-balloon.com\/#\/schema\/logo\/image\/","url":"https:\/\/dream-balloon.com\/wp-content\/uploads\/balloon-logo.png","contentUrl":"https:\/\/dream-balloon.com\/wp-content\/uploads\/balloon-logo.png","width":470,"height":228,"caption":"Balloon"},"image":{"@id":"https:\/\/dream-balloon.com\/#\/schema\/logo\/image\/"}}]}},"_links":{"self":[{"href":"https:\/\/dream-balloon.com\/fr\/wp-json\/wp\/v2\/pages\/6","targetHints":{"allow":["GET"]}}],"collection":[{"href":"https:\/\/dream-balloon.com\/fr\/wp-json\/wp\/v2\/pages"}],"about":[{"href":"https:\/\/dream-balloon.com\/fr\/wp-json\/wp\/v2\/types\/page"}],"author":[{"embeddable":true,"href":"https:\/\/dream-balloon.com\/fr\/wp-json\/wp\/v2\/users\/1"}],"replies":[{"embeddable":true,"href":"https:\/\/dream-balloon.com\/fr\/wp-json\/wp\/v2\/comments?post=6"}],"version-history":[{"count":11,"href":"https:\/\/dream-balloon.com\/fr\/wp-json\/wp\/v2\/pages\/6\/revisions"}],"predecessor-version":[{"id":95,"href":"https:\/\/dream-balloon.com\/fr\/wp-json\/wp\/v2\/pages\/6\/revisions\/95"}],"wp:attachment":[{"href":"https:\/\/dream-balloon.com\/fr\/wp-json\/wp\/v2\/media?parent=6"}],"curies":[{"name":"wp","href":"https:\/\/api.w.org\/{rel}","templated":true}]}}