{"id":14,"date":"2024-01-27T02:50:27","date_gmt":"2024-01-27T02:50:27","guid":{"rendered":"https:\/\/dream-balloon.com\/?page_id=14"},"modified":"2024-03-02T15:11:25","modified_gmt":"2024-03-02T15:11:25","slug":"game-and-betting-strategy-in-the-balloon-crash-game","status":"publish","type":"page","link":"https:\/\/dream-balloon.com\/fr\/game-and-betting-strategy-in-the-balloon-crash-game\/","title":{"rendered":"Strat\u00e9gie de jeu et de paris dans le jeu de crash Balloon"},"content":{"rendered":"<p>Il jeu de crash Balloon, comme les autres jeux de crash, repr\u00e9sente un m\u00e9lange unique de chance, de strat\u00e9gie et de r\u00e9action rapide. Dans de tels jeux, l&rsquo;objectif principal est de maximiser les gains tout en contr\u00f4lant simultan\u00e9ment les risques. L&rsquo;application de strat\u00e9gies de paris efficaces aide les joueurs non seulement \u00e0 augmenter leurs chances de succ\u00e8s, mais aussi \u00e0 maintenir un solde positif lors d&rsquo;une longue session de jeu. Avant d&rsquo;utiliser une strat\u00e9gie quelconque dans le jeu r\u00e9el, il est recommand\u00e9 de tester son efficacit\u00e9 en mode d\u00e9mo. Voici trois principales strat\u00e9gies souvent utilis\u00e9es par les joueurs exp\u00e9riment\u00e9s dans le jeu Balloon :<\/p>\n<ol>\n<li>\n<h3><strong>Jouer avec de petits paris et un risque minimal :<\/strong><\/h3>\n<p>Cette strat\u00e9gie est parfaite pour les d\u00e9butants cherchant \u00e0 constituer leur bankroll tout en minimisant les risques. Les petits paris permettent aux joueurs de rester dans le jeu pendant longtemps et d&rsquo;accumuler progressivement des gains sans risquer de pertes financi\u00e8res importantes.<\/li>\n<li>\n<h3><strong>Tactique de pari moyen :<\/strong><\/h3>\n<p>Cette strat\u00e9gie implique de choisir des paris de taille moyenne. Les joueurs doivent d\u00e9terminer la taille de leur bankroll pour la session de jeu \u00e0 l&rsquo;avance et faire des paris qui correspondent \u00e0 ce budget. Il est recommand\u00e9 de verrouiller les gains lors de l&rsquo;atteinte de multiplicateurs moyens pour assurer un profit mod\u00e9r\u00e9 et stable.<\/li>\n<li>\n<h3><strong>Jouer avec de gros paris :<\/strong><\/h3>\n<p>Cette strat\u00e9gie convient aux joueurs plus exp\u00e9riment\u00e9s et prenant des risques. Elle implique de placer de gros paris, ce qui peut conduire \u00e0 de gros gains, mais augmente \u00e9galement le risque de pertes. Il est important de collecter les prix lors de l&rsquo;atteinte de multiplicateurs \u00e9lev\u00e9s pour maximiser les gains.<\/li>\n<\/ol>\n<p>Quelle que soit la strat\u00e9gie choisie, il est important de s&rsquo;entra\u00eener en mode d\u00e9mo. Cela vous permettra d&rsquo;apprendre rapidement \u00e0 identifier le moment optimal pour encaisser les gains et d&rsquo;am\u00e9liorer votre capacit\u00e9 \u00e0 pr\u00e9dire le moment de l&rsquo;explosion du ballon dans le jeu. Pour les d\u00e9butants, il est recommand\u00e9 de commencer par de petits paris et d&rsquo;augmenter progressivement leur taille, en renfor\u00e7ant la confiance et l&rsquo;exp\u00e9rience.<\/p>\n<p>Avant de commencer le jeu, il est n\u00e9cessaire de d\u00e9finir un budget clair pour la session de jeu et de s&rsquo;y conformer strictement pour \u00e9viter de d\u00e9passer la limite de la bankroll allou\u00e9e. Il est \u00e9galement important de jouer de mani\u00e8re responsable et disciplin\u00e9e. Si les pertes commencent \u00e0 s&rsquo;accumuler, il est recommand\u00e9 de faire une pause dans le jeu et de revenir aux paris plus tard lorsque vous \u00eates de bonne humeur et concentr\u00e9.<\/p>\n<p>De plus, lors de la r\u00e9ception d&rsquo;un gros gain, il est conseill\u00e9 d&rsquo;arr\u00eater le jeu et de retirer les fonds. Cela aidera \u00e0 \u00e9viter la tentation de d\u00e9penser imm\u00e9diatement les gains et vous prot\u00e9gera des pertes potentielles \u00e0 l&rsquo;avenir.<\/p>\n<p>Ainsi, jouer avec succ\u00e8s \u00e0 Balloon n\u00e9cessite non seulement de la chance, mais aussi une strat\u00e9gie bien pens\u00e9e, la capacit\u00e9 de g\u00e9rer votre bankroll et la capacit\u00e9 de contr\u00f4ler vos \u00e9motions. En suivant ces conseils, vous pouvez am\u00e9liorer consid\u00e9rablement vos chances de succ\u00e8s et rendre le processus de jeu plus agr\u00e9able et s\u00e9curis\u00e9.<\/p>\n","protected":false},"excerpt":{"rendered":"<p>Il jeu de crash Balloon, comme les autres jeux de crash, repr\u00e9sente un m\u00e9lange unique de chance, de strat\u00e9gie et de r\u00e9action rapide. Dans de&hellip;<\/p>\n","protected":false},"author":1,"featured_media":0,"parent":0,"menu_order":0,"comment_status":"closed","ping_status":"closed","template":"","meta":{"footnotes":""},"class_list":["post-14","page","type-page","status-publish","hentry"],"yoast_head":"<!-- This site is optimized with the Yoast SEO plugin v27.2 - https:\/\/yoast.com\/product\/yoast-seo-wordpress\/ -->\n<title>Comment jouer au jeu de crash Balloon.<\/title>\n<meta name=\"description\" content=\"Jouez et gagnez dans le jeu de crash Balloon. Meilleures strat\u00e9gies et tactiques pour jouer.\" \/>\n<meta name=\"robots\" content=\"index, follow, max-snippet:-1, max-image-preview:large, max-video-preview:-1\" \/>\n<link rel=\"canonical\" href=\"https:\/\/dream-balloon.com\/fr\/game-and-betting-strategy-in-the-balloon-crash-game\/\" \/>\n<meta property=\"og:locale\" content=\"fr_FR\" \/>\n<meta property=\"og:locale:alternate\" content=\"ru_RU\" \/>\n<meta property=\"og:locale:alternate\" content=\"en_US\" \/>\n<meta property=\"og:locale:alternate\" content=\"pt_PT\" \/>\n<meta property=\"og:locale:alternate\" content=\"es_ES\" \/>\n<meta property=\"og:locale:alternate\" content=\"it_IT\" \/>\n<meta property=\"og:type\" content=\"article\" \/>\n<meta property=\"og:title\" content=\"Comment jouer au jeu de crash Balloon.\" \/>\n<meta property=\"og:description\" content=\"Jouez et gagnez dans le jeu de crash Balloon. Meilleures strat\u00e9gies et tactiques pour jouer.\" \/>\n<meta property=\"og:url\" content=\"https:\/\/dream-balloon.com\/fr\/game-and-betting-strategy-in-the-balloon-crash-game\/\" \/>\n<meta property=\"og:site_name\" content=\"Balloon\" \/>\n<meta property=\"article:modified_time\" content=\"2024-03-02T15:11:25+00:00\" \/>\n<meta name=\"twitter:card\" content=\"summary_large_image\" \/>\n<meta name=\"twitter:label1\" content=\"Dur\u00e9e de lecture estim\u00e9e\" \/>\n\t<meta name=\"twitter:data1\" content=\"12 minutes\" \/>\n<script type=\"application\/ld+json\" class=\"yoast-schema-graph\">{\"@context\":\"https:\/\/schema.org\",\"@graph\":[{\"@type\":\"WebPage\",\"@id\":\"https:\/\/dream-balloon.com\/fr\/game-and-betting-strategy-in-the-balloon-crash-game\/\",\"url\":\"https:\/\/dream-balloon.com\/fr\/game-and-betting-strategy-in-the-balloon-crash-game\/\",\"name\":\"Comment jouer au jeu de crash Balloon.\",\"isPartOf\":{\"@id\":\"https:\/\/dream-balloon.com\/#website\"},\"datePublished\":\"2024-01-27T02:50:27+00:00\",\"dateModified\":\"2024-03-02T15:11:25+00:00\",\"description\":\"Jouez et gagnez dans le jeu de crash Balloon. Meilleures strat\u00e9gies et tactiques pour jouer.\",\"breadcrumb\":{\"@id\":\"https:\/\/dream-balloon.com\/fr\/game-and-betting-strategy-in-the-balloon-crash-game\/#breadcrumb\"},\"inLanguage\":\"fr-FR\",\"potentialAction\":[{\"@type\":\"ReadAction\",\"target\":[\"https:\/\/dream-balloon.com\/fr\/game-and-betting-strategy-in-the-balloon-crash-game\/\"]}]},{\"@type\":\"BreadcrumbList\",\"@id\":\"https:\/\/dream-balloon.com\/fr\/game-and-betting-strategy-in-the-balloon-crash-game\/#breadcrumb\",\"itemListElement\":[{\"@type\":\"ListItem\",\"position\":1,\"name\":\"Home\",\"item\":\"https:\/\/dream-balloon.com\/fr\/\"},{\"@type\":\"ListItem\",\"position\":2,\"name\":\"Strat\u00e9gie de jeu et de paris dans le jeu de crash Balloon\"}]},{\"@type\":\"WebSite\",\"@id\":\"https:\/\/dream-balloon.com\/#website\",\"url\":\"https:\/\/dream-balloon.com\/\",\"name\":\"Balloon\",\"description\":\"\",\"publisher\":{\"@id\":\"https:\/\/dream-balloon.com\/#organization\"},\"potentialAction\":[{\"@type\":\"SearchAction\",\"target\":{\"@type\":\"EntryPoint\",\"urlTemplate\":\"https:\/\/dream-balloon.com\/?s={search_term_string}\"},\"query-input\":{\"@type\":\"PropertyValueSpecification\",\"valueRequired\":true,\"valueName\":\"search_term_string\"}}],\"inLanguage\":\"fr-FR\"},{\"@type\":\"Organization\",\"@id\":\"https:\/\/dream-balloon.com\/#organization\",\"name\":\"Balloon\",\"url\":\"https:\/\/dream-balloon.com\/\",\"logo\":{\"@type\":\"ImageObject\",\"inLanguage\":\"fr-FR\",\"@id\":\"https:\/\/dream-balloon.com\/#\/schema\/logo\/image\/\",\"url\":\"https:\/\/dream-balloon.com\/wp-content\/uploads\/balloon-logo.png\",\"contentUrl\":\"https:\/\/dream-balloon.com\/wp-content\/uploads\/balloon-logo.png\",\"width\":470,\"height\":228,\"caption\":\"Balloon\"},\"image\":{\"@id\":\"https:\/\/dream-balloon.com\/#\/schema\/logo\/image\/\"}}]}<\/script>\n<!-- \/ Yoast SEO plugin. -->","yoast_head_json":{"title":"Comment jouer au jeu de crash Balloon.","description":"Jouez et gagnez dans le jeu de crash Balloon. Meilleures strat\u00e9gies et tactiques pour jouer.","robots":{"index":"index","follow":"follow","max-snippet":"max-snippet:-1","max-image-preview":"max-image-preview:large","max-video-preview":"max-video-preview:-1"},"canonical":"https:\/\/dream-balloon.com\/fr\/game-and-betting-strategy-in-the-balloon-crash-game\/","og_locale":"fr_FR","og_type":"article","og_title":"Comment jouer au jeu de crash Balloon.","og_description":"Jouez et gagnez dans le jeu de crash Balloon. Meilleures strat\u00e9gies et tactiques pour jouer.","og_url":"https:\/\/dream-balloon.com\/fr\/game-and-betting-strategy-in-the-balloon-crash-game\/","og_site_name":"Balloon","article_modified_time":"2024-03-02T15:11:25+00:00","twitter_card":"summary_large_image","twitter_misc":{"Dur\u00e9e de lecture estim\u00e9e":"12 minutes"},"schema":{"@context":"https:\/\/schema.org","@graph":[{"@type":"WebPage","@id":"https:\/\/dream-balloon.com\/fr\/game-and-betting-strategy-in-the-balloon-crash-game\/","url":"https:\/\/dream-balloon.com\/fr\/game-and-betting-strategy-in-the-balloon-crash-game\/","name":"Comment jouer au jeu de crash Balloon.","isPartOf":{"@id":"https:\/\/dream-balloon.com\/#website"},"datePublished":"2024-01-27T02:50:27+00:00","dateModified":"2024-03-02T15:11:25+00:00","description":"Jouez et gagnez dans le jeu de crash Balloon. Meilleures strat\u00e9gies et tactiques pour jouer.","breadcrumb":{"@id":"https:\/\/dream-balloon.com\/fr\/game-and-betting-strategy-in-the-balloon-crash-game\/#breadcrumb"},"inLanguage":"fr-FR","potentialAction":[{"@type":"ReadAction","target":["https:\/\/dream-balloon.com\/fr\/game-and-betting-strategy-in-the-balloon-crash-game\/"]}]},{"@type":"BreadcrumbList","@id":"https:\/\/dream-balloon.com\/fr\/game-and-betting-strategy-in-the-balloon-crash-game\/#breadcrumb","itemListElement":[{"@type":"ListItem","position":1,"name":"Home","item":"https:\/\/dream-balloon.com\/fr\/"},{"@type":"ListItem","position":2,"name":"Strat\u00e9gie de jeu et de paris dans le jeu de crash Balloon"}]},{"@type":"WebSite","@id":"https:\/\/dream-balloon.com\/#website","url":"https:\/\/dream-balloon.com\/","name":"Balloon","description":"","publisher":{"@id":"https:\/\/dream-balloon.com\/#organization"},"potentialAction":[{"@type":"SearchAction","target":{"@type":"EntryPoint","urlTemplate":"https:\/\/dream-balloon.com\/?s={search_term_string}"},"query-input":{"@type":"PropertyValueSpecification","valueRequired":true,"valueName":"search_term_string"}}],"inLanguage":"fr-FR"},{"@type":"Organization","@id":"https:\/\/dream-balloon.com\/#organization","name":"Balloon","url":"https:\/\/dream-balloon.com\/","logo":{"@type":"ImageObject","inLanguage":"fr-FR","@id":"https:\/\/dream-balloon.com\/#\/schema\/logo\/image\/","url":"https:\/\/dream-balloon.com\/wp-content\/uploads\/balloon-logo.png","contentUrl":"https:\/\/dream-balloon.com\/wp-content\/uploads\/balloon-logo.png","width":470,"height":228,"caption":"Balloon"},"image":{"@id":"https:\/\/dream-balloon.com\/#\/schema\/logo\/image\/"}}]}},"_links":{"self":[{"href":"https:\/\/dream-balloon.com\/fr\/wp-json\/wp\/v2\/pages\/14","targetHints":{"allow":["GET"]}}],"collection":[{"href":"https:\/\/dream-balloon.com\/fr\/wp-json\/wp\/v2\/pages"}],"about":[{"href":"https:\/\/dream-balloon.com\/fr\/wp-json\/wp\/v2\/types\/page"}],"author":[{"embeddable":true,"href":"https:\/\/dream-balloon.com\/fr\/wp-json\/wp\/v2\/users\/1"}],"replies":[{"embeddable":true,"href":"https:\/\/dream-balloon.com\/fr\/wp-json\/wp\/v2\/comments?post=14"}],"version-history":[{"count":14,"href":"https:\/\/dream-balloon.com\/fr\/wp-json\/wp\/v2\/pages\/14\/revisions"}],"predecessor-version":[{"id":98,"href":"https:\/\/dream-balloon.com\/fr\/wp-json\/wp\/v2\/pages\/14\/revisions\/98"}],"wp:attachment":[{"href":"https:\/\/dream-balloon.com\/fr\/wp-json\/wp\/v2\/media?parent=14"}],"curies":[{"name":"wp","href":"https:\/\/api.w.org\/{rel}","templated":true}]}}