{"id":12,"date":"2024-01-27T02:49:34","date_gmt":"2024-01-27T02:49:34","guid":{"rendered":"https:\/\/dream-balloon.com\/?page_id=12"},"modified":"2024-03-02T15:08:57","modified_gmt":"2024-03-02T15:08:57","slug":"how-to-download-the-balloon-game","status":"publish","type":"page","link":"https:\/\/dream-balloon.com\/fr\/how-to-download-the-balloon-game\/","title":{"rendered":"Comment t\u00e9l\u00e9charger le jeu Balloon"},"content":{"rendered":"<p>Les machines \u00e0 sous modernes sont prises en charge sur les appareils de bureau et mobiles. Les joueurs peuvent installer des machines \u00e0 sous sur leurs appareils et jouer \u00e0 tout moment pratique tant qu&rsquo;ils disposent d&rsquo;une connexion Internet stable. Le simulateur Balloon peut \u00eatre install\u00e9 sur un PC, un smartphone, une tablette ou un ordinateur portable avec des syst\u00e8mes d&rsquo;exploitation populaires tels que Windows, Android et iOS. Cependant, le t\u00e9l\u00e9chargement de la machine \u00e0 sous vid\u00e9o doit \u00eatre effectu\u00e9 avec l&rsquo;application de casino o\u00f9 cette machine \u00e0 sous est disponible en t\u00e9l\u00e9chargement. Pour ce faire, vous devez:<\/p>\n<ul>\n<li>Choisir un \u00e9tablissement virtuel;<\/li>\n<li>Aller sur le site officiel;<\/li>\n<li>Compl\u00e9ter une inscription rapide;<\/li>\n<li>Acc\u00e9der \u00e0 votre compte personnel;<\/li>\n<li>Recharger le solde de votre compte de jeu;<\/li>\n<li>Activer les bonus disponibles;<\/li>\n<li>Trouver le bouton de t\u00e9l\u00e9chargement;<\/li>\n<li>Installer l&rsquo;application de casino;<\/li>\n<li>Connectez-vous avec votre nom d&rsquo;utilisateur et votre mot de passe;<\/li>\n<li>Trouver la machine \u00e0 sous Balloon dans le catalogue;<\/li>\n<li>Rejoignez le processus de jeu.<\/li>\n<\/ul>\n<p>L&rsquo;option de t\u00e9l\u00e9charger le simulateur s\u00e9par\u00e9ment sans l&rsquo;application de casino n&rsquo;est pas fournie. Si vous installez le jeu via des services d&rsquo;application mobile gratuits, vous ne pouvez placer des paris qu&rsquo;en mode d\u00e9mo. Le t\u00e9l\u00e9chargement du jeu sur votre appareil n&rsquo;est pas n\u00e9cessaire &#8211; la machine \u00e0 sous est prise en charge sur les gadgets mobiles et les appareils de bureau m\u00eame sans installation. Il suffit de visiter votre casino en ligne pr\u00e9f\u00e9r\u00e9 et de s\u00e9lectionner la machine \u00e0 sous, puis de choisir si vous voulez jouer au simulateur avec de l&rsquo;argent r\u00e9el ou des pi\u00e8ces virtuelles.<\/p>\n","protected":false},"excerpt":{"rendered":"<p>Les machines \u00e0 sous modernes sont prises en charge sur les appareils de bureau et mobiles. Les joueurs peuvent installer des machines \u00e0 sous sur&hellip;<\/p>\n","protected":false},"author":1,"featured_media":0,"parent":0,"menu_order":0,"comment_status":"closed","ping_status":"closed","template":"","meta":{"footnotes":""},"class_list":["post-12","page","type-page","status-publish","hentry"],"yoast_head":"<!-- This site is optimized with the Yoast SEO plugin v27.2 - https:\/\/yoast.com\/product\/yoast-seo-wordpress\/ -->\n<title>\u0421\u043a\u0430\u0447\u0430\u0442\u044c \u043a\u0440\u0430\u0448 \u0438\u0433\u0440\u0443 Balloon<\/title>\n<meta name=\"description\" content=\"T\u00e9l\u00e9chargez le jeu de crash Balloon sur iPhone, Android, tablette, ordinateur personnel. T\u00e9l\u00e9chargement du jeu. T\u00e9l\u00e9chargez et jouez maintenant.\" \/>\n<meta name=\"robots\" content=\"index, follow, max-snippet:-1, max-image-preview:large, max-video-preview:-1\" \/>\n<link rel=\"canonical\" href=\"https:\/\/dream-balloon.com\/fr\/how-to-download-the-balloon-game\/\" \/>\n<meta property=\"og:locale\" content=\"fr_FR\" \/>\n<meta property=\"og:locale:alternate\" content=\"ru_RU\" \/>\n<meta property=\"og:locale:alternate\" content=\"en_US\" \/>\n<meta property=\"og:locale:alternate\" content=\"pt_PT\" \/>\n<meta property=\"og:locale:alternate\" content=\"es_ES\" \/>\n<meta property=\"og:locale:alternate\" content=\"it_IT\" \/>\n<meta property=\"og:type\" content=\"article\" \/>\n<meta property=\"og:title\" content=\"\u0421\u043a\u0430\u0447\u0430\u0442\u044c \u043a\u0440\u0430\u0448 \u0438\u0433\u0440\u0443 Balloon\" \/>\n<meta property=\"og:description\" content=\"\u0421\u043a\u0430\u0447\u0430\u0442\u044c \u043a\u0440\u0430\u0448 \u0438\u0433\u0440\u0443 Balloon \u043d\u0430 \u0430\u0439\u0444\u043e\u043d, \u0430\u043d\u0434\u0440\u043e\u0438\u0434, \u043f\u043b\u0430\u043d\u0448\u0435\u0442, \u043f\u0435\u0440\u0441\u043e\u043d\u0430\u043b\u044c\u043d\u044b\u0439 \u043a\u043e\u043c\u043f\u044c\u044e\u0442\u0435\u0440. \u0421\u043a\u0430\u0447\u0438\u0432\u0430\u043d\u0438\u0435 \u0438\u0433\u0440\u044b. \u0421\u043a\u0430\u0447\u0430\u0442\u044c \u0438 \u0438\u0433\u0440\u0430\u0442\u044c \u0441\u0435\u0439\u0447\u0430\u0441\" \/>\n<meta property=\"og:url\" content=\"https:\/\/dream-balloon.com\/fr\/how-to-download-the-balloon-game\/\" \/>\n<meta property=\"og:site_name\" content=\"Balloon\" \/>\n<meta property=\"article:modified_time\" content=\"2024-03-02T15:08:57+00:00\" \/>\n<meta name=\"twitter:card\" content=\"summary_large_image\" \/>\n<meta name=\"twitter:label1\" content=\"Dur\u00e9e de lecture estim\u00e9e\" \/>\n\t<meta name=\"twitter:data1\" content=\"6 minutes\" \/>\n<script type=\"application\/ld+json\" class=\"yoast-schema-graph\">{\"@context\":\"https:\/\/schema.org\",\"@graph\":[{\"@type\":\"WebPage\",\"@id\":\"https:\/\/dream-balloon.com\/how-to-download-the-balloon-game\/\",\"url\":\"https:\/\/dream-balloon.com\/how-to-download-the-balloon-game\/\",\"name\":\"\u0421\u043a\u0430\u0447\u0430\u0442\u044c \u043a\u0440\u0430\u0448 \u0438\u0433\u0440\u0443 Balloon\",\"isPartOf\":{\"@id\":\"https:\/\/dream-balloon.com\/#website\"},\"datePublished\":\"2024-01-27T02:49:34+00:00\",\"dateModified\":\"2024-03-02T15:08:57+00:00\",\"description\":\"\u0421\u043a\u0430\u0447\u0430\u0442\u044c \u043a\u0440\u0430\u0448 \u0438\u0433\u0440\u0443 Balloon \u043d\u0430 \u0430\u0439\u0444\u043e\u043d, \u0430\u043d\u0434\u0440\u043e\u0438\u0434, \u043f\u043b\u0430\u043d\u0448\u0435\u0442, \u043f\u0435\u0440\u0441\u043e\u043d\u0430\u043b\u044c\u043d\u044b\u0439 \u043a\u043e\u043c\u043f\u044c\u044e\u0442\u0435\u0440. \u0421\u043a\u0430\u0447\u0438\u0432\u0430\u043d\u0438\u0435 \u0438\u0433\u0440\u044b. \u0421\u043a\u0430\u0447\u0430\u0442\u044c \u0438 \u0438\u0433\u0440\u0430\u0442\u044c \u0441\u0435\u0439\u0447\u0430\u0441\",\"breadcrumb\":{\"@id\":\"https:\/\/dream-balloon.com\/how-to-download-the-balloon-game\/#breadcrumb\"},\"inLanguage\":\"fr-FR\",\"potentialAction\":[{\"@type\":\"ReadAction\",\"target\":[\"https:\/\/dream-balloon.com\/how-to-download-the-balloon-game\/\"]}]},{\"@type\":\"BreadcrumbList\",\"@id\":\"https:\/\/dream-balloon.com\/how-to-download-the-balloon-game\/#breadcrumb\",\"itemListElement\":[{\"@type\":\"ListItem\",\"position\":1,\"name\":\"Home\",\"item\":\"https:\/\/dream-balloon.com\/fr\/\"},{\"@type\":\"ListItem\",\"position\":2,\"name\":\"\u041a\u0430\u043a \u0441\u043a\u0430\u0447\u0430\u0442\u044c \u0438\u0433\u0440\u0443 Balloon\"}]},{\"@type\":\"WebSite\",\"@id\":\"https:\/\/dream-balloon.com\/#website\",\"url\":\"https:\/\/dream-balloon.com\/\",\"name\":\"Balloon\",\"description\":\"\",\"publisher\":{\"@id\":\"https:\/\/dream-balloon.com\/#organization\"},\"potentialAction\":[{\"@type\":\"SearchAction\",\"target\":{\"@type\":\"EntryPoint\",\"urlTemplate\":\"https:\/\/dream-balloon.com\/?s={search_term_string}\"},\"query-input\":{\"@type\":\"PropertyValueSpecification\",\"valueRequired\":true,\"valueName\":\"search_term_string\"}}],\"inLanguage\":\"fr-FR\"},{\"@type\":\"Organization\",\"@id\":\"https:\/\/dream-balloon.com\/#organization\",\"name\":\"Balloon\",\"url\":\"https:\/\/dream-balloon.com\/\",\"logo\":{\"@type\":\"ImageObject\",\"inLanguage\":\"fr-FR\",\"@id\":\"https:\/\/dream-balloon.com\/#\/schema\/logo\/image\/\",\"url\":\"https:\/\/dream-balloon.com\/wp-content\/uploads\/balloon-logo.png\",\"contentUrl\":\"https:\/\/dream-balloon.com\/wp-content\/uploads\/balloon-logo.png\",\"width\":470,\"height\":228,\"caption\":\"Balloon\"},\"image\":{\"@id\":\"https:\/\/dream-balloon.com\/#\/schema\/logo\/image\/\"}}]}<\/script>\n<!-- \/ Yoast SEO plugin. -->","yoast_head_json":{"title":"\u0421\u043a\u0430\u0447\u0430\u0442\u044c \u043a\u0440\u0430\u0448 \u0438\u0433\u0440\u0443 Balloon","description":"T\u00e9l\u00e9chargez le jeu de crash Balloon sur iPhone, Android, tablette, ordinateur personnel. T\u00e9l\u00e9chargement du jeu. T\u00e9l\u00e9chargez et jouez maintenant.","robots":{"index":"index","follow":"follow","max-snippet":"max-snippet:-1","max-image-preview":"max-image-preview:large","max-video-preview":"max-video-preview:-1"},"canonical":"https:\/\/dream-balloon.com\/fr\/how-to-download-the-balloon-game\/","og_locale":"fr_FR","og_type":"article","og_title":"\u0421\u043a\u0430\u0447\u0430\u0442\u044c \u043a\u0440\u0430\u0448 \u0438\u0433\u0440\u0443 Balloon","og_description":"\u0421\u043a\u0430\u0447\u0430\u0442\u044c \u043a\u0440\u0430\u0448 \u0438\u0433\u0440\u0443 Balloon \u043d\u0430 \u0430\u0439\u0444\u043e\u043d, \u0430\u043d\u0434\u0440\u043e\u0438\u0434, \u043f\u043b\u0430\u043d\u0448\u0435\u0442, \u043f\u0435\u0440\u0441\u043e\u043d\u0430\u043b\u044c\u043d\u044b\u0439 \u043a\u043e\u043c\u043f\u044c\u044e\u0442\u0435\u0440. \u0421\u043a\u0430\u0447\u0438\u0432\u0430\u043d\u0438\u0435 \u0438\u0433\u0440\u044b. \u0421\u043a\u0430\u0447\u0430\u0442\u044c \u0438 \u0438\u0433\u0440\u0430\u0442\u044c \u0441\u0435\u0439\u0447\u0430\u0441","og_url":"https:\/\/dream-balloon.com\/fr\/how-to-download-the-balloon-game\/","og_site_name":"Balloon","article_modified_time":"2024-03-02T15:08:57+00:00","twitter_card":"summary_large_image","twitter_misc":{"Dur\u00e9e de lecture estim\u00e9e":"6 minutes"},"schema":{"@context":"https:\/\/schema.org","@graph":[{"@type":"WebPage","@id":"https:\/\/dream-balloon.com\/how-to-download-the-balloon-game\/","url":"https:\/\/dream-balloon.com\/how-to-download-the-balloon-game\/","name":"\u0421\u043a\u0430\u0447\u0430\u0442\u044c \u043a\u0440\u0430\u0448 \u0438\u0433\u0440\u0443 Balloon","isPartOf":{"@id":"https:\/\/dream-balloon.com\/#website"},"datePublished":"2024-01-27T02:49:34+00:00","dateModified":"2024-03-02T15:08:57+00:00","description":"\u0421\u043a\u0430\u0447\u0430\u0442\u044c \u043a\u0440\u0430\u0448 \u0438\u0433\u0440\u0443 Balloon \u043d\u0430 \u0430\u0439\u0444\u043e\u043d, \u0430\u043d\u0434\u0440\u043e\u0438\u0434, \u043f\u043b\u0430\u043d\u0448\u0435\u0442, \u043f\u0435\u0440\u0441\u043e\u043d\u0430\u043b\u044c\u043d\u044b\u0439 \u043a\u043e\u043c\u043f\u044c\u044e\u0442\u0435\u0440. \u0421\u043a\u0430\u0447\u0438\u0432\u0430\u043d\u0438\u0435 \u0438\u0433\u0440\u044b. \u0421\u043a\u0430\u0447\u0430\u0442\u044c \u0438 \u0438\u0433\u0440\u0430\u0442\u044c \u0441\u0435\u0439\u0447\u0430\u0441","breadcrumb":{"@id":"https:\/\/dream-balloon.com\/how-to-download-the-balloon-game\/#breadcrumb"},"inLanguage":"fr-FR","potentialAction":[{"@type":"ReadAction","target":["https:\/\/dream-balloon.com\/how-to-download-the-balloon-game\/"]}]},{"@type":"BreadcrumbList","@id":"https:\/\/dream-balloon.com\/how-to-download-the-balloon-game\/#breadcrumb","itemListElement":[{"@type":"ListItem","position":1,"name":"Home","item":"https:\/\/dream-balloon.com\/fr\/"},{"@type":"ListItem","position":2,"name":"\u041a\u0430\u043a \u0441\u043a\u0430\u0447\u0430\u0442\u044c \u0438\u0433\u0440\u0443 Balloon"}]},{"@type":"WebSite","@id":"https:\/\/dream-balloon.com\/#website","url":"https:\/\/dream-balloon.com\/","name":"Balloon","description":"","publisher":{"@id":"https:\/\/dream-balloon.com\/#organization"},"potentialAction":[{"@type":"SearchAction","target":{"@type":"EntryPoint","urlTemplate":"https:\/\/dream-balloon.com\/?s={search_term_string}"},"query-input":{"@type":"PropertyValueSpecification","valueRequired":true,"valueName":"search_term_string"}}],"inLanguage":"fr-FR"},{"@type":"Organization","@id":"https:\/\/dream-balloon.com\/#organization","name":"Balloon","url":"https:\/\/dream-balloon.com\/","logo":{"@type":"ImageObject","inLanguage":"fr-FR","@id":"https:\/\/dream-balloon.com\/#\/schema\/logo\/image\/","url":"https:\/\/dream-balloon.com\/wp-content\/uploads\/balloon-logo.png","contentUrl":"https:\/\/dream-balloon.com\/wp-content\/uploads\/balloon-logo.png","width":470,"height":228,"caption":"Balloon"},"image":{"@id":"https:\/\/dream-balloon.com\/#\/schema\/logo\/image\/"}}]}},"_links":{"self":[{"href":"https:\/\/dream-balloon.com\/fr\/wp-json\/wp\/v2\/pages\/12","targetHints":{"allow":["GET"]}}],"collection":[{"href":"https:\/\/dream-balloon.com\/fr\/wp-json\/wp\/v2\/pages"}],"about":[{"href":"https:\/\/dream-balloon.com\/fr\/wp-json\/wp\/v2\/types\/page"}],"author":[{"embeddable":true,"href":"https:\/\/dream-balloon.com\/fr\/wp-json\/wp\/v2\/users\/1"}],"replies":[{"embeddable":true,"href":"https:\/\/dream-balloon.com\/fr\/wp-json\/wp\/v2\/comments?post=12"}],"version-history":[{"count":12,"href":"https:\/\/dream-balloon.com\/fr\/wp-json\/wp\/v2\/pages\/12\/revisions"}],"predecessor-version":[{"id":99,"href":"https:\/\/dream-balloon.com\/fr\/wp-json\/wp\/v2\/pages\/12\/revisions\/99"}],"wp:attachment":[{"href":"https:\/\/dream-balloon.com\/fr\/wp-json\/wp\/v2\/media?parent=12"}],"curies":[{"name":"wp","href":"https:\/\/api.w.org\/{rel}","templated":true}]}}