{"id":10,"date":"2024-01-27T02:48:47","date_gmt":"2024-01-27T02:48:47","guid":{"rendered":"https:\/\/dream-balloon.com\/?page_id=10"},"modified":"2024-03-02T15:10:20","modified_gmt":"2024-03-02T15:10:20","slug":"reviews-from-real-players-about-the-balloon-crash-game","status":"publish","type":"page","link":"https:\/\/dream-balloon.com\/fr\/reviews-from-real-players-about-the-balloon-crash-game\/","title":{"rendered":"Avis de vrais joueurs sur le jeu de crash Balloon"},"content":{"rendered":"<p>Avant de commencer \u00e0 jouer dans un casino en ligne, il est important de recueillir autant d&rsquo;avis que possible pour avoir une compr\u00e9hension compl\u00e8te du jeu et des possibilit\u00e9s qu&rsquo;il offre. Nous avons recueilli des avis de joueurs r\u00e9els sur le jeu de crash Balloon. Ci-dessous sont les opinions des joueurs.<\/p>\n<h3>Le jeu de crash Balloon est tr\u00e8s captivant.<\/h3>\n<p>Un jeu tr\u00e8s captivant ! L&rsquo;adr\u00e9naline dans le jeu Balloon monte en fl\u00e8che \u00e0 chaque fois que le ballon monte plus haut, mais il y a toujours un risque de \u00ab crash \u00bb soudain. Un excellent moyen de s&rsquo;amuser si vous jouez mod\u00e9r\u00e9ment et ne pariez pas comme un fou.<\/p>\n<p>Ivan, 23 ans<\/p>\n<h3>R\u00e8gles tr\u00e8s simples dans le jeu Balloon.<\/h3>\n<p>Balloon est un jeu aux r\u00e8gles simples, mais qui demande un bon sens du timing et de la chance. Parfois, il semble qu&rsquo;une victoire soit proche, mais tout change en une seconde. Tr\u00e8s facile \u00e0 jouer.<\/p>\n<p>Anastasia, 23 ans<\/p>\n<h3>D\u00e9ception dans le jeu Balloon.<\/h3>\n<p>Je suis d\u00e9\u00e7u par ce jeu. Trop d\u00e9pendant du hasard, et il semble que les chances de gagner soient irr\u00e9alistement petites. Je n&rsquo;arrive pas \u00e0 gagner dans ce jeu.<\/p>\n<p>Maria, 20 ans<\/p>\n<h3>Mon jeu de crash Balloon pr\u00e9f\u00e9r\u00e9.<\/h3>\n<p>C&rsquo;est mon jeu de crash Balloon pr\u00e9f\u00e9r\u00e9 ! Les graphismes sont simples mais agr\u00e9ables, et la sensation de risque est vraiment envo\u00fbtante. Mais il faut se rappeler que c&rsquo;est quand m\u00eame un jeu de hasard.<\/p>\n<p>Maxim, 23 ans<\/p>\n<h3>J&rsquo;ai jou\u00e9 et je continuerai \u00e0 jouer \u00e0 Balloon.<\/h3>\n<p>J&rsquo;ai jou\u00e9 \u00e0 Balloon plusieurs fois et j&rsquo;ai rapidement perdu int\u00e9r\u00eat. Au d\u00e9but, c&rsquo;\u00e9tait excitant, mais ensuite j&rsquo;ai r\u00e9alis\u00e9 que c&rsquo;\u00e9tait plus une question de hasard que de strat\u00e9gie. J&rsquo;ai arr\u00eat\u00e9 de jouer.<\/p>\n<p>Mark, 23 ans<\/p>\n<h3>J&rsquo;aime jouer au jeu en ligne Balloon.<\/h3>\n<p>Un excellent moyen de passer le temps, et parfois vous r\u00e9ussissez m\u00eame \u00e0 gagner. Mais je ne recommanderais pas d&rsquo;investir de l&rsquo;argent s\u00e9rieux dans ce jeu. Le risque de perdre est trop \u00e9lev\u00e9.<\/p>\n<p>Elena, 23 ans<\/p>\n<h3>Le jeu Balloon est tr\u00e8s stressant.<\/h3>\n<p>Balloon n&rsquo;est pas juste un jeu, c&rsquo;est un v\u00e9ritable test de nerfs ! Incroyablement excitant de voir ses gains augmenter, mais il faut \u00eatre prudent pour s&rsquo;arr\u00eater \u00e0 temps.<\/p>\n<p>Carlos, 25 ans<\/p>\n<h3>Jeu de crash Balloon.<\/h3>\n<p>Le jeu est int\u00e9ressant, mais je pr\u00e9f\u00e9rerais qu&rsquo;il y ait plus d&rsquo;\u00e9l\u00e9ments de contr\u00f4le ou de strat\u00e9gie. Pour l&rsquo;instant, c&rsquo;est plus comme une loterie qu&rsquo;un jeu o\u00f9 vous en tant que joueur pouvez contr\u00f4ler le jeu.<\/p>\n<p>Michael, 27 ans<\/p>\n<h3>Jeu de hasard Balloon &#8211; pas pour moi.<\/h3>\n<p>Apr\u00e8s quelques parties de Balloon, j&rsquo;ai r\u00e9alis\u00e9 que les jeux de hasard ne sont pas pour moi. Trop de stress et d&rsquo;incertitude.<\/p>\n<p>Tamara, 20 ans<\/p>\n<h3>J&rsquo;adore le jeu Balloon.<\/h3>\n<p>J&rsquo;adore Balloon pour sa dynamique et son impr\u00e9visibilit\u00e9. Chaque partie est unique, et cela rend incroyablement excitant, bien que risqu\u00e9.<\/p>\n<p>Chris, 21 ans<\/p>\n","protected":false},"excerpt":{"rendered":"<p>Avant de commencer \u00e0 jouer dans un casino en ligne, il est important de recueillir autant d&rsquo;avis que possible pour avoir une compr\u00e9hension compl\u00e8te du&hellip;<\/p>\n","protected":false},"author":1,"featured_media":0,"parent":0,"menu_order":0,"comment_status":"closed","ping_status":"closed","template":"","meta":{"footnotes":""},"class_list":["post-10","page","type-page","status-publish","hentry"],"yoast_head":"<!-- This site is optimized with the Yoast SEO plugin v27.2 - https:\/\/yoast.com\/product\/yoast-seo-wordpress\/ -->\n<title>\u041e\u0442\u0437\u044b\u0432\u044b \u0440\u0435\u0430\u043b\u044c\u043d\u044b\u0445 \u0438\u0433\u0440\u043e\u043a\u043e\u0432 \u043e \u043a\u0440\u0430\u0448 \u0438\u0433\u0440\u0435 Balloon<\/title>\n<meta name=\"description\" content=\"Opinions, avis et pr\u00e9sentation du jeu de crash Balloon pour jouer avec de l&#039;argent r\u00e9el. Que pensent les vrais joueurs de casino en ligne du jeu en ligne Balloon. Jouez maintenant.\" \/>\n<meta name=\"robots\" content=\"index, follow, max-snippet:-1, max-image-preview:large, max-video-preview:-1\" \/>\n<link rel=\"canonical\" href=\"https:\/\/dream-balloon.com\/fr\/reviews-from-real-players-about-the-balloon-crash-game\/\" \/>\n<meta property=\"og:locale\" content=\"fr_FR\" \/>\n<meta property=\"og:locale:alternate\" content=\"ru_RU\" \/>\n<meta property=\"og:locale:alternate\" content=\"en_US\" \/>\n<meta property=\"og:locale:alternate\" content=\"pt_PT\" \/>\n<meta property=\"og:locale:alternate\" content=\"es_ES\" \/>\n<meta property=\"og:locale:alternate\" content=\"it_IT\" \/>\n<meta property=\"og:type\" content=\"article\" \/>\n<meta property=\"og:title\" content=\"\u041e\u0442\u0437\u044b\u0432\u044b \u0440\u0435\u0430\u043b\u044c\u043d\u044b\u0445 \u0438\u0433\u0440\u043e\u043a\u043e\u0432 \u043e \u043a\u0440\u0430\u0448 \u0438\u0433\u0440\u0435 Balloon\" \/>\n<meta property=\"og:description\" content=\"\u041c\u043d\u0435\u043d\u0438\u044f, \u043e\u0442\u0437\u044b\u0432\u044b \u0438 \u043e\u0431\u0437\u043e\u0440 \u043a\u0440\u0430\u0448 \u0438\u0433\u0440\u044b Balloon \u0434\u043b\u044f \u0438\u0433\u0440\u044b \u043d\u0430 \u0440\u0435\u0430\u043b\u044c\u043d\u044b\u0435 \u0434\u0435\u043d\u044c\u0433\u0438. \u0427\u0442\u043e \u0434\u0443\u043c\u0430\u044e\u0442 \u043d\u0430\u0441\u0442\u043e\u044f\u0449\u0438\u0435 \u0438\u0433\u0440\u043e\u043a\u0438 \u043e\u043d\u043b\u0430\u0439\u043d \u043a\u0430\u0437\u0438\u043d\u043e \u043e\u0431 \u043e\u043d\u043b\u0430\u0439\u043d \u0438\u0433\u0440\u0435 Balloon. \u0418\u0433\u0440\u0430\u0442\u044c \u0441\u0435\u0439\u0447\u0430\u0441\" \/>\n<meta property=\"og:url\" content=\"https:\/\/dream-balloon.com\/fr\/reviews-from-real-players-about-the-balloon-crash-game\/\" \/>\n<meta property=\"og:site_name\" content=\"Balloon\" \/>\n<meta property=\"article:modified_time\" content=\"2024-03-02T15:10:20+00:00\" \/>\n<meta name=\"twitter:card\" content=\"summary_large_image\" \/>\n<meta name=\"twitter:label1\" content=\"Dur\u00e9e de lecture estim\u00e9e\" \/>\n\t<meta name=\"twitter:data1\" content=\"11 minutes\" \/>\n<script type=\"application\/ld+json\" class=\"yoast-schema-graph\">{\"@context\":\"https:\/\/schema.org\",\"@graph\":[{\"@type\":\"WebPage\",\"@id\":\"https:\/\/dream-balloon.com\/reviews-from-real-players-about-the-balloon-crash-game\/\",\"url\":\"https:\/\/dream-balloon.com\/reviews-from-real-players-about-the-balloon-crash-game\/\",\"name\":\"\u041e\u0442\u0437\u044b\u0432\u044b \u0440\u0435\u0430\u043b\u044c\u043d\u044b\u0445 \u0438\u0433\u0440\u043e\u043a\u043e\u0432 \u043e \u043a\u0440\u0430\u0448 \u0438\u0433\u0440\u0435 Balloon\",\"isPartOf\":{\"@id\":\"https:\/\/dream-balloon.com\/#website\"},\"datePublished\":\"2024-01-27T02:48:47+00:00\",\"dateModified\":\"2024-03-02T15:10:20+00:00\",\"description\":\"\u041c\u043d\u0435\u043d\u0438\u044f, \u043e\u0442\u0437\u044b\u0432\u044b \u0438 \u043e\u0431\u0437\u043e\u0440 \u043a\u0440\u0430\u0448 \u0438\u0433\u0440\u044b Balloon \u0434\u043b\u044f \u0438\u0433\u0440\u044b \u043d\u0430 \u0440\u0435\u0430\u043b\u044c\u043d\u044b\u0435 \u0434\u0435\u043d\u044c\u0433\u0438. \u0427\u0442\u043e \u0434\u0443\u043c\u0430\u044e\u0442 \u043d\u0430\u0441\u0442\u043e\u044f\u0449\u0438\u0435 \u0438\u0433\u0440\u043e\u043a\u0438 \u043e\u043d\u043b\u0430\u0439\u043d \u043a\u0430\u0437\u0438\u043d\u043e \u043e\u0431 \u043e\u043d\u043b\u0430\u0439\u043d \u0438\u0433\u0440\u0435 Balloon. \u0418\u0433\u0440\u0430\u0442\u044c \u0441\u0435\u0439\u0447\u0430\u0441\",\"breadcrumb\":{\"@id\":\"https:\/\/dream-balloon.com\/reviews-from-real-players-about-the-balloon-crash-game\/#breadcrumb\"},\"inLanguage\":\"fr-FR\",\"potentialAction\":[{\"@type\":\"ReadAction\",\"target\":[\"https:\/\/dream-balloon.com\/reviews-from-real-players-about-the-balloon-crash-game\/\"]}]},{\"@type\":\"BreadcrumbList\",\"@id\":\"https:\/\/dream-balloon.com\/reviews-from-real-players-about-the-balloon-crash-game\/#breadcrumb\",\"itemListElement\":[{\"@type\":\"ListItem\",\"position\":1,\"name\":\"Home\",\"item\":\"https:\/\/dream-balloon.com\/fr\/\"},{\"@type\":\"ListItem\",\"position\":2,\"name\":\"\u041e\u0442\u0437\u044b\u0432\u044b \u0440\u0435\u0430\u043b\u044c\u043d\u044b\u0445 \u0438\u0433\u0440\u043e\u043a\u043e\u0432 \u043e \u043a\u0440\u0430\u0448 \u0438\u0433\u0440\u0435 Balloon\"}]},{\"@type\":\"WebSite\",\"@id\":\"https:\/\/dream-balloon.com\/#website\",\"url\":\"https:\/\/dream-balloon.com\/\",\"name\":\"Balloon\",\"description\":\"\",\"publisher\":{\"@id\":\"https:\/\/dream-balloon.com\/#organization\"},\"potentialAction\":[{\"@type\":\"SearchAction\",\"target\":{\"@type\":\"EntryPoint\",\"urlTemplate\":\"https:\/\/dream-balloon.com\/?s={search_term_string}\"},\"query-input\":{\"@type\":\"PropertyValueSpecification\",\"valueRequired\":true,\"valueName\":\"search_term_string\"}}],\"inLanguage\":\"fr-FR\"},{\"@type\":\"Organization\",\"@id\":\"https:\/\/dream-balloon.com\/#organization\",\"name\":\"Balloon\",\"url\":\"https:\/\/dream-balloon.com\/\",\"logo\":{\"@type\":\"ImageObject\",\"inLanguage\":\"fr-FR\",\"@id\":\"https:\/\/dream-balloon.com\/#\/schema\/logo\/image\/\",\"url\":\"https:\/\/dream-balloon.com\/wp-content\/uploads\/balloon-logo.png\",\"contentUrl\":\"https:\/\/dream-balloon.com\/wp-content\/uploads\/balloon-logo.png\",\"width\":470,\"height\":228,\"caption\":\"Balloon\"},\"image\":{\"@id\":\"https:\/\/dream-balloon.com\/#\/schema\/logo\/image\/\"}}]}<\/script>\n<!-- \/ Yoast SEO plugin. -->","yoast_head_json":{"title":"\u041e\u0442\u0437\u044b\u0432\u044b \u0440\u0435\u0430\u043b\u044c\u043d\u044b\u0445 \u0438\u0433\u0440\u043e\u043a\u043e\u0432 \u043e \u043a\u0440\u0430\u0448 \u0438\u0433\u0440\u0435 Balloon","description":"Opinions, avis et pr\u00e9sentation du jeu de crash Balloon pour jouer avec de l'argent r\u00e9el. Que pensent les vrais joueurs de casino en ligne du jeu en ligne Balloon. Jouez maintenant.","robots":{"index":"index","follow":"follow","max-snippet":"max-snippet:-1","max-image-preview":"max-image-preview:large","max-video-preview":"max-video-preview:-1"},"canonical":"https:\/\/dream-balloon.com\/fr\/reviews-from-real-players-about-the-balloon-crash-game\/","og_locale":"fr_FR","og_type":"article","og_title":"\u041e\u0442\u0437\u044b\u0432\u044b \u0440\u0435\u0430\u043b\u044c\u043d\u044b\u0445 \u0438\u0433\u0440\u043e\u043a\u043e\u0432 \u043e \u043a\u0440\u0430\u0448 \u0438\u0433\u0440\u0435 Balloon","og_description":"\u041c\u043d\u0435\u043d\u0438\u044f, \u043e\u0442\u0437\u044b\u0432\u044b \u0438 \u043e\u0431\u0437\u043e\u0440 \u043a\u0440\u0430\u0448 \u0438\u0433\u0440\u044b Balloon \u0434\u043b\u044f \u0438\u0433\u0440\u044b \u043d\u0430 \u0440\u0435\u0430\u043b\u044c\u043d\u044b\u0435 \u0434\u0435\u043d\u044c\u0433\u0438. \u0427\u0442\u043e \u0434\u0443\u043c\u0430\u044e\u0442 \u043d\u0430\u0441\u0442\u043e\u044f\u0449\u0438\u0435 \u0438\u0433\u0440\u043e\u043a\u0438 \u043e\u043d\u043b\u0430\u0439\u043d \u043a\u0430\u0437\u0438\u043d\u043e \u043e\u0431 \u043e\u043d\u043b\u0430\u0439\u043d \u0438\u0433\u0440\u0435 Balloon. \u0418\u0433\u0440\u0430\u0442\u044c \u0441\u0435\u0439\u0447\u0430\u0441","og_url":"https:\/\/dream-balloon.com\/fr\/reviews-from-real-players-about-the-balloon-crash-game\/","og_site_name":"Balloon","article_modified_time":"2024-03-02T15:10:20+00:00","twitter_card":"summary_large_image","twitter_misc":{"Dur\u00e9e de lecture estim\u00e9e":"11 minutes"},"schema":{"@context":"https:\/\/schema.org","@graph":[{"@type":"WebPage","@id":"https:\/\/dream-balloon.com\/reviews-from-real-players-about-the-balloon-crash-game\/","url":"https:\/\/dream-balloon.com\/reviews-from-real-players-about-the-balloon-crash-game\/","name":"\u041e\u0442\u0437\u044b\u0432\u044b \u0440\u0435\u0430\u043b\u044c\u043d\u044b\u0445 \u0438\u0433\u0440\u043e\u043a\u043e\u0432 \u043e \u043a\u0440\u0430\u0448 \u0438\u0433\u0440\u0435 Balloon","isPartOf":{"@id":"https:\/\/dream-balloon.com\/#website"},"datePublished":"2024-01-27T02:48:47+00:00","dateModified":"2024-03-02T15:10:20+00:00","description":"\u041c\u043d\u0435\u043d\u0438\u044f, \u043e\u0442\u0437\u044b\u0432\u044b \u0438 \u043e\u0431\u0437\u043e\u0440 \u043a\u0440\u0430\u0448 \u0438\u0433\u0440\u044b Balloon \u0434\u043b\u044f \u0438\u0433\u0440\u044b \u043d\u0430 \u0440\u0435\u0430\u043b\u044c\u043d\u044b\u0435 \u0434\u0435\u043d\u044c\u0433\u0438. \u0427\u0442\u043e \u0434\u0443\u043c\u0430\u044e\u0442 \u043d\u0430\u0441\u0442\u043e\u044f\u0449\u0438\u0435 \u0438\u0433\u0440\u043e\u043a\u0438 \u043e\u043d\u043b\u0430\u0439\u043d \u043a\u0430\u0437\u0438\u043d\u043e \u043e\u0431 \u043e\u043d\u043b\u0430\u0439\u043d \u0438\u0433\u0440\u0435 Balloon. \u0418\u0433\u0440\u0430\u0442\u044c \u0441\u0435\u0439\u0447\u0430\u0441","breadcrumb":{"@id":"https:\/\/dream-balloon.com\/reviews-from-real-players-about-the-balloon-crash-game\/#breadcrumb"},"inLanguage":"fr-FR","potentialAction":[{"@type":"ReadAction","target":["https:\/\/dream-balloon.com\/reviews-from-real-players-about-the-balloon-crash-game\/"]}]},{"@type":"BreadcrumbList","@id":"https:\/\/dream-balloon.com\/reviews-from-real-players-about-the-balloon-crash-game\/#breadcrumb","itemListElement":[{"@type":"ListItem","position":1,"name":"Home","item":"https:\/\/dream-balloon.com\/fr\/"},{"@type":"ListItem","position":2,"name":"\u041e\u0442\u0437\u044b\u0432\u044b \u0440\u0435\u0430\u043b\u044c\u043d\u044b\u0445 \u0438\u0433\u0440\u043e\u043a\u043e\u0432 \u043e \u043a\u0440\u0430\u0448 \u0438\u0433\u0440\u0435 Balloon"}]},{"@type":"WebSite","@id":"https:\/\/dream-balloon.com\/#website","url":"https:\/\/dream-balloon.com\/","name":"Balloon","description":"","publisher":{"@id":"https:\/\/dream-balloon.com\/#organization"},"potentialAction":[{"@type":"SearchAction","target":{"@type":"EntryPoint","urlTemplate":"https:\/\/dream-balloon.com\/?s={search_term_string}"},"query-input":{"@type":"PropertyValueSpecification","valueRequired":true,"valueName":"search_term_string"}}],"inLanguage":"fr-FR"},{"@type":"Organization","@id":"https:\/\/dream-balloon.com\/#organization","name":"Balloon","url":"https:\/\/dream-balloon.com\/","logo":{"@type":"ImageObject","inLanguage":"fr-FR","@id":"https:\/\/dream-balloon.com\/#\/schema\/logo\/image\/","url":"https:\/\/dream-balloon.com\/wp-content\/uploads\/balloon-logo.png","contentUrl":"https:\/\/dream-balloon.com\/wp-content\/uploads\/balloon-logo.png","width":470,"height":228,"caption":"Balloon"},"image":{"@id":"https:\/\/dream-balloon.com\/#\/schema\/logo\/image\/"}}]}},"_links":{"self":[{"href":"https:\/\/dream-balloon.com\/fr\/wp-json\/wp\/v2\/pages\/10","targetHints":{"allow":["GET"]}}],"collection":[{"href":"https:\/\/dream-balloon.com\/fr\/wp-json\/wp\/v2\/pages"}],"about":[{"href":"https:\/\/dream-balloon.com\/fr\/wp-json\/wp\/v2\/types\/page"}],"author":[{"embeddable":true,"href":"https:\/\/dream-balloon.com\/fr\/wp-json\/wp\/v2\/users\/1"}],"replies":[{"embeddable":true,"href":"https:\/\/dream-balloon.com\/fr\/wp-json\/wp\/v2\/comments?post=10"}],"version-history":[{"count":13,"href":"https:\/\/dream-balloon.com\/fr\/wp-json\/wp\/v2\/pages\/10\/revisions"}],"predecessor-version":[{"id":97,"href":"https:\/\/dream-balloon.com\/fr\/wp-json\/wp\/v2\/pages\/10\/revisions\/97"}],"wp:attachment":[{"href":"https:\/\/dream-balloon.com\/fr\/wp-json\/wp\/v2\/media?parent=10"}],"curies":[{"name":"wp","href":"https:\/\/api.w.org\/{rel}","templated":true}]}}