{"id":8,"date":"2024-01-27T02:46:12","date_gmt":"2024-01-27T02:46:12","guid":{"rendered":"https:\/\/dream-balloon.com\/?page_id=8"},"modified":"2024-03-02T15:06:03","modified_gmt":"2024-03-02T15:06:03","slug":"where-to-play-the-balloon-slot","status":"publish","type":"page","link":"https:\/\/dream-balloon.com\/es\/where-to-play-the-balloon-slot\/","title":{"rendered":"D\u00f3nde jugar al tragamonedas Balloon"},"content":{"rendered":"<p>El software de SmartSoft Gaming est\u00e1 instalado en muchas plataformas para los entusiastas del juego. Para encontrar la m\u00e1quina tragamonedas Balloon en un casino, simplemente ingrese el nombre de la tragamonedas en la barra de b\u00fasqueda del navegador en el dispositivo del usuario. Al elegir un establecimiento para realizar apuestas con dinero real, se debe prestar atenci\u00f3n a los clubes con licencia y buena reputaci\u00f3n. Puedes jugar al simulador de Balloon en casinos populares como:<\/p>\n<ul>\n<li>1win: una de las plataformas m\u00e1s visitadas por los jugadores;<\/li>\n<li>Vip Casino: un club virtual con generosos regalos para los reci\u00e9n llegados;<\/li>\n<li>Pin Up: un casino conocido con una amplia gama de m\u00e1quinas tragamonedas;<\/li>\n<li>Vavada: un club virtual justo con licencia;<\/li>\n<li>1xBet: un casino con los mejores bonos de bienvenida.<\/li>\n<\/ul>\n<p>El video tragamonedas Balloon tambi\u00e9n se puede lanzar en otros casinos en l\u00ednea conocidos. Para jugar con dinero real, el registro en el establecimiento es un requisito obligatorio. Tambi\u00e9n es necesario depositar fondos. Casi todos los clubes ofrecen bonos de bienvenida a los reci\u00e9n llegados, que se pueden utilizar para apostar en el simulador.<\/p>\n<h2>Caracter\u00edsticas de registro para jugar a Balloon<\/h2>\n<p>Las reglas para crear una cuenta en diferentes casinos en l\u00ednea var\u00edan ligeramente. Pero el procedimiento de registro ocurre principalmente de manera similar. Para crear una cuenta de juego, debes elegir un casino. Vale la pena utilizar clasificaciones, opiniones de expertos para encontrar un establecimiento justo y verificado. El proceso de registro es el siguiente:<\/p>\n<ul>\n<li>Ir al sitio web oficial;<\/li>\n<li>Seleccionar el bot\u00f3n \u00abRegistro\u00bb;<\/li>\n<li>Ingresar tu n\u00famero de tel\u00e9fono y\/o correo electr\u00f3nico;<\/li>\n<li>Crear un nombre de usuario y una contrase\u00f1a;<\/li>\n<li>Elegir la moneda de la cuenta de juego;<\/li>\n<li>Aceptar las reglas y condiciones del club.<\/li>\n<\/ul>\n<p>Solo los adultos pueden registrarse en casinos para realizar apuestas con dinero real. En muchos establecimientos, se requiere verificaci\u00f3n de cuenta. Hay varios m\u00e9todos de pago disponibles para depositar fondos, por lo que los jugadores no tienen dificultades para depositar dinero en sus cuentas. Despu\u00e9s de completar los tr\u00e1mites, puedes comenzar a jugar a Balloon con dinero real, reclamar grandes ganancias y pasar un tiempo agradable.<\/p>\n","protected":false},"excerpt":{"rendered":"<p>El software de SmartSoft Gaming est\u00e1 instalado en muchas plataformas para los entusiastas del juego. Para encontrar la m\u00e1quina tragamonedas Balloon en un casino, simplemente&hellip;<\/p>\n","protected":false},"author":1,"featured_media":0,"parent":0,"menu_order":0,"comment_status":"closed","ping_status":"closed","template":"","meta":{"footnotes":""},"class_list":["post-8","page","type-page","status-publish","hentry"],"yoast_head":"<!-- This site is optimized with the Yoast SEO plugin v27.2 - https:\/\/yoast.com\/product\/yoast-seo-wordpress\/ -->\n<title>\u0420\u0435\u0433\u0438\u0441\u0442\u0440\u0430\u0446\u0438\u044f \u043d\u0430 \u043e\u0444\u0438\u0446\u0438\u0430\u043b\u044c\u043d\u043e\u043c \u0441\u0430\u0439\u0442\u0435 \u0434\u043b\u044f \u0438\u0433\u0440\u044b \u0432 Balloon<\/title>\n<meta name=\"description\" content=\"D\u00f3nde jugar y registrarse en el casino en l\u00ednea para el juego de crash Balloon. Juega y gana ahora.\" \/>\n<meta name=\"robots\" content=\"index, follow, max-snippet:-1, max-image-preview:large, max-video-preview:-1\" \/>\n<link rel=\"canonical\" href=\"https:\/\/dream-balloon.com\/es\/where-to-play-the-balloon-slot\/\" \/>\n<meta property=\"og:locale\" content=\"es_ES\" \/>\n<meta property=\"og:locale:alternate\" content=\"ru_RU\" \/>\n<meta property=\"og:locale:alternate\" content=\"en_US\" \/>\n<meta property=\"og:locale:alternate\" content=\"pt_PT\" \/>\n<meta property=\"og:locale:alternate\" content=\"it_IT\" \/>\n<meta property=\"og:locale:alternate\" content=\"fr_FR\" \/>\n<meta property=\"og:type\" content=\"article\" \/>\n<meta property=\"og:title\" content=\"\u0420\u0435\u0433\u0438\u0441\u0442\u0440\u0430\u0446\u0438\u044f \u043d\u0430 \u043e\u0444\u0438\u0446\u0438\u0430\u043b\u044c\u043d\u043e\u043c \u0441\u0430\u0439\u0442\u0435 \u0434\u043b\u044f \u0438\u0433\u0440\u044b \u0432 Balloon\" \/>\n<meta property=\"og:description\" content=\"\u0413\u0434\u0435 \u0438\u0433\u0440\u0430\u0442\u044c \u0438 \u0440\u0435\u0433\u0438\u0441\u0442\u0440\u0430\u0446\u0438\u044f \u0432 \u043e\u043d\u043b\u0430\u0439\u043d \u043a\u0430\u0437\u0438\u043d\u043e \u0432 \u043a\u0440\u0430\u0448 \u0438\u0433\u0440\u0435 Balloon. \u0418\u0433\u0440\u0430\u0442\u044c \u0438 \u043f\u043e\u0431\u0435\u0436\u0434\u0430\u0442\u044c \u0443\u0436\u0435 \u0441\u0435\u0439\u0447\u0430\u0441\" \/>\n<meta property=\"og:url\" content=\"https:\/\/dream-balloon.com\/es\/where-to-play-the-balloon-slot\/\" \/>\n<meta property=\"og:site_name\" content=\"Balloon\" \/>\n<meta property=\"article:modified_time\" content=\"2024-03-02T15:06:03+00:00\" \/>\n<meta name=\"twitter:card\" content=\"summary_large_image\" \/>\n<meta name=\"twitter:label1\" content=\"Tiempo de lectura\" \/>\n\t<meta name=\"twitter:data1\" content=\"9 minutos\" \/>\n<script type=\"application\/ld+json\" class=\"yoast-schema-graph\">{\"@context\":\"https:\/\/schema.org\",\"@graph\":[{\"@type\":\"WebPage\",\"@id\":\"https:\/\/dream-balloon.com\/where-to-play-the-balloon-slot\/\",\"url\":\"https:\/\/dream-balloon.com\/where-to-play-the-balloon-slot\/\",\"name\":\"\u0420\u0435\u0433\u0438\u0441\u0442\u0440\u0430\u0446\u0438\u044f \u043d\u0430 \u043e\u0444\u0438\u0446\u0438\u0430\u043b\u044c\u043d\u043e\u043c \u0441\u0430\u0439\u0442\u0435 \u0434\u043b\u044f \u0438\u0433\u0440\u044b \u0432 Balloon\",\"isPartOf\":{\"@id\":\"https:\/\/dream-balloon.com\/#website\"},\"datePublished\":\"2024-01-27T02:46:12+00:00\",\"dateModified\":\"2024-03-02T15:06:03+00:00\",\"description\":\"\u0413\u0434\u0435 \u0438\u0433\u0440\u0430\u0442\u044c \u0438 \u0440\u0435\u0433\u0438\u0441\u0442\u0440\u0430\u0446\u0438\u044f \u0432 \u043e\u043d\u043b\u0430\u0439\u043d \u043a\u0430\u0437\u0438\u043d\u043e \u0432 \u043a\u0440\u0430\u0448 \u0438\u0433\u0440\u0435 Balloon. \u0418\u0433\u0440\u0430\u0442\u044c \u0438 \u043f\u043e\u0431\u0435\u0436\u0434\u0430\u0442\u044c \u0443\u0436\u0435 \u0441\u0435\u0439\u0447\u0430\u0441\",\"breadcrumb\":{\"@id\":\"https:\/\/dream-balloon.com\/where-to-play-the-balloon-slot\/#breadcrumb\"},\"inLanguage\":\"es-ES\",\"potentialAction\":[{\"@type\":\"ReadAction\",\"target\":[\"https:\/\/dream-balloon.com\/where-to-play-the-balloon-slot\/\"]}]},{\"@type\":\"BreadcrumbList\",\"@id\":\"https:\/\/dream-balloon.com\/where-to-play-the-balloon-slot\/#breadcrumb\",\"itemListElement\":[{\"@type\":\"ListItem\",\"position\":1,\"name\":\"Home\",\"item\":\"https:\/\/dream-balloon.com\/fr\/\"},{\"@type\":\"ListItem\",\"position\":2,\"name\":\"\u0413\u0434\u0435 \u0438\u0433\u0440\u0430\u0442\u044c \u0432 \u0441\u043b\u043e\u0442 Balloon\"}]},{\"@type\":\"WebSite\",\"@id\":\"https:\/\/dream-balloon.com\/#website\",\"url\":\"https:\/\/dream-balloon.com\/\",\"name\":\"Balloon\",\"description\":\"\",\"publisher\":{\"@id\":\"https:\/\/dream-balloon.com\/#organization\"},\"potentialAction\":[{\"@type\":\"SearchAction\",\"target\":{\"@type\":\"EntryPoint\",\"urlTemplate\":\"https:\/\/dream-balloon.com\/?s={search_term_string}\"},\"query-input\":{\"@type\":\"PropertyValueSpecification\",\"valueRequired\":true,\"valueName\":\"search_term_string\"}}],\"inLanguage\":\"es-ES\"},{\"@type\":\"Organization\",\"@id\":\"https:\/\/dream-balloon.com\/#organization\",\"name\":\"Balloon\",\"url\":\"https:\/\/dream-balloon.com\/\",\"logo\":{\"@type\":\"ImageObject\",\"inLanguage\":\"es-ES\",\"@id\":\"https:\/\/dream-balloon.com\/#\/schema\/logo\/image\/\",\"url\":\"https:\/\/dream-balloon.com\/wp-content\/uploads\/balloon-logo.png\",\"contentUrl\":\"https:\/\/dream-balloon.com\/wp-content\/uploads\/balloon-logo.png\",\"width\":470,\"height\":228,\"caption\":\"Balloon\"},\"image\":{\"@id\":\"https:\/\/dream-balloon.com\/#\/schema\/logo\/image\/\"}}]}<\/script>\n<!-- \/ Yoast SEO plugin. -->","yoast_head_json":{"title":"\u0420\u0435\u0433\u0438\u0441\u0442\u0440\u0430\u0446\u0438\u044f \u043d\u0430 \u043e\u0444\u0438\u0446\u0438\u0430\u043b\u044c\u043d\u043e\u043c \u0441\u0430\u0439\u0442\u0435 \u0434\u043b\u044f \u0438\u0433\u0440\u044b \u0432 Balloon","description":"D\u00f3nde jugar y registrarse en el casino en l\u00ednea para el juego de crash Balloon. Juega y gana ahora.","robots":{"index":"index","follow":"follow","max-snippet":"max-snippet:-1","max-image-preview":"max-image-preview:large","max-video-preview":"max-video-preview:-1"},"canonical":"https:\/\/dream-balloon.com\/es\/where-to-play-the-balloon-slot\/","og_locale":"es_ES","og_type":"article","og_title":"\u0420\u0435\u0433\u0438\u0441\u0442\u0440\u0430\u0446\u0438\u044f \u043d\u0430 \u043e\u0444\u0438\u0446\u0438\u0430\u043b\u044c\u043d\u043e\u043c \u0441\u0430\u0439\u0442\u0435 \u0434\u043b\u044f \u0438\u0433\u0440\u044b \u0432 Balloon","og_description":"\u0413\u0434\u0435 \u0438\u0433\u0440\u0430\u0442\u044c \u0438 \u0440\u0435\u0433\u0438\u0441\u0442\u0440\u0430\u0446\u0438\u044f \u0432 \u043e\u043d\u043b\u0430\u0439\u043d \u043a\u0430\u0437\u0438\u043d\u043e \u0432 \u043a\u0440\u0430\u0448 \u0438\u0433\u0440\u0435 Balloon. \u0418\u0433\u0440\u0430\u0442\u044c \u0438 \u043f\u043e\u0431\u0435\u0436\u0434\u0430\u0442\u044c \u0443\u0436\u0435 \u0441\u0435\u0439\u0447\u0430\u0441","og_url":"https:\/\/dream-balloon.com\/es\/where-to-play-the-balloon-slot\/","og_site_name":"Balloon","article_modified_time":"2024-03-02T15:06:03+00:00","twitter_card":"summary_large_image","twitter_misc":{"Tiempo de lectura":"9 minutos"},"schema":{"@context":"https:\/\/schema.org","@graph":[{"@type":"WebPage","@id":"https:\/\/dream-balloon.com\/where-to-play-the-balloon-slot\/","url":"https:\/\/dream-balloon.com\/where-to-play-the-balloon-slot\/","name":"\u0420\u0435\u0433\u0438\u0441\u0442\u0440\u0430\u0446\u0438\u044f \u043d\u0430 \u043e\u0444\u0438\u0446\u0438\u0430\u043b\u044c\u043d\u043e\u043c \u0441\u0430\u0439\u0442\u0435 \u0434\u043b\u044f \u0438\u0433\u0440\u044b \u0432 Balloon","isPartOf":{"@id":"https:\/\/dream-balloon.com\/#website"},"datePublished":"2024-01-27T02:46:12+00:00","dateModified":"2024-03-02T15:06:03+00:00","description":"\u0413\u0434\u0435 \u0438\u0433\u0440\u0430\u0442\u044c \u0438 \u0440\u0435\u0433\u0438\u0441\u0442\u0440\u0430\u0446\u0438\u044f \u0432 \u043e\u043d\u043b\u0430\u0439\u043d \u043a\u0430\u0437\u0438\u043d\u043e \u0432 \u043a\u0440\u0430\u0448 \u0438\u0433\u0440\u0435 Balloon. \u0418\u0433\u0440\u0430\u0442\u044c \u0438 \u043f\u043e\u0431\u0435\u0436\u0434\u0430\u0442\u044c \u0443\u0436\u0435 \u0441\u0435\u0439\u0447\u0430\u0441","breadcrumb":{"@id":"https:\/\/dream-balloon.com\/where-to-play-the-balloon-slot\/#breadcrumb"},"inLanguage":"es-ES","potentialAction":[{"@type":"ReadAction","target":["https:\/\/dream-balloon.com\/where-to-play-the-balloon-slot\/"]}]},{"@type":"BreadcrumbList","@id":"https:\/\/dream-balloon.com\/where-to-play-the-balloon-slot\/#breadcrumb","itemListElement":[{"@type":"ListItem","position":1,"name":"Home","item":"https:\/\/dream-balloon.com\/fr\/"},{"@type":"ListItem","position":2,"name":"\u0413\u0434\u0435 \u0438\u0433\u0440\u0430\u0442\u044c \u0432 \u0441\u043b\u043e\u0442 Balloon"}]},{"@type":"WebSite","@id":"https:\/\/dream-balloon.com\/#website","url":"https:\/\/dream-balloon.com\/","name":"Balloon","description":"","publisher":{"@id":"https:\/\/dream-balloon.com\/#organization"},"potentialAction":[{"@type":"SearchAction","target":{"@type":"EntryPoint","urlTemplate":"https:\/\/dream-balloon.com\/?s={search_term_string}"},"query-input":{"@type":"PropertyValueSpecification","valueRequired":true,"valueName":"search_term_string"}}],"inLanguage":"es-ES"},{"@type":"Organization","@id":"https:\/\/dream-balloon.com\/#organization","name":"Balloon","url":"https:\/\/dream-balloon.com\/","logo":{"@type":"ImageObject","inLanguage":"es-ES","@id":"https:\/\/dream-balloon.com\/#\/schema\/logo\/image\/","url":"https:\/\/dream-balloon.com\/wp-content\/uploads\/balloon-logo.png","contentUrl":"https:\/\/dream-balloon.com\/wp-content\/uploads\/balloon-logo.png","width":470,"height":228,"caption":"Balloon"},"image":{"@id":"https:\/\/dream-balloon.com\/#\/schema\/logo\/image\/"}}]}},"_links":{"self":[{"href":"https:\/\/dream-balloon.com\/es\/wp-json\/wp\/v2\/pages\/8","targetHints":{"allow":["GET"]}}],"collection":[{"href":"https:\/\/dream-balloon.com\/es\/wp-json\/wp\/v2\/pages"}],"about":[{"href":"https:\/\/dream-balloon.com\/es\/wp-json\/wp\/v2\/types\/page"}],"author":[{"embeddable":true,"href":"https:\/\/dream-balloon.com\/es\/wp-json\/wp\/v2\/users\/1"}],"replies":[{"embeddable":true,"href":"https:\/\/dream-balloon.com\/es\/wp-json\/wp\/v2\/comments?post=8"}],"version-history":[{"count":12,"href":"https:\/\/dream-balloon.com\/es\/wp-json\/wp\/v2\/pages\/8\/revisions"}],"predecessor-version":[{"id":94,"href":"https:\/\/dream-balloon.com\/es\/wp-json\/wp\/v2\/pages\/8\/revisions\/94"}],"wp:attachment":[{"href":"https:\/\/dream-balloon.com\/es\/wp-json\/wp\/v2\/media?parent=8"}],"curies":[{"name":"wp","href":"https:\/\/api.w.org\/{rel}","templated":true}]}}