{"id":6,"date":"2024-01-27T02:41:05","date_gmt":"2024-01-27T02:41:05","guid":{"rendered":"https:\/\/dream-balloon.com\/?page_id=6"},"modified":"2024-03-02T15:07:44","modified_gmt":"2024-03-02T15:07:44","slug":"playing-the-balloon-crash-game-at-an-online-casino","status":"publish","type":"page","link":"https:\/\/dream-balloon.com\/es\/","title":{"rendered":"Jugando al juego de crash Balloon en un casino en l\u00ednea"},"content":{"rendered":"<p>La empresa SmartSoft Gaming present\u00f3 el juego \u00fanico de colisi\u00f3n Balloon al p\u00fablico de juegos de azar en 2019. Este juego es diferente a las tragamonedas de video cl\u00e1sicas, ya que posee una mec\u00e1nica y una implementaci\u00f3n de juego poco convencionales. Los jugadores deben observar cuidadosamente la inflaci\u00f3n del globo virtual y recoger las ganancias a medida que aumentan los multiplicadores de apuestas. El juego est\u00e1 dise\u00f1ado con un dise\u00f1o atractivo y colores brillantes. Los multiplicadores en la pantalla se forman en funci\u00f3n del generador de n\u00fameros aleatorios. El crecimiento aleatorio de los multiplicadores garantiza la equidad e imprevisibilidad de cada ronda. Pero solo el jugador decide cu\u00e1ndo detener el juego y reclamar la recompensa en efectivo.<\/p>\n<h2>Trama de la tragamonedas Balloon<\/h2>\n<p>Balloon es un juego de colisi\u00f3n con una trama simple, dedicado al vuelo de un objeto virtual por la pantalla. Aparece un brillante globo aerost\u00e1tico en el campo de juego. Se eleva hacia arriba, aumentando gradualmente de tama\u00f1o. Junto con el vuelo del objeto, crecen los multiplicadores de apuestas. El momento m\u00e1s intrigante es la explosi\u00f3n inesperada del globo, que puede ocurrir en cualquier momento.<\/p>\n<p>En el juego Balloon, el desarrollador utiliz\u00f3 gr\u00e1ficos v\u00edvidos. El globo vuela contra un fondo de pantalla azul cielo. En el lado derecho hay un gran bot\u00f3n de color frambuesa con un icono de palma. El jugador debe presionar este bot\u00f3n para iniciar la m\u00e1quina tragamonedas. Los coeficientes se muestran en el propio globo en n\u00fameros blancos. Al mantener presionado el bot\u00f3n, el jugador infla el globo aerost\u00e1tico virtual. Es importante no exagerar para que el objeto no explote.<\/p>\n<h2>Caracter\u00edsticas del juego de colisi\u00f3n Balloon<\/h2>\n<p>El juego Balloon fue desarrollado por SmartSoft Gaming como un simulador. La tragamonedas no tiene carretes giratorios ni l\u00edneas de pago, ni s\u00edmbolos b\u00e1sicos y especiales. El juego no contiene bonificaciones, juegos de riesgo, botes o giros gratis. Pero debido al formato inusual del proceso de juego y buenos retornos, el juego de colisi\u00f3n es muy popular entre los visitantes del casino. Caracter\u00edsticas y caracter\u00edsticas del juego de colisi\u00f3n Balloon:<\/p>\n<ul>\n<li>Porcentaje te\u00f3rico de retorno &#8211; 96%;<\/li>\n<li>Nivel de volatilidad &#8211; no establecido;<\/li>\n<li>Tama\u00f1o m\u00ednimo de apuesta &#8211; 0.2 monedas;<\/li>\n<li>Tama\u00f1o m\u00e1ximo de apuesta &#8211; 10 monedas;<\/li>\n<li>El m\u00e1ximo ganancia de la tragamonedas &#8211; no establecido;<\/li>\n<li>Soporte en todo tipo de dispositivos modernos;<\/li>\n<li>Reglas simples, interfaz y jugabilidad;<\/li>\n<li>Disponibilidad de una versi\u00f3n demo (gratis);<\/li>\n<li>Mec\u00e1nica de juego explosiva;<\/li>\n<li>Versi\u00f3n m\u00f3vil del simulador de colisi\u00f3n;<\/li>\n<li>Crecimiento impredecible de los multiplicadores de apuestas.<\/li>\n<\/ul>\n<p>El juego Balloon es compatible tanto con dispositivos de escritorio como m\u00f3viles. El simulador se puede descargar con la aplicaci\u00f3n del casino o jugar a trav\u00e9s de un navegador sin instalar la m\u00e1quina tragamonedas. La tragamonedas est\u00e1 disponible tanto en modo de pago como en versi\u00f3n demo gratuita. El juego se puede lanzar en modo de entrenamiento en la plataforma del desarrollador o en sitios de casinos en l\u00ednea, as\u00ed como en portales asociados del proveedor dedicados a temas de juego.<\/p>\n","protected":false},"excerpt":{"rendered":"<p>La empresa SmartSoft Gaming present\u00f3 el juego \u00fanico de colisi\u00f3n Balloon al p\u00fablico de juegos de azar en 2019. Este juego es diferente a las&hellip;<\/p>\n","protected":false},"author":1,"featured_media":0,"parent":0,"menu_order":0,"comment_status":"closed","ping_status":"closed","template":"","meta":{"footnotes":""},"class_list":["post-6","page","type-page","status-publish","hentry"],"yoast_head":"<!-- This site is optimized with the Yoast SEO plugin v27.2 - https:\/\/yoast.com\/product\/yoast-seo-wordpress\/ -->\n<title>Jouez au jeu de crash Balloon dans un casino.<\/title>\n<meta name=\"description\" content=\"Juega al juego Balloon en l\u00ednea. Descarga, demo, juega gratis, aplicaci\u00f3n para iPhone y Android. Juego de choque en el smartphone.\" \/>\n<meta name=\"robots\" content=\"index, follow, max-snippet:-1, max-image-preview:large, max-video-preview:-1\" \/>\n<link rel=\"canonical\" href=\"https:\/\/dream-balloon.com\/es\/\" \/>\n<meta property=\"og:locale\" content=\"es_ES\" \/>\n<meta property=\"og:locale:alternate\" content=\"ru_RU\" \/>\n<meta property=\"og:locale:alternate\" content=\"en_US\" \/>\n<meta property=\"og:locale:alternate\" content=\"pt_PT\" \/>\n<meta property=\"og:locale:alternate\" content=\"it_IT\" \/>\n<meta property=\"og:locale:alternate\" content=\"fr_FR\" \/>\n<meta property=\"og:type\" content=\"article\" \/>\n<meta property=\"og:title\" content=\"Jouez au jeu de crash Balloon dans un casino.\" \/>\n<meta property=\"og:description\" content=\"Jouez au jeu en ligne Balloon. T\u00e9l\u00e9chargez, essayez, jouez gratuitement, application iPhone et Android. Jeu de crash sur smartphone.\" \/>\n<meta property=\"og:url\" content=\"https:\/\/dream-balloon.com\/es\/\" \/>\n<meta property=\"og:site_name\" content=\"Balloon\" \/>\n<meta property=\"article:modified_time\" content=\"2024-03-02T15:07:44+00:00\" \/>\n<meta name=\"twitter:card\" content=\"summary_large_image\" \/>\n<meta name=\"twitter:label1\" content=\"Tiempo de lectura\" \/>\n\t<meta name=\"twitter:data1\" content=\"13 minutos\" \/>\n<script type=\"application\/ld+json\" class=\"yoast-schema-graph\">{\"@context\":\"https:\/\/schema.org\",\"@graph\":[{\"@type\":\"WebPage\",\"@id\":\"https:\/\/dream-balloon.com\/fr\/\",\"url\":\"https:\/\/dream-balloon.com\/fr\/\",\"name\":\"Jouez au jeu de crash Balloon dans un casino.\",\"isPartOf\":{\"@id\":\"https:\/\/dream-balloon.com\/#website\"},\"datePublished\":\"2024-01-27T02:41:05+00:00\",\"dateModified\":\"2024-03-02T15:07:44+00:00\",\"description\":\"Jouez au jeu en ligne Balloon. T\u00e9l\u00e9chargez, essayez, jouez gratuitement, application iPhone et Android. Jeu de crash sur smartphone.\",\"breadcrumb\":{\"@id\":\"https:\/\/dream-balloon.com\/fr\/#breadcrumb\"},\"inLanguage\":\"es-ES\",\"potentialAction\":[{\"@type\":\"ReadAction\",\"target\":[\"https:\/\/dream-balloon.com\/fr\/\"]}]},{\"@type\":\"BreadcrumbList\",\"@id\":\"https:\/\/dream-balloon.com\/fr\/#breadcrumb\",\"itemListElement\":[{\"@type\":\"ListItem\",\"position\":1,\"name\":\"Home\",\"item\":\"https:\/\/dream-balloon.com\/fr\/\"},{\"@type\":\"ListItem\",\"position\":2,\"name\":\"Jouer au jeu de crash Balloon dans un casino en ligne\"}]},{\"@type\":\"WebSite\",\"@id\":\"https:\/\/dream-balloon.com\/#website\",\"url\":\"https:\/\/dream-balloon.com\/\",\"name\":\"Balloon\",\"description\":\"\",\"publisher\":{\"@id\":\"https:\/\/dream-balloon.com\/#organization\"},\"potentialAction\":[{\"@type\":\"SearchAction\",\"target\":{\"@type\":\"EntryPoint\",\"urlTemplate\":\"https:\/\/dream-balloon.com\/?s={search_term_string}\"},\"query-input\":{\"@type\":\"PropertyValueSpecification\",\"valueRequired\":true,\"valueName\":\"search_term_string\"}}],\"inLanguage\":\"es-ES\"},{\"@type\":\"Organization\",\"@id\":\"https:\/\/dream-balloon.com\/#organization\",\"name\":\"Balloon\",\"url\":\"https:\/\/dream-balloon.com\/\",\"logo\":{\"@type\":\"ImageObject\",\"inLanguage\":\"es-ES\",\"@id\":\"https:\/\/dream-balloon.com\/#\/schema\/logo\/image\/\",\"url\":\"https:\/\/dream-balloon.com\/wp-content\/uploads\/balloon-logo.png\",\"contentUrl\":\"https:\/\/dream-balloon.com\/wp-content\/uploads\/balloon-logo.png\",\"width\":470,\"height\":228,\"caption\":\"Balloon\"},\"image\":{\"@id\":\"https:\/\/dream-balloon.com\/#\/schema\/logo\/image\/\"}}]}<\/script>\n<!-- \/ Yoast SEO plugin. -->","yoast_head_json":{"title":"Jouez au jeu de crash Balloon dans un casino.","description":"Juega al juego Balloon en l\u00ednea. Descarga, demo, juega gratis, aplicaci\u00f3n para iPhone y Android. Juego de choque en el smartphone.","robots":{"index":"index","follow":"follow","max-snippet":"max-snippet:-1","max-image-preview":"max-image-preview:large","max-video-preview":"max-video-preview:-1"},"canonical":"https:\/\/dream-balloon.com\/es\/","og_locale":"es_ES","og_type":"article","og_title":"Jouez au jeu de crash Balloon dans un casino.","og_description":"Jouez au jeu en ligne Balloon. T\u00e9l\u00e9chargez, essayez, jouez gratuitement, application iPhone et Android. Jeu de crash sur smartphone.","og_url":"https:\/\/dream-balloon.com\/es\/","og_site_name":"Balloon","article_modified_time":"2024-03-02T15:07:44+00:00","twitter_card":"summary_large_image","twitter_misc":{"Tiempo de lectura":"13 minutos"},"schema":{"@context":"https:\/\/schema.org","@graph":[{"@type":"WebPage","@id":"https:\/\/dream-balloon.com\/fr\/","url":"https:\/\/dream-balloon.com\/fr\/","name":"Jouez au jeu de crash Balloon dans un casino.","isPartOf":{"@id":"https:\/\/dream-balloon.com\/#website"},"datePublished":"2024-01-27T02:41:05+00:00","dateModified":"2024-03-02T15:07:44+00:00","description":"Jouez au jeu en ligne Balloon. T\u00e9l\u00e9chargez, essayez, jouez gratuitement, application iPhone et Android. Jeu de crash sur smartphone.","breadcrumb":{"@id":"https:\/\/dream-balloon.com\/fr\/#breadcrumb"},"inLanguage":"es-ES","potentialAction":[{"@type":"ReadAction","target":["https:\/\/dream-balloon.com\/fr\/"]}]},{"@type":"BreadcrumbList","@id":"https:\/\/dream-balloon.com\/fr\/#breadcrumb","itemListElement":[{"@type":"ListItem","position":1,"name":"Home","item":"https:\/\/dream-balloon.com\/fr\/"},{"@type":"ListItem","position":2,"name":"Jouer au jeu de crash Balloon dans un casino en ligne"}]},{"@type":"WebSite","@id":"https:\/\/dream-balloon.com\/#website","url":"https:\/\/dream-balloon.com\/","name":"Balloon","description":"","publisher":{"@id":"https:\/\/dream-balloon.com\/#organization"},"potentialAction":[{"@type":"SearchAction","target":{"@type":"EntryPoint","urlTemplate":"https:\/\/dream-balloon.com\/?s={search_term_string}"},"query-input":{"@type":"PropertyValueSpecification","valueRequired":true,"valueName":"search_term_string"}}],"inLanguage":"es-ES"},{"@type":"Organization","@id":"https:\/\/dream-balloon.com\/#organization","name":"Balloon","url":"https:\/\/dream-balloon.com\/","logo":{"@type":"ImageObject","inLanguage":"es-ES","@id":"https:\/\/dream-balloon.com\/#\/schema\/logo\/image\/","url":"https:\/\/dream-balloon.com\/wp-content\/uploads\/balloon-logo.png","contentUrl":"https:\/\/dream-balloon.com\/wp-content\/uploads\/balloon-logo.png","width":470,"height":228,"caption":"Balloon"},"image":{"@id":"https:\/\/dream-balloon.com\/#\/schema\/logo\/image\/"}}]}},"_links":{"self":[{"href":"https:\/\/dream-balloon.com\/es\/wp-json\/wp\/v2\/pages\/6","targetHints":{"allow":["GET"]}}],"collection":[{"href":"https:\/\/dream-balloon.com\/es\/wp-json\/wp\/v2\/pages"}],"about":[{"href":"https:\/\/dream-balloon.com\/es\/wp-json\/wp\/v2\/types\/page"}],"author":[{"embeddable":true,"href":"https:\/\/dream-balloon.com\/es\/wp-json\/wp\/v2\/users\/1"}],"replies":[{"embeddable":true,"href":"https:\/\/dream-balloon.com\/es\/wp-json\/wp\/v2\/comments?post=6"}],"version-history":[{"count":11,"href":"https:\/\/dream-balloon.com\/es\/wp-json\/wp\/v2\/pages\/6\/revisions"}],"predecessor-version":[{"id":95,"href":"https:\/\/dream-balloon.com\/es\/wp-json\/wp\/v2\/pages\/6\/revisions\/95"}],"wp:attachment":[{"href":"https:\/\/dream-balloon.com\/es\/wp-json\/wp\/v2\/media?parent=6"}],"curies":[{"name":"wp","href":"https:\/\/api.w.org\/{rel}","templated":true}]}}