{"id":14,"date":"2024-01-27T02:50:27","date_gmt":"2024-01-27T02:50:27","guid":{"rendered":"https:\/\/dream-balloon.com\/?page_id=14"},"modified":"2024-03-02T15:11:25","modified_gmt":"2024-03-02T15:11:25","slug":"game-and-betting-strategy-in-the-balloon-crash-game","status":"publish","type":"page","link":"https:\/\/dream-balloon.com\/es\/game-and-betting-strategy-in-the-balloon-crash-game\/","title":{"rendered":"Estrategia de juego y apuestas en el juego de crash Balloon"},"content":{"rendered":"<p>El juego de crash de Balloon, al igual que otros juegos de crash, representa una mezcla \u00fanica de suerte, estrategia y r\u00e1pida reacci\u00f3n. En tales juegos, el objetivo principal es maximizar las ganancias mientras se controlan simult\u00e1neamente los riesgos. Aplicar estrategias de apuestas efectivas ayuda a los jugadores no solo a aumentar sus posibilidades de \u00e9xito, sino tambi\u00e9n a mantener un saldo positivo durante una larga sesi\u00f3n de juego. Antes de utilizar cualquier estrategia en el juego real, se recomienda probar su efectividad en el modo de demostraci\u00f3n. A continuaci\u00f3n se presentan tres estrategias principales que suelen utilizar los jugadores experimentados en el juego de Balloon:<\/p>\n<ol>\n<li>\n<h3>Jugar con apuestas peque\u00f1as y riesgo m\u00ednimo:<\/h3>\n<p>Esta estrategia es perfecta para principiantes que buscan construir su bankroll minimizando los riesgos. Las apuestas peque\u00f1as permiten a los jugadores permanecer en el juego durante mucho tiempo y acumular ganancias gradualmente sin arriesgar p\u00e9rdidas financieras significativas.<\/li>\n<li>\n<h3>T\u00e1ctica de apuestas medianas:<\/h3>\n<p>Esta estrategia implica elegir apuestas de tama\u00f1o medio. Los jugadores deben determinar el tama\u00f1o de su bankroll para la sesi\u00f3n de juego con anticipaci\u00f3n y realizar apuestas que correspondan a este presupuesto. Se recomienda asegurar las ganancias al alcanzar multiplicadores promedio para garantizar un beneficio moderado y estable.<\/li>\n<li>\n<h3>Jugar con apuestas grandes:<\/h3>\n<p>Esta estrategia es adecuada para jugadores m\u00e1s experimentados y arriesgados. Implica realizar grandes apuestas, lo que puede llevar a grandes pagos, pero tambi\u00e9n aumenta el riesgo de p\u00e9rdidas. Es importante recolectar premios al alcanzar multiplicadores altos para maximizar las ganancias.<\/li>\n<\/ol>\n<p>Independientemente de la estrategia elegida, es importante practicar en modo de demostraci\u00f3n. Esto le permitir\u00e1 aprender r\u00e1pidamente a identificar el momento \u00f3ptimo para cobrar las ganancias y mejorar su habilidad para predecir el momento de la explosi\u00f3n del globo en el juego. Para los principiantes, se recomienda comenzar con apuestas bajas y aumentar gradualmente su tama\u00f1o, desarrollando confianza y experiencia.<\/p>\n<p>Antes de comenzar el juego, es necesario establecer un presupuesto claro para la sesi\u00f3n de juego y adherirse estrictamente a \u00e9l para evitar exceder el l\u00edmite del bankroll asignado. Tambi\u00e9n es importante jugar al simulador de manera responsable y disciplinada. Si las p\u00e9rdidas comienzan a acumularse, se recomienda hacer una pausa en el juego y volver a apostar m\u00e1s tarde cuando est\u00e9 de buen humor y concentrado.<\/p>\n<p>Adem\u00e1s, al recibir una gran ganancia, es aconsejable detener el juego y retirar los fondos. Esto ayudar\u00e1 a evitar la tentaci\u00f3n de gastar inmediatamente las ganancias y lo proteger\u00e1 de posibles p\u00e9rdidas en el futuro.<\/p>\n<p>Entonces, el juego exitoso en Balloon requiere no solo suerte, sino tambi\u00e9n una estrategia bien pensada, la capacidad de administrar su bankroll y la capacidad de controlar las emociones. Siguiendo estos consejos, puede mejorar significativamente sus posibilidades de \u00e9xito y hacer que el proceso de juego sea m\u00e1s agradable y seguro.<\/p>\n","protected":false},"excerpt":{"rendered":"<p>El juego de crash de Balloon, al igual que otros juegos de crash, representa una mezcla \u00fanica de suerte, estrategia y r\u00e1pida reacci\u00f3n. En tales&hellip;<\/p>\n","protected":false},"author":1,"featured_media":0,"parent":0,"menu_order":0,"comment_status":"closed","ping_status":"closed","template":"","meta":{"footnotes":""},"class_list":["post-14","page","type-page","status-publish","hentry"],"yoast_head":"<!-- This site is optimized with the Yoast SEO plugin v27.2 - https:\/\/yoast.com\/product\/yoast-seo-wordpress\/ -->\n<title>Comment jouer au jeu de crash Balloon.<\/title>\n<meta name=\"description\" content=\"Juega y gana en el juego de choque de globos. Las mejores estrategias y t\u00e1cticas para jugar.\" \/>\n<meta name=\"robots\" content=\"index, follow, max-snippet:-1, max-image-preview:large, max-video-preview:-1\" \/>\n<link rel=\"canonical\" href=\"https:\/\/dream-balloon.com\/es\/game-and-betting-strategy-in-the-balloon-crash-game\/\" \/>\n<meta property=\"og:locale\" content=\"es_ES\" \/>\n<meta property=\"og:locale:alternate\" content=\"ru_RU\" \/>\n<meta property=\"og:locale:alternate\" content=\"en_US\" \/>\n<meta property=\"og:locale:alternate\" content=\"pt_PT\" \/>\n<meta property=\"og:locale:alternate\" content=\"it_IT\" \/>\n<meta property=\"og:locale:alternate\" content=\"fr_FR\" \/>\n<meta property=\"og:type\" content=\"article\" \/>\n<meta property=\"og:title\" content=\"Comment jouer au jeu de crash Balloon.\" \/>\n<meta property=\"og:description\" content=\"Jouez et gagnez dans le jeu de crash Balloon. Meilleures strat\u00e9gies et tactiques pour jouer.\" \/>\n<meta property=\"og:url\" content=\"https:\/\/dream-balloon.com\/es\/game-and-betting-strategy-in-the-balloon-crash-game\/\" \/>\n<meta property=\"og:site_name\" content=\"Balloon\" \/>\n<meta property=\"article:modified_time\" content=\"2024-03-02T15:11:25+00:00\" \/>\n<meta name=\"twitter:card\" content=\"summary_large_image\" \/>\n<meta name=\"twitter:label1\" content=\"Tiempo de lectura\" \/>\n\t<meta name=\"twitter:data1\" content=\"12 minutos\" \/>\n<script type=\"application\/ld+json\" class=\"yoast-schema-graph\">{\"@context\":\"https:\/\/schema.org\",\"@graph\":[{\"@type\":\"WebPage\",\"@id\":\"https:\/\/dream-balloon.com\/fr\/game-and-betting-strategy-in-the-balloon-crash-game\/\",\"url\":\"https:\/\/dream-balloon.com\/fr\/game-and-betting-strategy-in-the-balloon-crash-game\/\",\"name\":\"Comment jouer au jeu de crash Balloon.\",\"isPartOf\":{\"@id\":\"https:\/\/dream-balloon.com\/#website\"},\"datePublished\":\"2024-01-27T02:50:27+00:00\",\"dateModified\":\"2024-03-02T15:11:25+00:00\",\"description\":\"Jouez et gagnez dans le jeu de crash Balloon. Meilleures strat\u00e9gies et tactiques pour jouer.\",\"breadcrumb\":{\"@id\":\"https:\/\/dream-balloon.com\/fr\/game-and-betting-strategy-in-the-balloon-crash-game\/#breadcrumb\"},\"inLanguage\":\"es-ES\",\"potentialAction\":[{\"@type\":\"ReadAction\",\"target\":[\"https:\/\/dream-balloon.com\/fr\/game-and-betting-strategy-in-the-balloon-crash-game\/\"]}]},{\"@type\":\"BreadcrumbList\",\"@id\":\"https:\/\/dream-balloon.com\/fr\/game-and-betting-strategy-in-the-balloon-crash-game\/#breadcrumb\",\"itemListElement\":[{\"@type\":\"ListItem\",\"position\":1,\"name\":\"Home\",\"item\":\"https:\/\/dream-balloon.com\/fr\/\"},{\"@type\":\"ListItem\",\"position\":2,\"name\":\"Strat\u00e9gie de jeu et de paris dans le jeu de crash Balloon\"}]},{\"@type\":\"WebSite\",\"@id\":\"https:\/\/dream-balloon.com\/#website\",\"url\":\"https:\/\/dream-balloon.com\/\",\"name\":\"Balloon\",\"description\":\"\",\"publisher\":{\"@id\":\"https:\/\/dream-balloon.com\/#organization\"},\"potentialAction\":[{\"@type\":\"SearchAction\",\"target\":{\"@type\":\"EntryPoint\",\"urlTemplate\":\"https:\/\/dream-balloon.com\/?s={search_term_string}\"},\"query-input\":{\"@type\":\"PropertyValueSpecification\",\"valueRequired\":true,\"valueName\":\"search_term_string\"}}],\"inLanguage\":\"es-ES\"},{\"@type\":\"Organization\",\"@id\":\"https:\/\/dream-balloon.com\/#organization\",\"name\":\"Balloon\",\"url\":\"https:\/\/dream-balloon.com\/\",\"logo\":{\"@type\":\"ImageObject\",\"inLanguage\":\"es-ES\",\"@id\":\"https:\/\/dream-balloon.com\/#\/schema\/logo\/image\/\",\"url\":\"https:\/\/dream-balloon.com\/wp-content\/uploads\/balloon-logo.png\",\"contentUrl\":\"https:\/\/dream-balloon.com\/wp-content\/uploads\/balloon-logo.png\",\"width\":470,\"height\":228,\"caption\":\"Balloon\"},\"image\":{\"@id\":\"https:\/\/dream-balloon.com\/#\/schema\/logo\/image\/\"}}]}<\/script>\n<!-- \/ Yoast SEO plugin. -->","yoast_head_json":{"title":"Comment jouer au jeu de crash Balloon.","description":"Juega y gana en el juego de choque de globos. Las mejores estrategias y t\u00e1cticas para jugar.","robots":{"index":"index","follow":"follow","max-snippet":"max-snippet:-1","max-image-preview":"max-image-preview:large","max-video-preview":"max-video-preview:-1"},"canonical":"https:\/\/dream-balloon.com\/es\/game-and-betting-strategy-in-the-balloon-crash-game\/","og_locale":"es_ES","og_type":"article","og_title":"Comment jouer au jeu de crash Balloon.","og_description":"Jouez et gagnez dans le jeu de crash Balloon. Meilleures strat\u00e9gies et tactiques pour jouer.","og_url":"https:\/\/dream-balloon.com\/es\/game-and-betting-strategy-in-the-balloon-crash-game\/","og_site_name":"Balloon","article_modified_time":"2024-03-02T15:11:25+00:00","twitter_card":"summary_large_image","twitter_misc":{"Tiempo de lectura":"12 minutos"},"schema":{"@context":"https:\/\/schema.org","@graph":[{"@type":"WebPage","@id":"https:\/\/dream-balloon.com\/fr\/game-and-betting-strategy-in-the-balloon-crash-game\/","url":"https:\/\/dream-balloon.com\/fr\/game-and-betting-strategy-in-the-balloon-crash-game\/","name":"Comment jouer au jeu de crash Balloon.","isPartOf":{"@id":"https:\/\/dream-balloon.com\/#website"},"datePublished":"2024-01-27T02:50:27+00:00","dateModified":"2024-03-02T15:11:25+00:00","description":"Jouez et gagnez dans le jeu de crash Balloon. Meilleures strat\u00e9gies et tactiques pour jouer.","breadcrumb":{"@id":"https:\/\/dream-balloon.com\/fr\/game-and-betting-strategy-in-the-balloon-crash-game\/#breadcrumb"},"inLanguage":"es-ES","potentialAction":[{"@type":"ReadAction","target":["https:\/\/dream-balloon.com\/fr\/game-and-betting-strategy-in-the-balloon-crash-game\/"]}]},{"@type":"BreadcrumbList","@id":"https:\/\/dream-balloon.com\/fr\/game-and-betting-strategy-in-the-balloon-crash-game\/#breadcrumb","itemListElement":[{"@type":"ListItem","position":1,"name":"Home","item":"https:\/\/dream-balloon.com\/fr\/"},{"@type":"ListItem","position":2,"name":"Strat\u00e9gie de jeu et de paris dans le jeu de crash Balloon"}]},{"@type":"WebSite","@id":"https:\/\/dream-balloon.com\/#website","url":"https:\/\/dream-balloon.com\/","name":"Balloon","description":"","publisher":{"@id":"https:\/\/dream-balloon.com\/#organization"},"potentialAction":[{"@type":"SearchAction","target":{"@type":"EntryPoint","urlTemplate":"https:\/\/dream-balloon.com\/?s={search_term_string}"},"query-input":{"@type":"PropertyValueSpecification","valueRequired":true,"valueName":"search_term_string"}}],"inLanguage":"es-ES"},{"@type":"Organization","@id":"https:\/\/dream-balloon.com\/#organization","name":"Balloon","url":"https:\/\/dream-balloon.com\/","logo":{"@type":"ImageObject","inLanguage":"es-ES","@id":"https:\/\/dream-balloon.com\/#\/schema\/logo\/image\/","url":"https:\/\/dream-balloon.com\/wp-content\/uploads\/balloon-logo.png","contentUrl":"https:\/\/dream-balloon.com\/wp-content\/uploads\/balloon-logo.png","width":470,"height":228,"caption":"Balloon"},"image":{"@id":"https:\/\/dream-balloon.com\/#\/schema\/logo\/image\/"}}]}},"_links":{"self":[{"href":"https:\/\/dream-balloon.com\/es\/wp-json\/wp\/v2\/pages\/14","targetHints":{"allow":["GET"]}}],"collection":[{"href":"https:\/\/dream-balloon.com\/es\/wp-json\/wp\/v2\/pages"}],"about":[{"href":"https:\/\/dream-balloon.com\/es\/wp-json\/wp\/v2\/types\/page"}],"author":[{"embeddable":true,"href":"https:\/\/dream-balloon.com\/es\/wp-json\/wp\/v2\/users\/1"}],"replies":[{"embeddable":true,"href":"https:\/\/dream-balloon.com\/es\/wp-json\/wp\/v2\/comments?post=14"}],"version-history":[{"count":14,"href":"https:\/\/dream-balloon.com\/es\/wp-json\/wp\/v2\/pages\/14\/revisions"}],"predecessor-version":[{"id":98,"href":"https:\/\/dream-balloon.com\/es\/wp-json\/wp\/v2\/pages\/14\/revisions\/98"}],"wp:attachment":[{"href":"https:\/\/dream-balloon.com\/es\/wp-json\/wp\/v2\/media?parent=14"}],"curies":[{"name":"wp","href":"https:\/\/api.w.org\/{rel}","templated":true}]}}