{"id":12,"date":"2024-01-27T02:49:34","date_gmt":"2024-01-27T02:49:34","guid":{"rendered":"https:\/\/dream-balloon.com\/?page_id=12"},"modified":"2024-03-02T15:08:57","modified_gmt":"2024-03-02T15:08:57","slug":"how-to-download-the-balloon-game","status":"publish","type":"page","link":"https:\/\/dream-balloon.com\/es\/how-to-download-the-balloon-game\/","title":{"rendered":"C\u00f3mo descargar el juego Balloon"},"content":{"rendered":"<p>Las m\u00e1quinas tragamonedas modernas son compatibles tanto en dispositivos de escritorio como en dispositivos m\u00f3viles. Los jugadores pueden instalar las tragamonedas en sus dispositivos y jugar en cualquier momento conveniente siempre que tengan una conexi\u00f3n a Internet estable. El simulador de Balloon se puede instalar en una PC, smartphone, tableta o laptop con sistemas operativos populares como Windows, Android e iOS. Sin embargo, la descarga de la tragamonedas de video debe realizarse junto con la aplicaci\u00f3n del casino donde esta tragamonedas est\u00e9 disponible para su descarga. Para hacer esto, necesitas:<\/p>\n<ol>\n<li>Elegir un establecimiento virtual;<\/li>\n<li>Ir al sitio web oficial;<\/li>\n<li>Completar un registro r\u00e1pido;<\/li>\n<li>Ir a tu cuenta personal;<\/li>\n<li>Recargar el saldo de tu cuenta de juego;<\/li>\n<li>Activar los bonos disponibles;<\/li>\n<li>Encontrar el bot\u00f3n de descarga;<\/li>\n<li>Instalar la aplicaci\u00f3n del casino;<\/li>\n<li>Iniciar sesi\u00f3n con tu nombre de usuario y contrase\u00f1a;<\/li>\n<li>Encontrar la tragamonedas de Balloon en el cat\u00e1logo;<\/li>\n<li>Unirte al proceso de juego.<\/li>\n<\/ol>\n<p>La opci\u00f3n de descargar el simulador por separado sin la aplicaci\u00f3n del casino no est\u00e1 disponible. Si instalas el juego a trav\u00e9s de servicios de aplicaciones m\u00f3viles gratuitas, solo podr\u00e1s realizar apuestas en modo de demostraci\u00f3n. No es necesario descargar el juego en tu dispositivo: la tragamonedas es compatible con dispositivos m\u00f3viles y de escritorio incluso sin instalaci\u00f3n. Simplemente visita tu casino en l\u00ednea favorito y selecciona la m\u00e1quina tragamonedas, luego elige si quieres jugar al simulador por dinero real o monedas virtuales.<\/p>\n","protected":false},"excerpt":{"rendered":"<p>Las m\u00e1quinas tragamonedas modernas son compatibles tanto en dispositivos de escritorio como en dispositivos m\u00f3viles. Los jugadores pueden instalar las tragamonedas en sus dispositivos y&hellip;<\/p>\n","protected":false},"author":1,"featured_media":0,"parent":0,"menu_order":0,"comment_status":"closed","ping_status":"closed","template":"","meta":{"footnotes":""},"class_list":["post-12","page","type-page","status-publish","hentry"],"yoast_head":"<!-- This site is optimized with the Yoast SEO plugin v27.2 - https:\/\/yoast.com\/product\/yoast-seo-wordpress\/ -->\n<title>\u0421\u043a\u0430\u0447\u0430\u0442\u044c \u043a\u0440\u0430\u0448 \u0438\u0433\u0440\u0443 Balloon<\/title>\n<meta name=\"description\" content=\"Download the Balloon crash game on iPhone, Android, tablet, personal computer. Downloading the game. Download and play now.\" \/>\n<meta name=\"robots\" content=\"index, follow, max-snippet:-1, max-image-preview:large, max-video-preview:-1\" \/>\n<link rel=\"canonical\" href=\"https:\/\/dream-balloon.com\/es\/how-to-download-the-balloon-game\/\" \/>\n<meta property=\"og:locale\" content=\"es_ES\" \/>\n<meta property=\"og:locale:alternate\" content=\"ru_RU\" \/>\n<meta property=\"og:locale:alternate\" content=\"en_US\" \/>\n<meta property=\"og:locale:alternate\" content=\"pt_PT\" \/>\n<meta property=\"og:locale:alternate\" content=\"it_IT\" \/>\n<meta property=\"og:locale:alternate\" content=\"fr_FR\" \/>\n<meta property=\"og:type\" content=\"article\" \/>\n<meta property=\"og:title\" content=\"\u0421\u043a\u0430\u0447\u0430\u0442\u044c \u043a\u0440\u0430\u0448 \u0438\u0433\u0440\u0443 Balloon\" \/>\n<meta property=\"og:description\" content=\"\u0421\u043a\u0430\u0447\u0430\u0442\u044c \u043a\u0440\u0430\u0448 \u0438\u0433\u0440\u0443 Balloon \u043d\u0430 \u0430\u0439\u0444\u043e\u043d, \u0430\u043d\u0434\u0440\u043e\u0438\u0434, \u043f\u043b\u0430\u043d\u0448\u0435\u0442, \u043f\u0435\u0440\u0441\u043e\u043d\u0430\u043b\u044c\u043d\u044b\u0439 \u043a\u043e\u043c\u043f\u044c\u044e\u0442\u0435\u0440. \u0421\u043a\u0430\u0447\u0438\u0432\u0430\u043d\u0438\u0435 \u0438\u0433\u0440\u044b. \u0421\u043a\u0430\u0447\u0430\u0442\u044c \u0438 \u0438\u0433\u0440\u0430\u0442\u044c \u0441\u0435\u0439\u0447\u0430\u0441\" \/>\n<meta property=\"og:url\" content=\"https:\/\/dream-balloon.com\/es\/how-to-download-the-balloon-game\/\" \/>\n<meta property=\"og:site_name\" content=\"Balloon\" \/>\n<meta property=\"article:modified_time\" content=\"2024-03-02T15:08:57+00:00\" \/>\n<meta name=\"twitter:card\" content=\"summary_large_image\" \/>\n<meta name=\"twitter:label1\" content=\"Tiempo de lectura\" \/>\n\t<meta name=\"twitter:data1\" content=\"6 minutos\" \/>\n<script type=\"application\/ld+json\" class=\"yoast-schema-graph\">{\"@context\":\"https:\/\/schema.org\",\"@graph\":[{\"@type\":\"WebPage\",\"@id\":\"https:\/\/dream-balloon.com\/how-to-download-the-balloon-game\/\",\"url\":\"https:\/\/dream-balloon.com\/how-to-download-the-balloon-game\/\",\"name\":\"\u0421\u043a\u0430\u0447\u0430\u0442\u044c \u043a\u0440\u0430\u0448 \u0438\u0433\u0440\u0443 Balloon\",\"isPartOf\":{\"@id\":\"https:\/\/dream-balloon.com\/#website\"},\"datePublished\":\"2024-01-27T02:49:34+00:00\",\"dateModified\":\"2024-03-02T15:08:57+00:00\",\"description\":\"\u0421\u043a\u0430\u0447\u0430\u0442\u044c \u043a\u0440\u0430\u0448 \u0438\u0433\u0440\u0443 Balloon \u043d\u0430 \u0430\u0439\u0444\u043e\u043d, \u0430\u043d\u0434\u0440\u043e\u0438\u0434, \u043f\u043b\u0430\u043d\u0448\u0435\u0442, \u043f\u0435\u0440\u0441\u043e\u043d\u0430\u043b\u044c\u043d\u044b\u0439 \u043a\u043e\u043c\u043f\u044c\u044e\u0442\u0435\u0440. \u0421\u043a\u0430\u0447\u0438\u0432\u0430\u043d\u0438\u0435 \u0438\u0433\u0440\u044b. \u0421\u043a\u0430\u0447\u0430\u0442\u044c \u0438 \u0438\u0433\u0440\u0430\u0442\u044c \u0441\u0435\u0439\u0447\u0430\u0441\",\"breadcrumb\":{\"@id\":\"https:\/\/dream-balloon.com\/how-to-download-the-balloon-game\/#breadcrumb\"},\"inLanguage\":\"es-ES\",\"potentialAction\":[{\"@type\":\"ReadAction\",\"target\":[\"https:\/\/dream-balloon.com\/how-to-download-the-balloon-game\/\"]}]},{\"@type\":\"BreadcrumbList\",\"@id\":\"https:\/\/dream-balloon.com\/how-to-download-the-balloon-game\/#breadcrumb\",\"itemListElement\":[{\"@type\":\"ListItem\",\"position\":1,\"name\":\"Home\",\"item\":\"https:\/\/dream-balloon.com\/fr\/\"},{\"@type\":\"ListItem\",\"position\":2,\"name\":\"\u041a\u0430\u043a \u0441\u043a\u0430\u0447\u0430\u0442\u044c \u0438\u0433\u0440\u0443 Balloon\"}]},{\"@type\":\"WebSite\",\"@id\":\"https:\/\/dream-balloon.com\/#website\",\"url\":\"https:\/\/dream-balloon.com\/\",\"name\":\"Balloon\",\"description\":\"\",\"publisher\":{\"@id\":\"https:\/\/dream-balloon.com\/#organization\"},\"potentialAction\":[{\"@type\":\"SearchAction\",\"target\":{\"@type\":\"EntryPoint\",\"urlTemplate\":\"https:\/\/dream-balloon.com\/?s={search_term_string}\"},\"query-input\":{\"@type\":\"PropertyValueSpecification\",\"valueRequired\":true,\"valueName\":\"search_term_string\"}}],\"inLanguage\":\"es-ES\"},{\"@type\":\"Organization\",\"@id\":\"https:\/\/dream-balloon.com\/#organization\",\"name\":\"Balloon\",\"url\":\"https:\/\/dream-balloon.com\/\",\"logo\":{\"@type\":\"ImageObject\",\"inLanguage\":\"es-ES\",\"@id\":\"https:\/\/dream-balloon.com\/#\/schema\/logo\/image\/\",\"url\":\"https:\/\/dream-balloon.com\/wp-content\/uploads\/balloon-logo.png\",\"contentUrl\":\"https:\/\/dream-balloon.com\/wp-content\/uploads\/balloon-logo.png\",\"width\":470,\"height\":228,\"caption\":\"Balloon\"},\"image\":{\"@id\":\"https:\/\/dream-balloon.com\/#\/schema\/logo\/image\/\"}}]}<\/script>\n<!-- \/ Yoast SEO plugin. -->","yoast_head_json":{"title":"\u0421\u043a\u0430\u0447\u0430\u0442\u044c \u043a\u0440\u0430\u0448 \u0438\u0433\u0440\u0443 Balloon","description":"Download the Balloon crash game on iPhone, Android, tablet, personal computer. Downloading the game. Download and play now.","robots":{"index":"index","follow":"follow","max-snippet":"max-snippet:-1","max-image-preview":"max-image-preview:large","max-video-preview":"max-video-preview:-1"},"canonical":"https:\/\/dream-balloon.com\/es\/how-to-download-the-balloon-game\/","og_locale":"es_ES","og_type":"article","og_title":"\u0421\u043a\u0430\u0447\u0430\u0442\u044c \u043a\u0440\u0430\u0448 \u0438\u0433\u0440\u0443 Balloon","og_description":"\u0421\u043a\u0430\u0447\u0430\u0442\u044c \u043a\u0440\u0430\u0448 \u0438\u0433\u0440\u0443 Balloon \u043d\u0430 \u0430\u0439\u0444\u043e\u043d, \u0430\u043d\u0434\u0440\u043e\u0438\u0434, \u043f\u043b\u0430\u043d\u0448\u0435\u0442, \u043f\u0435\u0440\u0441\u043e\u043d\u0430\u043b\u044c\u043d\u044b\u0439 \u043a\u043e\u043c\u043f\u044c\u044e\u0442\u0435\u0440. \u0421\u043a\u0430\u0447\u0438\u0432\u0430\u043d\u0438\u0435 \u0438\u0433\u0440\u044b. \u0421\u043a\u0430\u0447\u0430\u0442\u044c \u0438 \u0438\u0433\u0440\u0430\u0442\u044c \u0441\u0435\u0439\u0447\u0430\u0441","og_url":"https:\/\/dream-balloon.com\/es\/how-to-download-the-balloon-game\/","og_site_name":"Balloon","article_modified_time":"2024-03-02T15:08:57+00:00","twitter_card":"summary_large_image","twitter_misc":{"Tiempo de lectura":"6 minutos"},"schema":{"@context":"https:\/\/schema.org","@graph":[{"@type":"WebPage","@id":"https:\/\/dream-balloon.com\/how-to-download-the-balloon-game\/","url":"https:\/\/dream-balloon.com\/how-to-download-the-balloon-game\/","name":"\u0421\u043a\u0430\u0447\u0430\u0442\u044c \u043a\u0440\u0430\u0448 \u0438\u0433\u0440\u0443 Balloon","isPartOf":{"@id":"https:\/\/dream-balloon.com\/#website"},"datePublished":"2024-01-27T02:49:34+00:00","dateModified":"2024-03-02T15:08:57+00:00","description":"\u0421\u043a\u0430\u0447\u0430\u0442\u044c \u043a\u0440\u0430\u0448 \u0438\u0433\u0440\u0443 Balloon \u043d\u0430 \u0430\u0439\u0444\u043e\u043d, \u0430\u043d\u0434\u0440\u043e\u0438\u0434, \u043f\u043b\u0430\u043d\u0448\u0435\u0442, \u043f\u0435\u0440\u0441\u043e\u043d\u0430\u043b\u044c\u043d\u044b\u0439 \u043a\u043e\u043c\u043f\u044c\u044e\u0442\u0435\u0440. \u0421\u043a\u0430\u0447\u0438\u0432\u0430\u043d\u0438\u0435 \u0438\u0433\u0440\u044b. \u0421\u043a\u0430\u0447\u0430\u0442\u044c \u0438 \u0438\u0433\u0440\u0430\u0442\u044c \u0441\u0435\u0439\u0447\u0430\u0441","breadcrumb":{"@id":"https:\/\/dream-balloon.com\/how-to-download-the-balloon-game\/#breadcrumb"},"inLanguage":"es-ES","potentialAction":[{"@type":"ReadAction","target":["https:\/\/dream-balloon.com\/how-to-download-the-balloon-game\/"]}]},{"@type":"BreadcrumbList","@id":"https:\/\/dream-balloon.com\/how-to-download-the-balloon-game\/#breadcrumb","itemListElement":[{"@type":"ListItem","position":1,"name":"Home","item":"https:\/\/dream-balloon.com\/fr\/"},{"@type":"ListItem","position":2,"name":"\u041a\u0430\u043a \u0441\u043a\u0430\u0447\u0430\u0442\u044c \u0438\u0433\u0440\u0443 Balloon"}]},{"@type":"WebSite","@id":"https:\/\/dream-balloon.com\/#website","url":"https:\/\/dream-balloon.com\/","name":"Balloon","description":"","publisher":{"@id":"https:\/\/dream-balloon.com\/#organization"},"potentialAction":[{"@type":"SearchAction","target":{"@type":"EntryPoint","urlTemplate":"https:\/\/dream-balloon.com\/?s={search_term_string}"},"query-input":{"@type":"PropertyValueSpecification","valueRequired":true,"valueName":"search_term_string"}}],"inLanguage":"es-ES"},{"@type":"Organization","@id":"https:\/\/dream-balloon.com\/#organization","name":"Balloon","url":"https:\/\/dream-balloon.com\/","logo":{"@type":"ImageObject","inLanguage":"es-ES","@id":"https:\/\/dream-balloon.com\/#\/schema\/logo\/image\/","url":"https:\/\/dream-balloon.com\/wp-content\/uploads\/balloon-logo.png","contentUrl":"https:\/\/dream-balloon.com\/wp-content\/uploads\/balloon-logo.png","width":470,"height":228,"caption":"Balloon"},"image":{"@id":"https:\/\/dream-balloon.com\/#\/schema\/logo\/image\/"}}]}},"_links":{"self":[{"href":"https:\/\/dream-balloon.com\/es\/wp-json\/wp\/v2\/pages\/12","targetHints":{"allow":["GET"]}}],"collection":[{"href":"https:\/\/dream-balloon.com\/es\/wp-json\/wp\/v2\/pages"}],"about":[{"href":"https:\/\/dream-balloon.com\/es\/wp-json\/wp\/v2\/types\/page"}],"author":[{"embeddable":true,"href":"https:\/\/dream-balloon.com\/es\/wp-json\/wp\/v2\/users\/1"}],"replies":[{"embeddable":true,"href":"https:\/\/dream-balloon.com\/es\/wp-json\/wp\/v2\/comments?post=12"}],"version-history":[{"count":12,"href":"https:\/\/dream-balloon.com\/es\/wp-json\/wp\/v2\/pages\/12\/revisions"}],"predecessor-version":[{"id":99,"href":"https:\/\/dream-balloon.com\/es\/wp-json\/wp\/v2\/pages\/12\/revisions\/99"}],"wp:attachment":[{"href":"https:\/\/dream-balloon.com\/es\/wp-json\/wp\/v2\/media?parent=12"}],"curies":[{"name":"wp","href":"https:\/\/api.w.org\/{rel}","templated":true}]}}