{"id":10,"date":"2024-01-27T02:48:47","date_gmt":"2024-01-27T02:48:47","guid":{"rendered":"https:\/\/dream-balloon.com\/?page_id=10"},"modified":"2024-03-02T15:10:20","modified_gmt":"2024-03-02T15:10:20","slug":"reviews-from-real-players-about-the-balloon-crash-game","status":"publish","type":"page","link":"https:\/\/dream-balloon.com\/es\/reviews-from-real-players-about-the-balloon-crash-game\/","title":{"rendered":"Rese\u00f1as de jugadores reales sobre el juego de crash Balloon"},"content":{"rendered":"<p>Antes de comenzar a jugar en un casino en l\u00ednea, es importante recopilar tantas rese\u00f1as como sea posible para tener una comprensi\u00f3n completa del juego y las posibilidades que ofrece. Hemos recopilado opiniones de jugadores reales sobre el juego de keno Balloon. A continuaci\u00f3n, se presentan las opiniones de los jugadores.<\/p>\n<h3>El juego de keno Balloon es muy cautivador.<\/h3>\n<p>\u00a1Un juego muy atractivo! La adrenalina en el juego de keno Balloon se dispara cada vez que el globo sube m\u00e1s alto, pero siempre hay riesgo de un &#8216;choque&#8217; repentino. Una excelente manera de divertirse si juegas moderadamente y no apuestas como loco.<\/p>\n<p>Iv\u00e1n, 23 a\u00f1os<\/p>\n<h3>Reglas muy simples en el juego de keno Balloon.<\/h3>\n<p>Balloon es un juego con reglas simples, pero requiere un buen sentido del tiempo y la suerte. A veces parece que la victoria est\u00e1 cerca, pero todo cambia en un segundo. Muy f\u00e1cil de jugar.<\/p>\n<p>Anastasia, 23 a\u00f1os<\/p>\n<h3>Decepci\u00f3n en el juego de keno Balloon.<\/h3>\n<p>Estoy decepcionada con este juego. Demasiado depende del azar y parece que las posibilidades de ganar son irrealmente peque\u00f1as. No puedo parecer ganar en este juego.<\/p>\n<p>Maria, 20 a\u00f1os<\/p>\n<h3>Mi juego de keno Balloon favorito.<\/h3>\n<p>\u00a1Este es mi juego de keno Balloon favorito! Los gr\u00e1ficos son simples pero agradables, y la sensaci\u00f3n de riesgo es realmente cautivadora. Pero hay que recordar que sigue siendo un juego de azar.<\/p>\n<p>M\u00e1ximo, 23 a\u00f1os<\/p>\n<h3>Jugu\u00e9 y seguir\u00e9 jugando al Balloon.<\/h3>\n<p>Jugu\u00e9 Balloon varias veces y r\u00e1pidamente perd\u00ed inter\u00e9s. Al principio, parec\u00eda emocionante, pero luego me di cuenta de que se trata m\u00e1s de azar que de estrategia. Dej\u00e9 de jugar.<\/p>\n<p>Marcos, 23 a\u00f1os<\/p>\n<h3>Me gusta jugar al juego en l\u00ednea Balloon.<\/h3>\n<p>Una excelente manera de pasar el tiempo, y a veces incluso logras ganar. Pero no recomendar\u00eda invertir dinero serio en este juego. El riesgo de perder es demasiado alto.<\/p>\n<p>Elena, 23 a\u00f1os<\/p>\n<h3>El juego de keno Balloon es muy estresante.<\/h3>\n<p>\u00a1Balloon no es solo un juego, es una verdadera prueba de nervios! Incre\u00edblemente emocionante ver c\u00f3mo crecen tus ganancias, pero debes tener cuidado de detenerte a tiempo.<\/p>\n<p>Carlos, 25 a\u00f1os<\/p>\n<h3>Juego de keno Balloon.<\/h3>\n<p>El juego es interesante, pero preferir\u00eda que hubiera m\u00e1s elementos de control o estrategia. En este momento, es m\u00e1s como una loter\u00eda que un juego donde t\u00fa como jugador puedes controlar el juego.<\/p>\n<p>Miguel, 27 a\u00f1os<\/p>\n<h3>Juego de azar Balloon &#8211; no para m\u00ed.<\/h3>\n<p>Despu\u00e9s de algunos juegos de Balloon, me di cuenta de que los juegos de azar no son para m\u00ed. Demasiado estr\u00e9s e incertidumbre.<\/p>\n<p>Tamara, 20 a\u00f1os<\/p>\n<h3>Adoro el juego de keno Balloon.<\/h3>\n<p>Adoro Balloon por su din\u00e1mica e imprevisibilidad. Cada juego es \u00fanico, y eso lo hace incre\u00edblemente emocionante, aunque arriesgado.<\/p>\n<p>Chris, 21 a\u00f1os<\/p>\n","protected":false},"excerpt":{"rendered":"<p>Antes de comenzar a jugar en un casino en l\u00ednea, es importante recopilar tantas rese\u00f1as como sea posible para tener una comprensi\u00f3n completa del juego&hellip;<\/p>\n","protected":false},"author":1,"featured_media":0,"parent":0,"menu_order":0,"comment_status":"closed","ping_status":"closed","template":"","meta":{"footnotes":""},"class_list":["post-10","page","type-page","status-publish","hentry"],"yoast_head":"<!-- This site is optimized with the Yoast SEO plugin v27.2 - https:\/\/yoast.com\/product\/yoast-seo-wordpress\/ -->\n<title>\u041e\u0442\u0437\u044b\u0432\u044b \u0440\u0435\u0430\u043b\u044c\u043d\u044b\u0445 \u0438\u0433\u0440\u043e\u043a\u043e\u0432 \u043e \u043a\u0440\u0430\u0448 \u0438\u0433\u0440\u0435 Balloon<\/title>\n<meta name=\"description\" content=\"Opiniones, rese\u00f1as y descripci\u00f3n general del juego de choque Balloon para jugar con dinero real. \u00bfQu\u00e9 piensan los jugadores reales de casinos en l\u00ednea sobre el juego en l\u00ednea Balloon? Juega ahora.\" \/>\n<meta name=\"robots\" content=\"index, follow, max-snippet:-1, max-image-preview:large, max-video-preview:-1\" \/>\n<link rel=\"canonical\" href=\"https:\/\/dream-balloon.com\/es\/reviews-from-real-players-about-the-balloon-crash-game\/\" \/>\n<meta property=\"og:locale\" content=\"es_ES\" \/>\n<meta property=\"og:locale:alternate\" content=\"ru_RU\" \/>\n<meta property=\"og:locale:alternate\" content=\"en_US\" \/>\n<meta property=\"og:locale:alternate\" content=\"pt_PT\" \/>\n<meta property=\"og:locale:alternate\" content=\"it_IT\" \/>\n<meta property=\"og:locale:alternate\" content=\"fr_FR\" \/>\n<meta property=\"og:type\" content=\"article\" \/>\n<meta property=\"og:title\" content=\"\u041e\u0442\u0437\u044b\u0432\u044b \u0440\u0435\u0430\u043b\u044c\u043d\u044b\u0445 \u0438\u0433\u0440\u043e\u043a\u043e\u0432 \u043e \u043a\u0440\u0430\u0448 \u0438\u0433\u0440\u0435 Balloon\" \/>\n<meta property=\"og:description\" content=\"\u041c\u043d\u0435\u043d\u0438\u044f, \u043e\u0442\u0437\u044b\u0432\u044b \u0438 \u043e\u0431\u0437\u043e\u0440 \u043a\u0440\u0430\u0448 \u0438\u0433\u0440\u044b Balloon \u0434\u043b\u044f \u0438\u0433\u0440\u044b \u043d\u0430 \u0440\u0435\u0430\u043b\u044c\u043d\u044b\u0435 \u0434\u0435\u043d\u044c\u0433\u0438. \u0427\u0442\u043e \u0434\u0443\u043c\u0430\u044e\u0442 \u043d\u0430\u0441\u0442\u043e\u044f\u0449\u0438\u0435 \u0438\u0433\u0440\u043e\u043a\u0438 \u043e\u043d\u043b\u0430\u0439\u043d \u043a\u0430\u0437\u0438\u043d\u043e \u043e\u0431 \u043e\u043d\u043b\u0430\u0439\u043d \u0438\u0433\u0440\u0435 Balloon. \u0418\u0433\u0440\u0430\u0442\u044c \u0441\u0435\u0439\u0447\u0430\u0441\" \/>\n<meta property=\"og:url\" content=\"https:\/\/dream-balloon.com\/es\/reviews-from-real-players-about-the-balloon-crash-game\/\" \/>\n<meta property=\"og:site_name\" content=\"Balloon\" \/>\n<meta property=\"article:modified_time\" content=\"2024-03-02T15:10:20+00:00\" \/>\n<meta name=\"twitter:card\" content=\"summary_large_image\" \/>\n<meta name=\"twitter:label1\" content=\"Tiempo de lectura\" \/>\n\t<meta name=\"twitter:data1\" content=\"11 minutos\" \/>\n<script type=\"application\/ld+json\" class=\"yoast-schema-graph\">{\"@context\":\"https:\/\/schema.org\",\"@graph\":[{\"@type\":\"WebPage\",\"@id\":\"https:\/\/dream-balloon.com\/reviews-from-real-players-about-the-balloon-crash-game\/\",\"url\":\"https:\/\/dream-balloon.com\/reviews-from-real-players-about-the-balloon-crash-game\/\",\"name\":\"\u041e\u0442\u0437\u044b\u0432\u044b \u0440\u0435\u0430\u043b\u044c\u043d\u044b\u0445 \u0438\u0433\u0440\u043e\u043a\u043e\u0432 \u043e \u043a\u0440\u0430\u0448 \u0438\u0433\u0440\u0435 Balloon\",\"isPartOf\":{\"@id\":\"https:\/\/dream-balloon.com\/#website\"},\"datePublished\":\"2024-01-27T02:48:47+00:00\",\"dateModified\":\"2024-03-02T15:10:20+00:00\",\"description\":\"\u041c\u043d\u0435\u043d\u0438\u044f, \u043e\u0442\u0437\u044b\u0432\u044b \u0438 \u043e\u0431\u0437\u043e\u0440 \u043a\u0440\u0430\u0448 \u0438\u0433\u0440\u044b Balloon \u0434\u043b\u044f \u0438\u0433\u0440\u044b \u043d\u0430 \u0440\u0435\u0430\u043b\u044c\u043d\u044b\u0435 \u0434\u0435\u043d\u044c\u0433\u0438. \u0427\u0442\u043e \u0434\u0443\u043c\u0430\u044e\u0442 \u043d\u0430\u0441\u0442\u043e\u044f\u0449\u0438\u0435 \u0438\u0433\u0440\u043e\u043a\u0438 \u043e\u043d\u043b\u0430\u0439\u043d \u043a\u0430\u0437\u0438\u043d\u043e \u043e\u0431 \u043e\u043d\u043b\u0430\u0439\u043d \u0438\u0433\u0440\u0435 Balloon. \u0418\u0433\u0440\u0430\u0442\u044c \u0441\u0435\u0439\u0447\u0430\u0441\",\"breadcrumb\":{\"@id\":\"https:\/\/dream-balloon.com\/reviews-from-real-players-about-the-balloon-crash-game\/#breadcrumb\"},\"inLanguage\":\"es-ES\",\"potentialAction\":[{\"@type\":\"ReadAction\",\"target\":[\"https:\/\/dream-balloon.com\/reviews-from-real-players-about-the-balloon-crash-game\/\"]}]},{\"@type\":\"BreadcrumbList\",\"@id\":\"https:\/\/dream-balloon.com\/reviews-from-real-players-about-the-balloon-crash-game\/#breadcrumb\",\"itemListElement\":[{\"@type\":\"ListItem\",\"position\":1,\"name\":\"Home\",\"item\":\"https:\/\/dream-balloon.com\/fr\/\"},{\"@type\":\"ListItem\",\"position\":2,\"name\":\"\u041e\u0442\u0437\u044b\u0432\u044b \u0440\u0435\u0430\u043b\u044c\u043d\u044b\u0445 \u0438\u0433\u0440\u043e\u043a\u043e\u0432 \u043e \u043a\u0440\u0430\u0448 \u0438\u0433\u0440\u0435 Balloon\"}]},{\"@type\":\"WebSite\",\"@id\":\"https:\/\/dream-balloon.com\/#website\",\"url\":\"https:\/\/dream-balloon.com\/\",\"name\":\"Balloon\",\"description\":\"\",\"publisher\":{\"@id\":\"https:\/\/dream-balloon.com\/#organization\"},\"potentialAction\":[{\"@type\":\"SearchAction\",\"target\":{\"@type\":\"EntryPoint\",\"urlTemplate\":\"https:\/\/dream-balloon.com\/?s={search_term_string}\"},\"query-input\":{\"@type\":\"PropertyValueSpecification\",\"valueRequired\":true,\"valueName\":\"search_term_string\"}}],\"inLanguage\":\"es-ES\"},{\"@type\":\"Organization\",\"@id\":\"https:\/\/dream-balloon.com\/#organization\",\"name\":\"Balloon\",\"url\":\"https:\/\/dream-balloon.com\/\",\"logo\":{\"@type\":\"ImageObject\",\"inLanguage\":\"es-ES\",\"@id\":\"https:\/\/dream-balloon.com\/#\/schema\/logo\/image\/\",\"url\":\"https:\/\/dream-balloon.com\/wp-content\/uploads\/balloon-logo.png\",\"contentUrl\":\"https:\/\/dream-balloon.com\/wp-content\/uploads\/balloon-logo.png\",\"width\":470,\"height\":228,\"caption\":\"Balloon\"},\"image\":{\"@id\":\"https:\/\/dream-balloon.com\/#\/schema\/logo\/image\/\"}}]}<\/script>\n<!-- \/ Yoast SEO plugin. -->","yoast_head_json":{"title":"\u041e\u0442\u0437\u044b\u0432\u044b \u0440\u0435\u0430\u043b\u044c\u043d\u044b\u0445 \u0438\u0433\u0440\u043e\u043a\u043e\u0432 \u043e \u043a\u0440\u0430\u0448 \u0438\u0433\u0440\u0435 Balloon","description":"Opiniones, rese\u00f1as y descripci\u00f3n general del juego de choque Balloon para jugar con dinero real. \u00bfQu\u00e9 piensan los jugadores reales de casinos en l\u00ednea sobre el juego en l\u00ednea Balloon? Juega ahora.","robots":{"index":"index","follow":"follow","max-snippet":"max-snippet:-1","max-image-preview":"max-image-preview:large","max-video-preview":"max-video-preview:-1"},"canonical":"https:\/\/dream-balloon.com\/es\/reviews-from-real-players-about-the-balloon-crash-game\/","og_locale":"es_ES","og_type":"article","og_title":"\u041e\u0442\u0437\u044b\u0432\u044b \u0440\u0435\u0430\u043b\u044c\u043d\u044b\u0445 \u0438\u0433\u0440\u043e\u043a\u043e\u0432 \u043e \u043a\u0440\u0430\u0448 \u0438\u0433\u0440\u0435 Balloon","og_description":"\u041c\u043d\u0435\u043d\u0438\u044f, \u043e\u0442\u0437\u044b\u0432\u044b \u0438 \u043e\u0431\u0437\u043e\u0440 \u043a\u0440\u0430\u0448 \u0438\u0433\u0440\u044b Balloon \u0434\u043b\u044f \u0438\u0433\u0440\u044b \u043d\u0430 \u0440\u0435\u0430\u043b\u044c\u043d\u044b\u0435 \u0434\u0435\u043d\u044c\u0433\u0438. \u0427\u0442\u043e \u0434\u0443\u043c\u0430\u044e\u0442 \u043d\u0430\u0441\u0442\u043e\u044f\u0449\u0438\u0435 \u0438\u0433\u0440\u043e\u043a\u0438 \u043e\u043d\u043b\u0430\u0439\u043d \u043a\u0430\u0437\u0438\u043d\u043e \u043e\u0431 \u043e\u043d\u043b\u0430\u0439\u043d \u0438\u0433\u0440\u0435 Balloon. \u0418\u0433\u0440\u0430\u0442\u044c \u0441\u0435\u0439\u0447\u0430\u0441","og_url":"https:\/\/dream-balloon.com\/es\/reviews-from-real-players-about-the-balloon-crash-game\/","og_site_name":"Balloon","article_modified_time":"2024-03-02T15:10:20+00:00","twitter_card":"summary_large_image","twitter_misc":{"Tiempo de lectura":"11 minutos"},"schema":{"@context":"https:\/\/schema.org","@graph":[{"@type":"WebPage","@id":"https:\/\/dream-balloon.com\/reviews-from-real-players-about-the-balloon-crash-game\/","url":"https:\/\/dream-balloon.com\/reviews-from-real-players-about-the-balloon-crash-game\/","name":"\u041e\u0442\u0437\u044b\u0432\u044b \u0440\u0435\u0430\u043b\u044c\u043d\u044b\u0445 \u0438\u0433\u0440\u043e\u043a\u043e\u0432 \u043e \u043a\u0440\u0430\u0448 \u0438\u0433\u0440\u0435 Balloon","isPartOf":{"@id":"https:\/\/dream-balloon.com\/#website"},"datePublished":"2024-01-27T02:48:47+00:00","dateModified":"2024-03-02T15:10:20+00:00","description":"\u041c\u043d\u0435\u043d\u0438\u044f, \u043e\u0442\u0437\u044b\u0432\u044b \u0438 \u043e\u0431\u0437\u043e\u0440 \u043a\u0440\u0430\u0448 \u0438\u0433\u0440\u044b Balloon \u0434\u043b\u044f \u0438\u0433\u0440\u044b \u043d\u0430 \u0440\u0435\u0430\u043b\u044c\u043d\u044b\u0435 \u0434\u0435\u043d\u044c\u0433\u0438. \u0427\u0442\u043e \u0434\u0443\u043c\u0430\u044e\u0442 \u043d\u0430\u0441\u0442\u043e\u044f\u0449\u0438\u0435 \u0438\u0433\u0440\u043e\u043a\u0438 \u043e\u043d\u043b\u0430\u0439\u043d \u043a\u0430\u0437\u0438\u043d\u043e \u043e\u0431 \u043e\u043d\u043b\u0430\u0439\u043d \u0438\u0433\u0440\u0435 Balloon. \u0418\u0433\u0440\u0430\u0442\u044c \u0441\u0435\u0439\u0447\u0430\u0441","breadcrumb":{"@id":"https:\/\/dream-balloon.com\/reviews-from-real-players-about-the-balloon-crash-game\/#breadcrumb"},"inLanguage":"es-ES","potentialAction":[{"@type":"ReadAction","target":["https:\/\/dream-balloon.com\/reviews-from-real-players-about-the-balloon-crash-game\/"]}]},{"@type":"BreadcrumbList","@id":"https:\/\/dream-balloon.com\/reviews-from-real-players-about-the-balloon-crash-game\/#breadcrumb","itemListElement":[{"@type":"ListItem","position":1,"name":"Home","item":"https:\/\/dream-balloon.com\/fr\/"},{"@type":"ListItem","position":2,"name":"\u041e\u0442\u0437\u044b\u0432\u044b \u0440\u0435\u0430\u043b\u044c\u043d\u044b\u0445 \u0438\u0433\u0440\u043e\u043a\u043e\u0432 \u043e \u043a\u0440\u0430\u0448 \u0438\u0433\u0440\u0435 Balloon"}]},{"@type":"WebSite","@id":"https:\/\/dream-balloon.com\/#website","url":"https:\/\/dream-balloon.com\/","name":"Balloon","description":"","publisher":{"@id":"https:\/\/dream-balloon.com\/#organization"},"potentialAction":[{"@type":"SearchAction","target":{"@type":"EntryPoint","urlTemplate":"https:\/\/dream-balloon.com\/?s={search_term_string}"},"query-input":{"@type":"PropertyValueSpecification","valueRequired":true,"valueName":"search_term_string"}}],"inLanguage":"es-ES"},{"@type":"Organization","@id":"https:\/\/dream-balloon.com\/#organization","name":"Balloon","url":"https:\/\/dream-balloon.com\/","logo":{"@type":"ImageObject","inLanguage":"es-ES","@id":"https:\/\/dream-balloon.com\/#\/schema\/logo\/image\/","url":"https:\/\/dream-balloon.com\/wp-content\/uploads\/balloon-logo.png","contentUrl":"https:\/\/dream-balloon.com\/wp-content\/uploads\/balloon-logo.png","width":470,"height":228,"caption":"Balloon"},"image":{"@id":"https:\/\/dream-balloon.com\/#\/schema\/logo\/image\/"}}]}},"_links":{"self":[{"href":"https:\/\/dream-balloon.com\/es\/wp-json\/wp\/v2\/pages\/10","targetHints":{"allow":["GET"]}}],"collection":[{"href":"https:\/\/dream-balloon.com\/es\/wp-json\/wp\/v2\/pages"}],"about":[{"href":"https:\/\/dream-balloon.com\/es\/wp-json\/wp\/v2\/types\/page"}],"author":[{"embeddable":true,"href":"https:\/\/dream-balloon.com\/es\/wp-json\/wp\/v2\/users\/1"}],"replies":[{"embeddable":true,"href":"https:\/\/dream-balloon.com\/es\/wp-json\/wp\/v2\/comments?post=10"}],"version-history":[{"count":13,"href":"https:\/\/dream-balloon.com\/es\/wp-json\/wp\/v2\/pages\/10\/revisions"}],"predecessor-version":[{"id":97,"href":"https:\/\/dream-balloon.com\/es\/wp-json\/wp\/v2\/pages\/10\/revisions\/97"}],"wp:attachment":[{"href":"https:\/\/dream-balloon.com\/es\/wp-json\/wp\/v2\/media?parent=10"}],"curies":[{"name":"wp","href":"https:\/\/api.w.org\/{rel}","templated":true}]}}